{"id":166834723,"date":"2025-07-12T00:06:02","date_gmt":"2025-07-12T00:06:02","guid":{"rendered":"https:\/\/cynthiarodriguez.org\/?page_id=166834723"},"modified":"2025-09-27T10:37:15","modified_gmt":"2025-09-27T10:37:15","slug":"tierra-madre","status":"publish","type":"page","link":"https:\/\/cynthiarodriguez.org\/eng\/tierra-madre\/","title":{"rendered":"Tierra Madre"},"content":{"rendered":"<div class=\"wp-block-group alignfull has-global-padding is-content-justification-center is-layout-constrained wp-block-group-is-layout-constrained\" style=\"margin-top:0;margin-bottom:0\">\n<div class=\"wp-block-group alignwide is-layout-flow wp-block-group-is-layout-flow\">\n<div class=\"wp-block-columns alignwide is-layout-flex wp-container-core-columns-is-layout-5c8fb865 wp-block-columns-is-layout-flex\">\n<div class=\"wp-block-column is-vertically-aligned-top has-global-padding is-content-justification-left is-layout-constrained wp-container-core-column-is-layout-47039f6a wp-block-column-is-layout-constrained\">\n<figure class=\"wp-block-image alignleft size-large\"><img decoding=\"async\" src=\"https:\/\/cynthiarodriguez.org\/wp-content\/uploads\/2025\/07\/tierramadrenobg-e1752616013260.png\" alt=\"\"\/><\/figure>\n<\/div>\n\n\n\n<div class=\"wp-block-column is-vertically-aligned-center is-layout-flow wp-block-column-is-layout-flow\" style=\"flex-basis:50%\">\n<h2 class=\"wp-block-heading\">Feet on the ground, eyes on the sky.<\/h2>\n<\/div>\n<\/div>\n\n\n\n<p>Spiritual counselling and celebration services from a creative, analytic, ritual, subtle and mystic perspective.<\/p>\n\n\n\n<div class=\"wp-block-group alignfull is-vertical is-content-justification-left is-layout-flex wp-container-core-group-is-layout-80e9987e wp-block-group-is-layout-flex\" style=\"padding-top:var(--wp--preset--spacing--50);padding-right:var(--wp--preset--spacing--50);padding-bottom:var(--wp--preset--spacing--50);padding-left:var(--wp--preset--spacing--50)\">\n<div class=\"wp-block-columns alignwide is-layout-flex wp-container-core-columns-is-layout-08c01c1c wp-block-columns-is-layout-flex\">\n<div class=\"wp-block-column is-layout-flow wp-container-core-column-is-layout-119bc444 wp-block-column-is-layout-flow\">\n<div class=\"wp-block-group is-nowrap is-layout-flex wp-container-core-group-is-layout-877c468d wp-block-group-is-layout-flex\">\n<div class=\"wp-block-group is-vertical is-content-justification-center is-nowrap is-layout-flex wp-container-core-group-is-layout-c16b434d wp-block-group-is-layout-flex\">\n<figure class=\"wp-block-image size-large is-resized\"><img loading=\"lazy\" decoding=\"async\" width=\"1024\" height=\"577\" src=\"https:\/\/cynthiarodriguez.org\/wp-content\/uploads\/2025\/09\/20250908_093300-1024x577.jpg\" alt=\"\" class=\"wp-image-166835394\" style=\"aspect-ratio:3\/4;object-fit:cover;width:200px\" srcset=\"https:\/\/cynthiarodriguez.org\/wp-content\/uploads\/2025\/09\/20250908_093300-1024x577.jpg 1024w, https:\/\/cynthiarodriguez.org\/wp-content\/uploads\/2025\/09\/20250908_093300-300x169.jpg 300w, https:\/\/cynthiarodriguez.org\/wp-content\/uploads\/2025\/09\/20250908_093300-768x432.jpg 768w, https:\/\/cynthiarodriguez.org\/wp-content\/uploads\/2025\/09\/20250908_093300-1536x865.jpg 1536w, https:\/\/cynthiarodriguez.org\/wp-content\/uploads\/2025\/09\/20250908_093300-2048x1153.jpg 2048w, https:\/\/cynthiarodriguez.org\/wp-content\/uploads\/2025\/09\/20250908_093300-18x10.jpg 18w\" sizes=\"auto, (max-width: 1024px) 100vw, 1024px\" \/><\/figure>\n\n\n\n<h2 class=\"wp-block-heading\"><a href=\"https:\/\/cynthiarodriguez.org\/eng\/tarot\/\" data-type=\"page\" data-id=\"166835386\"><strong>Tarot<\/strong><\/a><\/h2>\n\n\n\n<p>Tarot and oracle readings from a mystical and subtle angle, but with a realistic, intuitive and actionable focus.<\/p>\n<\/div>\n\n\n\n<div class=\"wp-block-group is-vertical is-content-justification-center is-nowrap is-layout-flex wp-container-core-group-is-layout-1d1043ca wp-block-group-is-layout-flex\">\n<figure class=\"wp-block-image size-large is-resized\"><img loading=\"lazy\" decoding=\"async\" width=\"1024\" height=\"576\" src=\"https:\/\/cynthiarodriguez.org\/wp-content\/uploads\/2025\/07\/luz-mendoza-Bq-QlxGgWPM-unsplash-e17526160832821-1024x576.jpg\" alt=\"\" class=\"wp-image-166834762\" style=\"aspect-ratio:3\/4;object-fit:cover;width:200px\" srcset=\"https:\/\/cynthiarodriguez.org\/wp-content\/uploads\/2025\/07\/luz-mendoza-Bq-QlxGgWPM-unsplash-e17526160832821-1024x576.jpg 1024w, https:\/\/cynthiarodriguez.org\/wp-content\/uploads\/2025\/07\/luz-mendoza-Bq-QlxGgWPM-unsplash-e17526160832821-300x169.jpg 300w, https:\/\/cynthiarodriguez.org\/wp-content\/uploads\/2025\/07\/luz-mendoza-Bq-QlxGgWPM-unsplash-e17526160832821-768x432.jpg 768w, https:\/\/cynthiarodriguez.org\/wp-content\/uploads\/2025\/07\/luz-mendoza-Bq-QlxGgWPM-unsplash-e17526160832821-1536x864.jpg 1536w, https:\/\/cynthiarodriguez.org\/wp-content\/uploads\/2025\/07\/luz-mendoza-Bq-QlxGgWPM-unsplash-e17526160832821-18x10.jpg 18w, https:\/\/cynthiarodriguez.org\/wp-content\/uploads\/2025\/07\/luz-mendoza-Bq-QlxGgWPM-unsplash-e17526160832821.jpg 1843w\" sizes=\"auto, (max-width: 1024px) 100vw, 1024px\" \/><\/figure>\n\n\n\n<h2 class=\"wp-block-heading has-text-align-center\"><a href=\"https:\/\/cynthiarodriguez.org\/eng\/ceremonias\/\" data-type=\"page\" data-id=\"166835391\"><strong>Ceremonias<\/strong><\/a><\/h2>\n\n\n\n<p>I'll be with you to celebrate and commemorate rites of passage in your life and that of your loved ones.<\/p>\n<\/div>\n<\/div>\n<\/div>\n<\/div>\n<\/div>\n\n\n\n<h2 class=\"wp-block-heading has-text-align-center\"><strong>Spirit blog posts<\/strong><\/h2>\n\n\n\n<p>Texts about magick, tarot, ceremonies, discoveries about the self and their relationship to nature and surroundings.<\/p>\n\n\n\n<p>Anything that is felt and experimented from a spiritual, mystical and subtle stage.<\/p>\n\n\n<ul class=\"wp-block-latest-posts__list is-grid columns-3 has-dates alignwide wp-block-latest-posts\"><li><div class=\"wp-block-latest-posts__featured-image aligncenter\"><img loading=\"lazy\" decoding=\"async\" width=\"300\" height=\"225\" src=\"https:\/\/cynthiarodriguez.org\/wp-content\/uploads\/2025\/11\/lidia-stawinska-Xye70khVnPA-unsplash-300x225.jpg\" class=\"attachment-medium size-medium wp-post-image\" alt=\"\" style=\"\" srcset=\"https:\/\/cynthiarodriguez.org\/wp-content\/uploads\/2025\/11\/lidia-stawinska-Xye70khVnPA-unsplash-300x225.jpg 300w, https:\/\/cynthiarodriguez.org\/wp-content\/uploads\/2025\/11\/lidia-stawinska-Xye70khVnPA-unsplash-1024x768.jpg 1024w, https:\/\/cynthiarodriguez.org\/wp-content\/uploads\/2025\/11\/lidia-stawinska-Xye70khVnPA-unsplash-768x576.jpg 768w, https:\/\/cynthiarodriguez.org\/wp-content\/uploads\/2025\/11\/lidia-stawinska-Xye70khVnPA-unsplash-1536x1152.jpg 1536w, https:\/\/cynthiarodriguez.org\/wp-content\/uploads\/2025\/11\/lidia-stawinska-Xye70khVnPA-unsplash-16x12.jpg 16w, https:\/\/cynthiarodriguez.org\/wp-content\/uploads\/2025\/11\/lidia-stawinska-Xye70khVnPA-unsplash.jpg 1920w\" sizes=\"auto, (max-width: 300px) 100vw, 300px\" \/><\/div><a class=\"wp-block-latest-posts__post-title\" href=\"https:\/\/cynthiarodriguez.org\/eng\/2025\/11\/17\/impertenencia-atemporal\/\">Impertenencia atemporal<\/a><time datetime=\"2025-11-17T12:38:51+00:00\" class=\"wp-block-latest-posts__post-date\">17 November, 2025<\/time><\/li>\n<li><div class=\"wp-block-latest-posts__featured-image aligncenter\"><img loading=\"lazy\" decoding=\"async\" width=\"225\" height=\"300\" src=\"https:\/\/cynthiarodriguez.org\/wp-content\/uploads\/2025\/11\/20251110_130104-225x300.jpg\" class=\"attachment-medium size-medium wp-post-image\" alt=\"\" style=\"\" srcset=\"https:\/\/cynthiarodriguez.org\/wp-content\/uploads\/2025\/11\/20251110_130104-225x300.jpg 225w, https:\/\/cynthiarodriguez.org\/wp-content\/uploads\/2025\/11\/20251110_130104-768x1024.jpg 768w, https:\/\/cynthiarodriguez.org\/wp-content\/uploads\/2025\/11\/20251110_130104-1152x1536.jpg 1152w, https:\/\/cynthiarodriguez.org\/wp-content\/uploads\/2025\/11\/20251110_130104-1536x2048.jpg 1536w, https:\/\/cynthiarodriguez.org\/wp-content\/uploads\/2025\/11\/20251110_130104-9x12.jpg 9w, https:\/\/cynthiarodriguez.org\/wp-content\/uploads\/2025\/11\/20251110_130104-scaled.jpg 1920w\" sizes=\"auto, (max-width: 225px) 100vw, 225px\" \/><\/div><a class=\"wp-block-latest-posts__post-title\" href=\"https:\/\/cynthiarodriguez.org\/eng\/2025\/11\/10\/pedi-un-milagro-y-se-presento\/\">Ped\u00ed un milagro y se present\u00f3<\/a><time datetime=\"2025-11-10T15:04:01+00:00\" class=\"wp-block-latest-posts__post-date\">10 November, 2025<\/time><\/li>\n<li><div class=\"wp-block-latest-posts__featured-image aligncenter\"><img loading=\"lazy\" decoding=\"async\" width=\"213\" height=\"300\" src=\"https:\/\/cynthiarodriguez.org\/wp-content\/uploads\/2025\/11\/especial-noviembre-213x300.png\" class=\"attachment-medium size-medium wp-post-image\" alt=\"\" style=\"\" srcset=\"https:\/\/cynthiarodriguez.org\/wp-content\/uploads\/2025\/11\/especial-noviembre-213x300.png 213w, https:\/\/cynthiarodriguez.org\/wp-content\/uploads\/2025\/11\/especial-noviembre-726x1024.png 726w, https:\/\/cynthiarodriguez.org\/wp-content\/uploads\/2025\/11\/especial-noviembre-768x1083.png 768w, https:\/\/cynthiarodriguez.org\/wp-content\/uploads\/2025\/11\/especial-noviembre-1090x1536.png 1090w, https:\/\/cynthiarodriguez.org\/wp-content\/uploads\/2025\/11\/especial-noviembre-9x12.png 9w, https:\/\/cynthiarodriguez.org\/wp-content\/uploads\/2025\/11\/especial-noviembre.png 1240w\" sizes=\"auto, (max-width: 213px) 100vw, 213px\" \/><\/div><a class=\"wp-block-latest-posts__post-title\" href=\"https:\/\/cynthiarodriguez.org\/eng\/2025\/11\/04\/lectura-de-tres-cartas-200-todo-noviembre\/\">Three card reading \u00a38 all November<\/a><time datetime=\"2025-11-04T13:37:01+00:00\" class=\"wp-block-latest-posts__post-date\">4 November, 2025<\/time><\/li>\n<li><div class=\"wp-block-latest-posts__featured-image aligncenter\"><img loading=\"lazy\" decoding=\"async\" width=\"300\" height=\"169\" src=\"https:\/\/cynthiarodriguez.org\/wp-content\/uploads\/2025\/10\/tierra-madre-tarot-oracle-readings-prettiez-leicester-300x169.jpg\" class=\"attachment-medium size-medium wp-post-image\" alt=\"\" style=\"\" srcset=\"https:\/\/cynthiarodriguez.org\/wp-content\/uploads\/2025\/10\/tierra-madre-tarot-oracle-readings-prettiez-leicester-300x169.jpg 300w, https:\/\/cynthiarodriguez.org\/wp-content\/uploads\/2025\/10\/tierra-madre-tarot-oracle-readings-prettiez-leicester-1024x577.jpg 1024w, https:\/\/cynthiarodriguez.org\/wp-content\/uploads\/2025\/10\/tierra-madre-tarot-oracle-readings-prettiez-leicester-768x432.jpg 768w, https:\/\/cynthiarodriguez.org\/wp-content\/uploads\/2025\/10\/tierra-madre-tarot-oracle-readings-prettiez-leicester-1536x865.jpg 1536w, https:\/\/cynthiarodriguez.org\/wp-content\/uploads\/2025\/10\/tierra-madre-tarot-oracle-readings-prettiez-leicester-2048x1153.jpg 2048w, https:\/\/cynthiarodriguez.org\/wp-content\/uploads\/2025\/10\/tierra-madre-tarot-oracle-readings-prettiez-leicester-18x10.jpg 18w\" sizes=\"auto, (max-width: 300px) 100vw, 300px\" \/><\/div><a class=\"wp-block-latest-posts__post-title\" href=\"https:\/\/cynthiarodriguez.org\/eng\/2025\/10\/26\/especial-de-samhain\/\">Samhain Special<\/a><time datetime=\"2025-10-26T21:21:24+00:00\" class=\"wp-block-latest-posts__post-date\">26 October, 2025<\/time><\/li>\n<li><div class=\"wp-block-latest-posts__featured-image aligncenter\"><img loading=\"lazy\" decoding=\"async\" width=\"300\" height=\"169\" src=\"https:\/\/cynthiarodriguez.org\/wp-content\/uploads\/2025\/10\/lectura-luna-nueva-octubre-2025-300x169.jpg\" class=\"attachment-medium size-medium wp-post-image\" alt=\"\" style=\"\" srcset=\"https:\/\/cynthiarodriguez.org\/wp-content\/uploads\/2025\/10\/lectura-luna-nueva-octubre-2025-300x169.jpg 300w, https:\/\/cynthiarodriguez.org\/wp-content\/uploads\/2025\/10\/lectura-luna-nueva-octubre-2025-1024x577.jpg 1024w, https:\/\/cynthiarodriguez.org\/wp-content\/uploads\/2025\/10\/lectura-luna-nueva-octubre-2025-768x432.jpg 768w, https:\/\/cynthiarodriguez.org\/wp-content\/uploads\/2025\/10\/lectura-luna-nueva-octubre-2025-1536x865.jpg 1536w, https:\/\/cynthiarodriguez.org\/wp-content\/uploads\/2025\/10\/lectura-luna-nueva-octubre-2025-2048x1153.jpg 2048w, https:\/\/cynthiarodriguez.org\/wp-content\/uploads\/2025\/10\/lectura-luna-nueva-octubre-2025-18x10.jpg 18w\" sizes=\"auto, (max-width: 300px) 100vw, 300px\" \/><\/div><a class=\"wp-block-latest-posts__post-title\" href=\"https:\/\/cynthiarodriguez.org\/eng\/2025\/10\/20\/lectura-de-luna-nueva-tarot-y-oraculo-de-la-diosa\/\">New moon reading: tarot and goddess oracle<\/a><time datetime=\"2025-10-20T17:45:11+00:00\" class=\"wp-block-latest-posts__post-date\">20 October, 2025<\/time><\/li>\n<li><div class=\"wp-block-latest-posts__featured-image aligncenter\"><img loading=\"lazy\" decoding=\"async\" width=\"300\" height=\"169\" src=\"https:\/\/cynthiarodriguez.org\/wp-content\/uploads\/2025\/10\/20251008_183923-300x169.jpg\" class=\"attachment-medium size-medium wp-post-image\" alt=\"\" style=\"\" srcset=\"https:\/\/cynthiarodriguez.org\/wp-content\/uploads\/2025\/10\/20251008_183923-300x169.jpg 300w, https:\/\/cynthiarodriguez.org\/wp-content\/uploads\/2025\/10\/20251008_183923-1024x577.jpg 1024w, https:\/\/cynthiarodriguez.org\/wp-content\/uploads\/2025\/10\/20251008_183923-768x432.jpg 768w, https:\/\/cynthiarodriguez.org\/wp-content\/uploads\/2025\/10\/20251008_183923-1536x865.jpg 1536w, https:\/\/cynthiarodriguez.org\/wp-content\/uploads\/2025\/10\/20251008_183923-2048x1153.jpg 2048w, https:\/\/cynthiarodriguez.org\/wp-content\/uploads\/2025\/10\/20251008_183923-18x10.jpg 18w\" sizes=\"auto, (max-width: 300px) 100vw, 300px\" \/><\/div><a class=\"wp-block-latest-posts__post-title\" href=\"https:\/\/cynthiarodriguez.org\/eng\/2025\/10\/13\/lectura-de-la-superluna-del-cazador\/\">Hunter's supermoon reading<\/a><time datetime=\"2025-10-13T11:36:05+00:00\" class=\"wp-block-latest-posts__post-date\">13 October, 2025<\/time><\/li>\n<\/ul>\n\n\n<div class=\"wp-block-buttons is-content-justification-center is-layout-flex wp-container-core-buttons-is-layout-a89b3969 wp-block-buttons-is-layout-flex\">\n<div class=\"wp-block-button\"><a class=\"wp-block-button__link wp-element-button\" href=\"https:\/\/cynthiarodriguez.org\/eng\/category\/espiritu\/\">More at Do it for Her<\/a><\/div>\n<\/div>\n<\/div>\n<\/div>\n\n\n\n<div class=\"wp-block-columns has-base-2-background-color has-background is-layout-flex wp-container-core-columns-is-layout-28f84493 wp-block-columns-is-layout-flex\">\n<div class=\"wp-block-column is-layout-flow wp-block-column-is-layout-flow\" style=\"flex-basis:50%\">\n<div class=\"wp-block-cover aligncenter is-light\"><span aria-hidden=\"true\" class=\"wp-block-cover__background has-background-dim-100 has-background-dim\" style=\"background-color:#f6f6f6\"><\/span><div class=\"wp-block-cover__inner-container is-layout-flow wp-block-cover-is-layout-flow\">\n<figure class=\"wp-block-image aligncenter size-medium is-resized\"><img loading=\"lazy\" decoding=\"async\" width=\"169\" height=\"300\" src=\"https:\/\/cynthiarodriguez.org\/wp-content\/uploads\/2025\/07\/e8b0aa7b-f693-41af-b0a5-1b2eced29c3c_4000x2252-169x300.jpeg\" alt=\"\" class=\"wp-image-166834925\" style=\"width:234px;height:auto\" srcset=\"https:\/\/cynthiarodriguez.org\/wp-content\/uploads\/2025\/07\/e8b0aa7b-f693-41af-b0a5-1b2eced29c3c_4000x2252-169x300.jpeg 169w, https:\/\/cynthiarodriguez.org\/wp-content\/uploads\/2025\/07\/e8b0aa7b-f693-41af-b0a5-1b2eced29c3c_4000x2252-577x1024.jpeg 577w, https:\/\/cynthiarodriguez.org\/wp-content\/uploads\/2025\/07\/e8b0aa7b-f693-41af-b0a5-1b2eced29c3c_4000x2252-768x1364.jpeg 768w, https:\/\/cynthiarodriguez.org\/wp-content\/uploads\/2025\/07\/e8b0aa7b-f693-41af-b0a5-1b2eced29c3c_4000x2252-865x1536.jpeg 865w, https:\/\/cynthiarodriguez.org\/wp-content\/uploads\/2025\/07\/e8b0aa7b-f693-41af-b0a5-1b2eced29c3c_4000x2252-1153x2048.jpeg 1153w, https:\/\/cynthiarodriguez.org\/wp-content\/uploads\/2025\/07\/e8b0aa7b-f693-41af-b0a5-1b2eced29c3c_4000x2252-7x12.jpeg 7w, https:\/\/cynthiarodriguez.org\/wp-content\/uploads\/2025\/07\/e8b0aa7b-f693-41af-b0a5-1b2eced29c3c_4000x2252-scaled.jpeg 1441w\" sizes=\"auto, (max-width: 169px) 100vw, 169px\" \/><\/figure>\n<\/div><\/div>\n<\/div>\n\n\n\n<div class=\"wp-block-column is-vertically-aligned-top is-layout-flow wp-block-column-is-layout-flow\" style=\"padding-top:1em;padding-right:1em;padding-bottom:1em;padding-left:1em\">\n<div class=\"wp-block-columns is-layout-flex wp-container-core-columns-is-layout-28f84493 wp-block-columns-is-layout-flex\">\n<div class=\"wp-block-column is-layout-flow wp-block-column-is-layout-flow\" style=\"flex-basis:320px\">\n<h3 class=\"wp-block-heading\"><strong>Note from the webmaster <\/strong><br><strong>(that is, me)<\/strong><\/h3>\n\n\n\n<p>This page, just like the rest of the website, is in constant development. I will soon add translations, events calendar, presentation videos, reviews\/testimonials, shopping, and more.<\/p>\n<\/div>\n<\/div>\n<\/div>\n<\/div>","protected":false},"excerpt":{"rendered":"<p>Los pies en la tierra, la mirada en el cielo. Servicios de consejer\u00eda y celebraci\u00f3n espiritual desde lo creativo, lo anal\u00edtico, lo ritual, lo sutil y lo m\u00edstico. Tarot Lectura [&hellip;]<\/p>\n","protected":false},"author":1,"featured_media":0,"parent":0,"menu_order":0,"comment_status":"closed","ping_status":"closed","template":"","meta":{"_EventAllDay":false,"_EventTimezone":"","_EventStartDate":"","_EventEndDate":"","_EventStartDateUTC":"","_EventEndDateUTC":"","_EventShowMap":false,"_EventShowMapLink":false,"_EventURL":"","_EventCost":"","_EventCostDescription":"","_EventCurrencySymbol":"","_EventCurrencyCode":"","_EventCurrencyPosition":"","_EventDateTimeSeparator":"","_EventTimeRangeSeparator":"","_EventOrganizerID":[],"_EventVenueID":[],"_OrganizerEmail":"","_OrganizerPhone":"","_OrganizerWebsite":"","_VenueAddress":"","_VenueCity":"","_VenueCountry":"","_VenueProvince":"","_VenueState":"","_VenueZip":"","_VenuePhone":"","_VenueURL":"","_VenueStateProvince":"","_VenueLat":"","_VenueLng":"","_VenueShowMap":false,"_VenueShowMapLink":false,"footnotes":""},"class_list":["post-166834723","page","type-page","status-publish","hentry"],"jetpack_sharing_enabled":true,"jetpack-related-posts":[{"id":166835386,"url":"https:\/\/cynthiarodriguez.org\/eng\/tarot\/","url_meta":{"origin":166834723,"position":0},"title":"Tarot","author":"Cynthia","date":"27 September, 2025","format":false,"excerpt":"Lectura de cartas Especial de Samhain Lectura de tres cartas de tarot de Thoth.$200 MXN Pasado\/presente\/futurocuerpo\/mente\/esp\u00edritureto\/acci\u00f3n\/resultadoetc. Lectura remota y asincr\u00f3nica directo a tu correo electr\u00f3nico. SEPARA TU LECTURA (PAYPAL Y TARJETA) SEPARA TU LECTURA (TRANSFERENCIA) Oferta v\u00e1lida hasta el 2 de noviembre del 2025. Lectura de tarot enfocada a la\u2026","rel":"","context":"Similar post","block_context":{"text":"Similar post","link":""},"img":{"alt_text":"","src":"https:\/\/i0.wp.com\/cynthiarodriguez.org\/wp-content\/uploads\/2025\/10\/Lectura-de-tarot-tres-cartas.png?resize=350%2C200&ssl=1","width":350,"height":200,"srcset":"https:\/\/i0.wp.com\/cynthiarodriguez.org\/wp-content\/uploads\/2025\/10\/Lectura-de-tarot-tres-cartas.png?resize=350%2C200&ssl=1 1x, https:\/\/i0.wp.com\/cynthiarodriguez.org\/wp-content\/uploads\/2025\/10\/Lectura-de-tarot-tres-cartas.png?resize=525%2C300&ssl=1 1.5x, https:\/\/i0.wp.com\/cynthiarodriguez.org\/wp-content\/uploads\/2025\/10\/Lectura-de-tarot-tres-cartas.png?resize=700%2C400&ssl=1 2x, https:\/\/i0.wp.com\/cynthiarodriguez.org\/wp-content\/uploads\/2025\/10\/Lectura-de-tarot-tres-cartas.png?resize=1050%2C600&ssl=1 3x"},"classes":[]}],"_links":{"self":[{"href":"https:\/\/cynthiarodriguez.org\/eng\/wp-json\/wp\/v2\/pages\/166834723","targetHints":{"allow":["GET"]}}],"collection":[{"href":"https:\/\/cynthiarodriguez.org\/eng\/wp-json\/wp\/v2\/pages"}],"about":[{"href":"https:\/\/cynthiarodriguez.org\/eng\/wp-json\/wp\/v2\/types\/page"}],"author":[{"embeddable":true,"href":"https:\/\/cynthiarodriguez.org\/eng\/wp-json\/wp\/v2\/users\/1"}],"replies":[{"embeddable":true,"href":"https:\/\/cynthiarodriguez.org\/eng\/wp-json\/wp\/v2\/comments?post=166834723"}],"version-history":[{"count":24,"href":"https:\/\/cynthiarodriguez.org\/eng\/wp-json\/wp\/v2\/pages\/166834723\/revisions"}],"predecessor-version":[{"id":166835469,"href":"https:\/\/cynthiarodriguez.org\/eng\/wp-json\/wp\/v2\/pages\/166834723\/revisions\/166835469"}],"wp:attachment":[{"href":"https:\/\/cynthiarodriguez.org\/eng\/wp-json\/wp\/v2\/media?parent=166834723"}],"curies":[{"name":"wp","href":"https:\/\/api.w.org\/{rel}","templated":true}]}}