{"id":166835367,"date":"2025-09-09T13:57:58","date_gmt":"2025-09-09T13:57:58","guid":{"rendered":"https:\/\/cynthiarodriguez.org\/?page_id=166835367"},"modified":"2025-09-27T10:13:29","modified_gmt":"2025-09-27T10:13:29","slug":"stand-up","status":"publish","type":"page","link":"https:\/\/cynthiarodriguez.org\/eng\/stand-up\/","title":{"rendered":"Stand up"},"content":{"rendered":"<div class=\"wp-block-cover alignfull is-light\" style=\"min-height:241px;aspect-ratio:unset;\"><img loading=\"lazy\" decoding=\"async\" width=\"768\" height=\"1024\" class=\"wp-block-cover__image-background wp-image-166835206 size-large\" alt=\"\" src=\"https:\/\/cynthiarodriguez.org\/wp-content\/uploads\/2025\/07\/cynthia-rodriguez-juarez-escoces-768x1024.jpg\" data-object-fit=\"cover\"\/><span aria-hidden=\"true\" class=\"wp-block-cover__background has-base-background-color has-background-dim-70 has-background-dim\"><\/span><div class=\"wp-block-cover__inner-container is-layout-flow wp-block-cover-is-layout-flow\">\n<h1 class=\"wp-block-heading has-text-align-center alignwide has-white-color has-text-color has-contrast-color has-link-color wp-elements-f1b4dd2ce359d7959c1533bbcf269383\" style=\"font-size:clamp(2.795em, 2.795rem + ((1vw - 0.2em) * 3.859), 5.4em);line-height:1\"><strong><strong>Stand-up Comedy<\/strong><\/strong><\/h1>\n<\/div><\/div>\n\n\n\n<div class=\"wp-block-group alignfull has-base-2-background-color has-background is-layout-flow wp-block-group-is-layout-flow\" style=\"padding-top:1vw;padding-right:1vw;padding-bottom:1vw;padding-left:1vw\">\n<div class=\"wp-block-group alignwide is-vertical is-content-justification-center is-nowrap is-layout-flex wp-container-core-group-is-layout-232bc1b9 wp-block-group-is-layout-flex\" style=\"padding-top:0;padding-right:0;padding-bottom:0;padding-left:0\">\n<div class=\"wp-block-columns alignwide is-layout-flex wp-container-core-columns-is-layout-c24efe4f wp-block-columns-is-layout-flex\">\n<div class=\"wp-block-column is-vertically-aligned-top is-layout-flow wp-block-column-is-layout-flow\" style=\"flex-basis:69%\">\n<figure class=\"wp-block-image aligncenter size-large is-resized\"><img loading=\"lazy\" decoding=\"async\" width=\"768\" height=\"1024\" src=\"https:\/\/cynthiarodriguez.org\/wp-content\/uploads\/2025\/07\/cynthia-rodriguez-juarez-escoces-standup-768x1024.jpg\" alt=\"\" class=\"wp-image-166835207\" style=\"aspect-ratio:3\/4;object-fit:cover;width:344px;height:auto\" srcset=\"https:\/\/cynthiarodriguez.org\/wp-content\/uploads\/2025\/07\/cynthia-rodriguez-juarez-escoces-standup-768x1024.jpg 768w, https:\/\/cynthiarodriguez.org\/wp-content\/uploads\/2025\/07\/cynthia-rodriguez-juarez-escoces-standup-225x300.jpg 225w, https:\/\/cynthiarodriguez.org\/wp-content\/uploads\/2025\/07\/cynthia-rodriguez-juarez-escoces-standup-9x12.jpg 9w, https:\/\/cynthiarodriguez.org\/wp-content\/uploads\/2025\/07\/cynthia-rodriguez-juarez-escoces-standup.jpg 960w\" sizes=\"auto, (max-width: 768px) 100vw, 768px\" \/><\/figure>\n<\/div>\n\n\n\n<div class=\"wp-block-column is-vertically-aligned-stretch is-layout-flow wp-block-column-is-layout-flow\" style=\"flex-basis:50%\">\n<p>Lately, I've also been practising doing stand up comedy. It's been a lot of fun. Sometimes all we can do is laugh.<\/p>\n\n\n\n<figure class=\"wp-block-image aligncenter size-large is-resized\"><img loading=\"lazy\" decoding=\"async\" width=\"768\" height=\"1024\" src=\"https:\/\/cynthiarodriguez.org\/wp-content\/uploads\/2025\/07\/cynthia-rodriguez-juarez-escoces-768x1024.jpg\" alt=\"\" class=\"wp-image-166835206\" style=\"aspect-ratio:1.3333333333333333;object-fit:cover;width:393px;height:auto\"\/><\/figure>\n<\/div>\n<\/div>\n<\/div>\n<\/div>\n\n\n\n<h2 class=\"wp-block-heading alignwide has-text-align-center\"><strong>Comedia en el blog<\/strong><\/h2>\n\n\n<ul class=\"wp-block-latest-posts__list is-grid columns-3 has-dates alignwide wp-block-latest-posts\"><li><div class=\"wp-block-latest-posts__featured-image aligncenter\"><img loading=\"lazy\" decoding=\"async\" width=\"300\" height=\"225\" src=\"https:\/\/cynthiarodriguez.org\/wp-content\/uploads\/2026\/03\/20260210_014223-300x225.jpg\" class=\"attachment-medium size-medium wp-post-image\" alt=\"\" style=\"\" srcset=\"https:\/\/cynthiarodriguez.org\/wp-content\/uploads\/2026\/03\/20260210_014223-300x225.jpg 300w, https:\/\/cynthiarodriguez.org\/wp-content\/uploads\/2026\/03\/20260210_014223-1024x768.jpg 1024w, https:\/\/cynthiarodriguez.org\/wp-content\/uploads\/2026\/03\/20260210_014223-768x576.jpg 768w, https:\/\/cynthiarodriguez.org\/wp-content\/uploads\/2026\/03\/20260210_014223-1536x1152.jpg 1536w, https:\/\/cynthiarodriguez.org\/wp-content\/uploads\/2026\/03\/20260210_014223-2048x1536.jpg 2048w, https:\/\/cynthiarodriguez.org\/wp-content\/uploads\/2026\/03\/20260210_014223-16x12.jpg 16w\" sizes=\"auto, (max-width: 300px) 100vw, 300px\" \/><\/div><a class=\"wp-block-latest-posts__post-title\" href=\"https:\/\/cynthiarodriguez.org\/eng\/2026\/03\/18\/simpatia-por-el-cucaracho\/\">Simpat\u00eda por el cucaracho<\/a><time datetime=\"2026-03-18T23:24:34+00:00\" class=\"wp-block-latest-posts__post-date\">18 March, 2026<\/time><\/li>\n<\/ul>\n\n\n<div class=\"wp-block-columns has-base-2-background-color has-background is-layout-flex wp-container-core-columns-is-layout-28f84493 wp-block-columns-is-layout-flex\">\n<div class=\"wp-block-column is-layout-flow wp-block-column-is-layout-flow\" style=\"flex-basis:50%\">\n<div class=\"wp-block-cover aligncenter is-light\"><span aria-hidden=\"true\" class=\"wp-block-cover__background has-background-dim-100 has-background-dim\" style=\"background-color:#f6f6f6\"><\/span><div class=\"wp-block-cover__inner-container is-layout-flow wp-block-cover-is-layout-flow\">\n<figure class=\"wp-block-image aligncenter size-medium is-resized\"><img loading=\"lazy\" decoding=\"async\" width=\"169\" height=\"300\" src=\"https:\/\/cynthiarodriguez.org\/wp-content\/uploads\/2025\/07\/e8b0aa7b-f693-41af-b0a5-1b2eced29c3c_4000x2252-169x300.jpeg\" alt=\"\" class=\"wp-image-166834925\" style=\"width:234px;height:auto\" srcset=\"https:\/\/cynthiarodriguez.org\/wp-content\/uploads\/2025\/07\/e8b0aa7b-f693-41af-b0a5-1b2eced29c3c_4000x2252-169x300.jpeg 169w, https:\/\/cynthiarodriguez.org\/wp-content\/uploads\/2025\/07\/e8b0aa7b-f693-41af-b0a5-1b2eced29c3c_4000x2252-577x1024.jpeg 577w, https:\/\/cynthiarodriguez.org\/wp-content\/uploads\/2025\/07\/e8b0aa7b-f693-41af-b0a5-1b2eced29c3c_4000x2252-768x1364.jpeg 768w, https:\/\/cynthiarodriguez.org\/wp-content\/uploads\/2025\/07\/e8b0aa7b-f693-41af-b0a5-1b2eced29c3c_4000x2252-865x1536.jpeg 865w, https:\/\/cynthiarodriguez.org\/wp-content\/uploads\/2025\/07\/e8b0aa7b-f693-41af-b0a5-1b2eced29c3c_4000x2252-1153x2048.jpeg 1153w, https:\/\/cynthiarodriguez.org\/wp-content\/uploads\/2025\/07\/e8b0aa7b-f693-41af-b0a5-1b2eced29c3c_4000x2252-7x12.jpeg 7w, https:\/\/cynthiarodriguez.org\/wp-content\/uploads\/2025\/07\/e8b0aa7b-f693-41af-b0a5-1b2eced29c3c_4000x2252-scaled.jpeg 1441w\" sizes=\"auto, (max-width: 169px) 100vw, 169px\" \/><\/figure>\n<\/div><\/div>\n<\/div>\n\n\n\n<div class=\"wp-block-column is-vertically-aligned-top is-layout-flow wp-block-column-is-layout-flow\" style=\"padding-top:1em;padding-right:1em;padding-bottom:1em;padding-left:1em\">\n<div class=\"wp-block-columns is-layout-flex wp-container-core-columns-is-layout-28f84493 wp-block-columns-is-layout-flex\">\n<div class=\"wp-block-column is-layout-flow wp-block-column-is-layout-flow\" style=\"flex-basis:320px\">\n<h3 class=\"wp-block-heading\"><strong>Note from the webmaster <\/strong><br><strong>(that is, me)<\/strong><\/h3>\n\n\n\n<p>This page, just like the rest of the website, is in constant development. I will soon add translations, events calendar, presentation videos, reviews\/testimonials, shopping, and more.<\/p>\n<\/div>\n<\/div>\n<\/div>\n<\/div>","protected":false},"excerpt":{"rendered":"<p>\u00daltimamente tambi\u00e9n he estado practicando hacer comedia de stand up. Ha sido muy divertido. A veces solo nos queda re\u00edr. Comedia en el blog<\/p>","protected":false},"author":1,"featured_media":0,"parent":0,"menu_order":0,"comment_status":"closed","ping_status":"closed","template":"","meta":{"_EventAllDay":false,"_EventTimezone":"","_EventStartDate":"","_EventEndDate":"","_EventStartDateUTC":"","_EventEndDateUTC":"","_EventShowMap":false,"_EventShowMapLink":false,"_EventURL":"","_EventCost":"","_EventCostDescription":"","_EventCurrencySymbol":"","_EventCurrencyCode":"","_EventCurrencyPosition":"","_EventDateTimeSeparator":"","_EventTimeRangeSeparator":"","_EventOrganizerID":[],"_EventVenueID":[],"_OrganizerEmail":"","_OrganizerPhone":"","_OrganizerWebsite":"","_VenueAddress":"","_VenueCity":"","_VenueCountry":"","_VenueProvince":"","_VenueState":"","_VenueZip":"","_VenuePhone":"","_VenueURL":"","_VenueStateProvince":"","_VenueLat":"","_VenueLng":"","_VenueShowMap":false,"_VenueShowMapLink":false,"footnotes":""},"class_list":["post-166835367","page","type-page","status-publish","hentry"],"jetpack_sharing_enabled":true,"jetpack-related-posts":[{"id":166835344,"url":"https:\/\/cynthiarodriguez.org\/eng\/escenarios\/","url_meta":{"origin":166835367,"position":0},"title":"Escenarios","author":"Cynthia","date":"8 September, 2025","format":false,"excerpt":"Comedia stand up \u00daltimamente tambi\u00e9n he estado practicando hacer comedia de stand up. Ha sido muy divertido. A veces solo nos queda re\u00edr.","rel":"","context":"Similar post","block_context":{"text":"Similar post","link":""},"img":{"alt_text":"","src":"https:\/\/i0.wp.com\/cynthiarodriguez.org\/wp-content\/uploads\/2025\/07\/cynthia-rodriguez-juarez-escoces-standup.jpg?resize=350%2C200&ssl=1","width":350,"height":200,"srcset":"https:\/\/i0.wp.com\/cynthiarodriguez.org\/wp-content\/uploads\/2025\/07\/cynthia-rodriguez-juarez-escoces-standup.jpg?resize=350%2C200&ssl=1 1x, https:\/\/i0.wp.com\/cynthiarodriguez.org\/wp-content\/uploads\/2025\/07\/cynthia-rodriguez-juarez-escoces-standup.jpg?resize=525%2C300&ssl=1 1.5x, https:\/\/i0.wp.com\/cynthiarodriguez.org\/wp-content\/uploads\/2025\/07\/cynthia-rodriguez-juarez-escoces-standup.jpg?resize=700%2C400&ssl=1 2x"},"classes":[]},{"id":166835353,"url":"https:\/\/cynthiarodriguez.org\/eng\/cuerpo\/","url_meta":{"origin":166835367,"position":1},"title":"Body","author":"Cynthia","date":"9 September, 2025","format":false,"excerpt":"Publicaciones y presentaciones de escritura creativa, poes\u00eda y comedia. Publicaciones Trabajos de poes\u00eda, ensayo personal y escritura creativa disponibles en formato de papel y\/o digital. Palabra hablada Poes\u00eda interpretada en escenarios internacionales de micr\u00f3fono abierto y presentaciones solistas y colectivas. Comedia Rutinas de stand-up comedy en M\u00e9xico, Reino Unido y\u2026","rel":"","context":"Similar post","block_context":{"text":"Similar post","link":""},"img":{"alt_text":"","src":"https:\/\/i0.wp.com\/cynthiarodriguez.org\/wp-content\/uploads\/2025\/07\/cynthia-rodriguez-juarez-word-poetry-e1754001073936.jpg?resize=350%2C200&ssl=1","width":350,"height":200},"classes":[]}],"_links":{"self":[{"href":"https:\/\/cynthiarodriguez.org\/eng\/wp-json\/wp\/v2\/pages\/166835367","targetHints":{"allow":["GET"]}}],"collection":[{"href":"https:\/\/cynthiarodriguez.org\/eng\/wp-json\/wp\/v2\/pages"}],"about":[{"href":"https:\/\/cynthiarodriguez.org\/eng\/wp-json\/wp\/v2\/types\/page"}],"author":[{"embeddable":true,"href":"https:\/\/cynthiarodriguez.org\/eng\/wp-json\/wp\/v2\/users\/1"}],"replies":[{"embeddable":true,"href":"https:\/\/cynthiarodriguez.org\/eng\/wp-json\/wp\/v2\/comments?post=166835367"}],"version-history":[{"count":2,"href":"https:\/\/cynthiarodriguez.org\/eng\/wp-json\/wp\/v2\/pages\/166835367\/revisions"}],"predecessor-version":[{"id":166835460,"href":"https:\/\/cynthiarodriguez.org\/eng\/wp-json\/wp\/v2\/pages\/166835367\/revisions\/166835460"}],"wp:attachment":[{"href":"https:\/\/cynthiarodriguez.org\/eng\/wp-json\/wp\/v2\/media?parent=166835367"}],"curies":[{"name":"wp","href":"https:\/\/api.w.org\/{rel}","templated":true}]}}