{"id":166835377,"date":"2025-09-09T14:05:58","date_gmt":"2025-09-09T14:05:58","guid":{"rendered":"https:\/\/cynthiarodriguez.org\/?page_id=166835377"},"modified":"2025-11-14T18:53:03","modified_gmt":"2025-11-14T18:53:03","slug":"periodismo","status":"publish","type":"page","link":"https:\/\/cynthiarodriguez.org\/eng\/periodismo\/","title":{"rendered":"Journalism"},"content":{"rendered":"<div class=\"wp-block-cover alignfull is-light\" style=\"min-height:241px;aspect-ratio:unset;\"><img loading=\"lazy\" decoding=\"async\" width=\"612\" height=\"461\" class=\"wp-block-cover__image-background wp-image-2802 size-full\" alt=\"\" src=\"https:\/\/cynthiarodriguez.org\/wp-content\/uploads\/2015\/03\/theinbetween-press.jpg\" data-object-fit=\"cover\" srcset=\"https:\/\/cynthiarodriguez.org\/wp-content\/uploads\/2015\/03\/theinbetween-press.jpg 612w, https:\/\/cynthiarodriguez.org\/wp-content\/uploads\/2015\/03\/theinbetween-press-300x226.jpg 300w\" sizes=\"auto, (max-width: 612px) 100vw, 612px\" \/><span aria-hidden=\"true\" class=\"wp-block-cover__background has-base-background-color has-background-dim-70 has-background-dim\"><\/span><div class=\"wp-block-cover__inner-container is-layout-flow wp-block-cover-is-layout-flow\">\n<h1 class=\"wp-block-heading has-text-align-center alignwide has-white-color has-text-color has-contrast-color has-link-color wp-elements-c89b11d416763fd344577bac0d318b15\" style=\"font-size:clamp(2.795em, 2.795rem + ((1vw - 0.2em) * 3.859), 5.4em);line-height:1\"><strong>Cultural journalism<\/strong><\/h1>\n<\/div><\/div>\n\n\n\n<div class=\"wp-block-jetpack-tiled-gallery aligncenter is-style-rectangular\"><div class=\"\"><div class=\"tiled-gallery__gallery\"><div class=\"tiled-gallery__row\"><div class=\"tiled-gallery__col\" style=\"flex-basis:30.26877%\"><figure class=\"tiled-gallery__item\"><a href=\"https:\/\/cynthiarodriguez.org\/eng\/?attachment_id=6423\"><img decoding=\"async\" srcset=\"https:\/\/i0.wp.com\/cynthiarodriguez.org\/wp-content\/uploads\/2024\/10\/air-Circulo-Mixup-229-by-Circulo-Mixup-Issuu.png?strip=info&#038;w=600&#038;ssl=1 600w,https:\/\/i0.wp.com\/cynthiarodriguez.org\/wp-content\/uploads\/2024\/10\/air-Circulo-Mixup-229-by-Circulo-Mixup-Issuu.png?strip=info&#038;w=624&#038;ssl=1 624w\" alt=\"\" data-height=\"704\" data-id=\"6423\" data-link=\"https:\/\/cynthiarodriguez.org\/?attachment_id=6423\" data-url=\"https:\/\/cynthiarodriguez.org\/wp-content\/uploads\/2024\/10\/air-Circulo-Mixup-229-by-Circulo-Mixup-Issuu.png\" data-width=\"624\" src=\"https:\/\/i0.wp.com\/cynthiarodriguez.org\/wp-content\/uploads\/2024\/10\/air-Circulo-Mixup-229-by-Circulo-Mixup-Issuu.png?ssl=1\" data-amp-layout=\"responsive\"\/><\/a><\/figure><\/div><div class=\"tiled-gallery__col\" style=\"flex-basis:27.04686%\"><figure class=\"tiled-gallery__item\"><a href=\"https:\/\/cynthiarodriguez.org\/eng\/epigram-2\/\"><img decoding=\"async\" srcset=\"https:\/\/i0.wp.com\/cynthiarodriguez.org\/wp-content\/uploads\/2024\/09\/epigram-811x1024.jpeg?strip=info&#038;w=600&#038;ssl=1 600w,https:\/\/i0.wp.com\/cynthiarodriguez.org\/wp-content\/uploads\/2024\/09\/epigram-811x1024.jpeg?strip=info&#038;w=900&#038;ssl=1 900w,https:\/\/i0.wp.com\/cynthiarodriguez.org\/wp-content\/uploads\/2024\/09\/epigram-811x1024.jpeg?strip=info&#038;w=1200&#038;ssl=1 1200w,https:\/\/i0.wp.com\/cynthiarodriguez.org\/wp-content\/uploads\/2024\/09\/epigram-811x1024.jpeg?strip=info&#038;w=1500&#038;ssl=1 1500w,https:\/\/i0.wp.com\/cynthiarodriguez.org\/wp-content\/uploads\/2024\/09\/epigram-811x1024.jpeg?strip=info&#038;w=1800&#038;ssl=1 1800w,https:\/\/i0.wp.com\/cynthiarodriguez.org\/wp-content\/uploads\/2024\/09\/epigram-811x1024.jpeg?strip=info&#038;w=1961&#038;ssl=1 1961w\" alt=\"\" data-height=\"2477\" data-id=\"6356\" data-link=\"https:\/\/cynthiarodriguez.org\/epigram-2\/\" data-url=\"https:\/\/cynthiarodriguez.org\/wp-content\/uploads\/2024\/09\/epigram-811x1024.jpeg\" data-width=\"1961\" src=\"https:\/\/i0.wp.com\/cynthiarodriguez.org\/wp-content\/uploads\/2024\/09\/epigram-811x1024.jpeg?ssl=1\" data-amp-layout=\"responsive\"\/><\/a><\/figure><\/div><div class=\"tiled-gallery__col\" style=\"flex-basis:23.97648%\"><figure class=\"tiled-gallery__item\"><a href=\"https:\/\/cynthiarodriguez.org\/eng\/leicsdrinker-dec-worldsend\/\"><img decoding=\"async\" srcset=\"https:\/\/i0.wp.com\/cynthiarodriguez.org\/wp-content\/uploads\/2022\/11\/leicsdrinker-dec-worldsend-718x1024.jpg?strip=info&#038;w=600&#038;ssl=1 600w,https:\/\/i0.wp.com\/cynthiarodriguez.org\/wp-content\/uploads\/2022\/11\/leicsdrinker-dec-worldsend-718x1024.jpg?strip=info&#038;w=900&#038;ssl=1 900w,https:\/\/i0.wp.com\/cynthiarodriguez.org\/wp-content\/uploads\/2022\/11\/leicsdrinker-dec-worldsend-718x1024.jpg?strip=info&#038;w=1200&#038;ssl=1 1200w,https:\/\/i0.wp.com\/cynthiarodriguez.org\/wp-content\/uploads\/2022\/11\/leicsdrinker-dec-worldsend-718x1024.jpg?strip=info&#038;w=1500&#038;ssl=1 1500w,https:\/\/i0.wp.com\/cynthiarodriguez.org\/wp-content\/uploads\/2022\/11\/leicsdrinker-dec-worldsend-718x1024.jpg?strip=info&#038;w=1734&#038;ssl=1 1734w\" alt=\"\" data-height=\"2472\" data-id=\"6200\" data-link=\"https:\/\/cynthiarodriguez.org\/leicsdrinker-dec-worldsend\/\" data-url=\"https:\/\/cynthiarodriguez.org\/wp-content\/uploads\/2022\/11\/leicsdrinker-dec-worldsend-718x1024.jpg\" data-width=\"1734\" src=\"https:\/\/i0.wp.com\/cynthiarodriguez.org\/wp-content\/uploads\/2022\/11\/leicsdrinker-dec-worldsend-718x1024.jpg?ssl=1\" data-amp-layout=\"responsive\"\/><\/a><\/figure><\/div><div class=\"tiled-gallery__col\" style=\"flex-basis:18.70790%\"><figure class=\"tiled-gallery__item\"><a href=\"https:\/\/cynthiarodriguez.org\/eng\/tatiptaplaytime\/\"><img decoding=\"async\" srcset=\"https:\/\/i0.wp.com\/cynthiarodriguez.org\/wp-content\/uploads\/2024\/10\/TatiPTAPlaytime-560x1024.png?strip=info&#038;w=600&#038;ssl=1 600w,https:\/\/i0.wp.com\/cynthiarodriguez.org\/wp-content\/uploads\/2024\/10\/TatiPTAPlaytime-560x1024.png?strip=info&#038;w=900&#038;ssl=1 900w,https:\/\/i0.wp.com\/cynthiarodriguez.org\/wp-content\/uploads\/2024\/10\/TatiPTAPlaytime-560x1024.png?strip=info&#038;w=1200&#038;ssl=1 1200w,https:\/\/i0.wp.com\/cynthiarodriguez.org\/wp-content\/uploads\/2024\/10\/TatiPTAPlaytime-560x1024.png?strip=info&#038;w=1500&#038;ssl=1 1500w,https:\/\/i0.wp.com\/cynthiarodriguez.org\/wp-content\/uploads\/2024\/10\/TatiPTAPlaytime-560x1024.png?strip=info&#038;w=1688&#038;ssl=1 1688w\" alt=\"\" data-height=\"3088\" data-id=\"6439\" data-link=\"https:\/\/cynthiarodriguez.org\/tatiptaplaytime\/\" data-url=\"https:\/\/cynthiarodriguez.org\/wp-content\/uploads\/2024\/10\/TatiPTAPlaytime-560x1024.png\" data-width=\"1688\" src=\"https:\/\/i0.wp.com\/cynthiarodriguez.org\/wp-content\/uploads\/2024\/10\/TatiPTAPlaytime-560x1024.png?ssl=1\" data-amp-layout=\"responsive\"\/><\/a><\/figure><\/div><\/div><div class=\"tiled-gallery__row\"><div class=\"tiled-gallery__col\" style=\"flex-basis:49.24538%\"><figure class=\"tiled-gallery__item\"><a href=\"https:\/\/cynthiarodriguez.org\/eng\/lapoplife-2\/\"><img decoding=\"async\" srcset=\"https:\/\/i0.wp.com\/cynthiarodriguez.org\/wp-content\/uploads\/2024\/09\/lapoplife.png?strip=info&#038;w=498&#038;ssl=1 498w\" alt=\"\" data-height=\"659\" data-id=\"6362\" data-link=\"https:\/\/cynthiarodriguez.org\/lapoplife-2\/\" data-url=\"https:\/\/cynthiarodriguez.org\/wp-content\/uploads\/2024\/09\/lapoplife.png\" data-width=\"498\" src=\"https:\/\/i0.wp.com\/cynthiarodriguez.org\/wp-content\/uploads\/2024\/09\/lapoplife.png?ssl=1\" data-amp-layout=\"responsive\"\/><\/a><\/figure><\/div><div class=\"tiled-gallery__col\" style=\"flex-basis:50.75462%\"><figure class=\"tiled-gallery__item\"><a href=\"https:\/\/cynthiarodriguez.org\/eng\/?attachment_id=6417\"><img decoding=\"async\" srcset=\"https:\/\/i0.wp.com\/cynthiarodriguez.org\/wp-content\/uploads\/2024\/10\/belles-Circulo-Mixup-212-by-Circulo-Mixup-Issuu.png?strip=info&#038;w=539&#038;ssl=1 539w\" alt=\"\" data-height=\"692\" data-id=\"6417\" data-link=\"https:\/\/cynthiarodriguez.org\/?attachment_id=6417\" data-url=\"https:\/\/cynthiarodriguez.org\/wp-content\/uploads\/2024\/10\/belles-Circulo-Mixup-212-by-Circulo-Mixup-Issuu.png\" data-width=\"539\" src=\"https:\/\/i0.wp.com\/cynthiarodriguez.org\/wp-content\/uploads\/2024\/10\/belles-Circulo-Mixup-212-by-Circulo-Mixup-Issuu.png?ssl=1\" data-amp-layout=\"responsive\"\/><\/a><\/figure><\/div><\/div><div class=\"tiled-gallery__row\"><div class=\"tiled-gallery__col\" style=\"flex-basis:67.93721%\"><figure class=\"tiled-gallery__item\"><a href=\"https:\/\/cynthiarodriguez.org\/eng\/rollerderby\/\"><img decoding=\"async\" srcset=\"https:\/\/i0.wp.com\/cynthiarodriguez.org\/wp-content\/uploads\/2024\/10\/rollerderby-1024x656.png?strip=info&#038;w=600&#038;ssl=1 600w,https:\/\/i0.wp.com\/cynthiarodriguez.org\/wp-content\/uploads\/2024\/10\/rollerderby-1024x656.png?strip=info&#038;w=900&#038;ssl=1 900w,https:\/\/i0.wp.com\/cynthiarodriguez.org\/wp-content\/uploads\/2024\/10\/rollerderby-1024x656.png?strip=info&#038;w=1039&#038;ssl=1 1039w\" alt=\"\" data-height=\"666\" data-id=\"6433\" data-link=\"https:\/\/cynthiarodriguez.org\/rollerderby\/\" data-url=\"https:\/\/cynthiarodriguez.org\/wp-content\/uploads\/2024\/10\/rollerderby-1024x656.png\" data-width=\"1039\" src=\"https:\/\/i0.wp.com\/cynthiarodriguez.org\/wp-content\/uploads\/2024\/10\/rollerderby-1024x656.png?ssl=1\" data-amp-layout=\"responsive\"\/><\/a><\/figure><\/div><div class=\"tiled-gallery__col\" style=\"flex-basis:32.06279%\"><figure class=\"tiled-gallery__item\"><a href=\"https:\/\/cynthiarodriguez.org\/eng\/?attachment_id=6419\"><img decoding=\"async\" srcset=\"https:\/\/i0.wp.com\/cynthiarodriguez.org\/wp-content\/uploads\/2024\/10\/calle13-Circulo-Mixup-213-by-Circulo-Mixup-Issuu.png?strip=info&#038;w=514&#038;ssl=1 514w\" alt=\"\" data-height=\"700\" data-id=\"6419\" data-link=\"https:\/\/cynthiarodriguez.org\/?attachment_id=6419\" data-url=\"https:\/\/cynthiarodriguez.org\/wp-content\/uploads\/2024\/10\/calle13-Circulo-Mixup-213-by-Circulo-Mixup-Issuu.png\" data-width=\"514\" src=\"https:\/\/i0.wp.com\/cynthiarodriguez.org\/wp-content\/uploads\/2024\/10\/calle13-Circulo-Mixup-213-by-Circulo-Mixup-Issuu.png?ssl=1\" data-amp-layout=\"responsive\"\/><\/a><\/figure><\/div><\/div><div class=\"tiled-gallery__row\"><div class=\"tiled-gallery__col\" style=\"flex-basis:41.63301%\"><figure class=\"tiled-gallery__item\"><a href=\"https:\/\/cynthiarodriguez.org\/eng\/a-veinte-anos-del-debut-de-manic-street-preachers-lapoplife\/\"><img decoding=\"async\" srcset=\"https:\/\/i0.wp.com\/cynthiarodriguez.org\/wp-content\/uploads\/2022\/11\/A-veinte-anos-del-debut-de-Manic-Street-Preachers-LAPOPLIFE-559x1024.png?strip=info&#038;w=600&#038;ssl=1 600w,https:\/\/i0.wp.com\/cynthiarodriguez.org\/wp-content\/uploads\/2022\/11\/A-veinte-anos-del-debut-de-Manic-Street-Preachers-LAPOPLIFE-559x1024.png?strip=info&#038;w=900&#038;ssl=1 900w,https:\/\/i0.wp.com\/cynthiarodriguez.org\/wp-content\/uploads\/2022\/11\/A-veinte-anos-del-debut-de-Manic-Street-Preachers-LAPOPLIFE-559x1024.png?strip=info&#038;w=1185&#038;ssl=1 1185w\" alt=\"\" data-height=\"2171\" data-id=\"6237\" data-link=\"https:\/\/cynthiarodriguez.org\/a-veinte-anos-del-debut-de-manic-street-preachers-lapoplife\/\" data-url=\"https:\/\/cynthiarodriguez.org\/wp-content\/uploads\/2022\/11\/A-veinte-anos-del-debut-de-Manic-Street-Preachers-LAPOPLIFE-559x1024.png\" data-width=\"1185\" src=\"https:\/\/i0.wp.com\/cynthiarodriguez.org\/wp-content\/uploads\/2022\/11\/A-veinte-anos-del-debut-de-Manic-Street-Preachers-LAPOPLIFE-559x1024.png?ssl=1\" data-amp-layout=\"responsive\"\/><\/a><\/figure><\/div><div class=\"tiled-gallery__col\" style=\"flex-basis:58.36699%\"><figure class=\"tiled-gallery__item\"><a href=\"https:\/\/cynthiarodriguez.org\/eng\/annacalvi-2\/\"><img decoding=\"async\" srcset=\"https:\/\/i0.wp.com\/cynthiarodriguez.org\/wp-content\/uploads\/2024\/09\/annacalvi-1024x663.png?strip=info&#038;w=600&#038;ssl=1 600w,https:\/\/i0.wp.com\/cynthiarodriguez.org\/wp-content\/uploads\/2024\/09\/annacalvi-1024x663.png?strip=info&#038;w=900&#038;ssl=1 900w,https:\/\/i0.wp.com\/cynthiarodriguez.org\/wp-content\/uploads\/2024\/09\/annacalvi-1024x663.png?strip=info&#038;w=1200&#038;ssl=1 1200w,https:\/\/i0.wp.com\/cynthiarodriguez.org\/wp-content\/uploads\/2024\/09\/annacalvi-1024x663.png?strip=info&#038;w=1345&#038;ssl=1 1345w\" alt=\"\" data-height=\"871\" data-id=\"6348\" data-link=\"https:\/\/cynthiarodriguez.org\/annacalvi-2\/\" data-url=\"https:\/\/cynthiarodriguez.org\/wp-content\/uploads\/2024\/09\/annacalvi-1024x663.png\" data-width=\"1345\" src=\"https:\/\/i0.wp.com\/cynthiarodriguez.org\/wp-content\/uploads\/2024\/09\/annacalvi-1024x663.png?ssl=1\" data-amp-layout=\"responsive\"\/><\/a><\/figure><figure class=\"tiled-gallery__item\"><a href=\"https:\/\/cynthiarodriguez.org\/eng\/selfie-estima\/\"><img decoding=\"async\" srcset=\"https:\/\/i0.wp.com\/cynthiarodriguez.org\/wp-content\/uploads\/2024\/10\/selfie-estima-1024x662.png?strip=info&#038;w=600&#038;ssl=1 600w,https:\/\/i0.wp.com\/cynthiarodriguez.org\/wp-content\/uploads\/2024\/10\/selfie-estima-1024x662.png?strip=info&#038;w=900&#038;ssl=1 900w,https:\/\/i0.wp.com\/cynthiarodriguez.org\/wp-content\/uploads\/2024\/10\/selfie-estima-1024x662.png?strip=info&#038;w=1037&#038;ssl=1 1037w\" alt=\"\" data-height=\"670\" data-id=\"6436\" data-link=\"https:\/\/cynthiarodriguez.org\/selfie-estima\/\" data-url=\"https:\/\/cynthiarodriguez.org\/wp-content\/uploads\/2024\/10\/selfie-estima-1024x662.png\" data-width=\"1037\" src=\"https:\/\/i0.wp.com\/cynthiarodriguez.org\/wp-content\/uploads\/2024\/10\/selfie-estima-1024x662.png?ssl=1\" data-amp-layout=\"responsive\"\/><\/a><\/figure><\/div><\/div><div class=\"tiled-gallery__row\"><div class=\"tiled-gallery__col\" style=\"flex-basis:28.82307%\"><figure class=\"tiled-gallery__item\"><a href=\"https:\/\/cynthiarodriguez.org\/eng\/?attachment_id=6412\"><img decoding=\"async\" srcset=\"https:\/\/i0.wp.com\/cynthiarodriguez.org\/wp-content\/uploads\/2024\/10\/laurie-Circulo-Mixup-208-by-Circulo-Mixup-Issuu.png?strip=info&#038;w=511&#038;ssl=1 511w\" alt=\"\" data-height=\"563\" data-id=\"6412\" data-link=\"https:\/\/cynthiarodriguez.org\/?attachment_id=6412\" data-url=\"https:\/\/cynthiarodriguez.org\/wp-content\/uploads\/2024\/10\/laurie-Circulo-Mixup-208-by-Circulo-Mixup-Issuu.png\" data-width=\"511\" src=\"https:\/\/i0.wp.com\/cynthiarodriguez.org\/wp-content\/uploads\/2024\/10\/laurie-Circulo-Mixup-208-by-Circulo-Mixup-Issuu.png?ssl=1\" data-amp-layout=\"responsive\"\/><\/a><\/figure><\/div><div class=\"tiled-gallery__col\" style=\"flex-basis:71.17693%\"><figure class=\"tiled-gallery__item\"><a href=\"https:\/\/cynthiarodriguez.org\/eng\/caribouinterview\/\"><img decoding=\"async\" srcset=\"https:\/\/i0.wp.com\/cynthiarodriguez.org\/wp-content\/uploads\/2022\/11\/caribouinterview-1024x455.png?strip=info&#038;w=600&#038;ssl=1 600w,https:\/\/i0.wp.com\/cynthiarodriguez.org\/wp-content\/uploads\/2022\/11\/caribouinterview-1024x455.png?strip=info&#038;w=900&#038;ssl=1 900w,https:\/\/i0.wp.com\/cynthiarodriguez.org\/wp-content\/uploads\/2022\/11\/caribouinterview-1024x455.png?strip=info&#038;w=1200&#038;ssl=1 1200w,https:\/\/i0.wp.com\/cynthiarodriguez.org\/wp-content\/uploads\/2022\/11\/caribouinterview-1024x455.png?strip=info&#038;w=1500&#038;ssl=1 1500w,https:\/\/i0.wp.com\/cynthiarodriguez.org\/wp-content\/uploads\/2022\/11\/caribouinterview-1024x455.png?strip=info&#038;w=1800&#038;ssl=1 1800w,https:\/\/i0.wp.com\/cynthiarodriguez.org\/wp-content\/uploads\/2022\/11\/caribouinterview-1024x455.png?strip=info&#038;w=2000&#038;ssl=1 2000w\" alt=\"\" data-height=\"1096\" data-id=\"6233\" data-link=\"https:\/\/cynthiarodriguez.org\/caribouinterview\/\" data-url=\"https:\/\/cynthiarodriguez.org\/wp-content\/uploads\/2022\/11\/caribouinterview-1024x455.png\" data-width=\"2468\" src=\"https:\/\/i0.wp.com\/cynthiarodriguez.org\/wp-content\/uploads\/2022\/11\/caribouinterview-1024x455.png?ssl=1\" data-amp-layout=\"responsive\"\/><\/a><\/figure><\/div><\/div><\/div><\/div><\/div>\n\n\n\n<div class=\"wp-block-columns has-base-2-background-color has-background is-layout-flex wp-container-core-columns-is-layout-28f84493 wp-block-columns-is-layout-flex\">\n<div class=\"wp-block-column is-layout-flow wp-block-column-is-layout-flow\" style=\"flex-basis:50%\">\n<div class=\"wp-block-cover aligncenter is-light\"><span aria-hidden=\"true\" class=\"wp-block-cover__background has-background-dim-100 has-background-dim\" style=\"background-color:#f6f6f6\"><\/span><div class=\"wp-block-cover__inner-container is-layout-flow wp-block-cover-is-layout-flow\">\n<figure class=\"wp-block-image aligncenter size-medium is-resized\"><img loading=\"lazy\" decoding=\"async\" width=\"169\" height=\"300\" src=\"https:\/\/cynthiarodriguez.org\/wp-content\/uploads\/2025\/07\/e8b0aa7b-f693-41af-b0a5-1b2eced29c3c_4000x2252-169x300.jpeg\" alt=\"\" class=\"wp-image-166834925\" style=\"width:234px;height:auto\" srcset=\"https:\/\/cynthiarodriguez.org\/wp-content\/uploads\/2025\/07\/e8b0aa7b-f693-41af-b0a5-1b2eced29c3c_4000x2252-169x300.jpeg 169w, https:\/\/cynthiarodriguez.org\/wp-content\/uploads\/2025\/07\/e8b0aa7b-f693-41af-b0a5-1b2eced29c3c_4000x2252-577x1024.jpeg 577w, https:\/\/cynthiarodriguez.org\/wp-content\/uploads\/2025\/07\/e8b0aa7b-f693-41af-b0a5-1b2eced29c3c_4000x2252-768x1364.jpeg 768w, https:\/\/cynthiarodriguez.org\/wp-content\/uploads\/2025\/07\/e8b0aa7b-f693-41af-b0a5-1b2eced29c3c_4000x2252-865x1536.jpeg 865w, https:\/\/cynthiarodriguez.org\/wp-content\/uploads\/2025\/07\/e8b0aa7b-f693-41af-b0a5-1b2eced29c3c_4000x2252-1153x2048.jpeg 1153w, https:\/\/cynthiarodriguez.org\/wp-content\/uploads\/2025\/07\/e8b0aa7b-f693-41af-b0a5-1b2eced29c3c_4000x2252-7x12.jpeg 7w, https:\/\/cynthiarodriguez.org\/wp-content\/uploads\/2025\/07\/e8b0aa7b-f693-41af-b0a5-1b2eced29c3c_4000x2252-scaled.jpeg 1441w\" sizes=\"auto, (max-width: 169px) 100vw, 169px\" \/><\/figure>\n<\/div><\/div>\n<\/div>\n\n\n\n<div class=\"wp-block-column is-vertically-aligned-top is-layout-flow wp-block-column-is-layout-flow\" style=\"padding-top:1em;padding-right:1em;padding-bottom:1em;padding-left:1em\">\n<div class=\"wp-block-columns is-layout-flex wp-container-core-columns-is-layout-28f84493 wp-block-columns-is-layout-flex\">\n<div class=\"wp-block-column is-layout-flow wp-block-column-is-layout-flow\" style=\"flex-basis:320px\">\n<h3 class=\"wp-block-heading\"><strong>Note from the webmaster <\/strong><br><strong>(that is, me)<\/strong><\/h3>\n\n\n\n<p>This page, just like the rest of the website, is in constant development. I will soon add translations, events calendar, presentation videos, reviews\/testimonials, shopping, and more.<\/p>\n<\/div>\n<\/div>\n<\/div>\n<\/div>","protected":false},"excerpt":{"rendered":"","protected":false},"author":1,"featured_media":0,"parent":0,"menu_order":0,"comment_status":"closed","ping_status":"closed","template":"","meta":{"_EventAllDay":false,"_EventTimezone":"","_EventStartDate":"","_EventEndDate":"","_EventStartDateUTC":"","_EventEndDateUTC":"","_EventShowMap":false,"_EventShowMapLink":false,"_EventURL":"","_EventCost":"","_EventCostDescription":"","_EventCurrencySymbol":"","_EventCurrencyCode":"","_EventCurrencyPosition":"","_EventDateTimeSeparator":"","_EventTimeRangeSeparator":"","_EventOrganizerID":[],"_EventVenueID":[],"_OrganizerEmail":"","_OrganizerPhone":"","_OrganizerWebsite":"","_VenueAddress":"","_VenueCity":"","_VenueCountry":"","_VenueProvince":"","_VenueState":"","_VenueZip":"","_VenuePhone":"","_VenueURL":"","_VenueStateProvince":"","_VenueLat":"","_VenueLng":"","_VenueShowMap":false,"_VenueShowMapLink":false,"footnotes":""},"class_list":["post-166835377","page","type-page","status-publish","hentry"],"jetpack_sharing_enabled":true,"jetpack-related-posts":[{"id":166834680,"url":"https:\/\/cynthiarodriguez.org\/eng\/portafolio\/","url_meta":{"origin":166835377,"position":0},"title":"Mind","author":"Cynthia","date":"7 July, 2025","format":false,"excerpt":"Ejemplos de mi trabajo en copywriting para web y redes, periodismo cultural, guionismo y traducci\u00f3n. Periodismo Rese\u00f1as, entrevistas y art\u00edculos de ensayo y reflexi\u00f3n sobre m\u00fasica, cine y cultura pop. Guionismo Guionismo e investigaci\u00f3n para documentales de corta y mediana duraci\u00f3n en YouTube. Copywriting Escritura comercial para redes y sitios\u2026","rel":"","context":"Similar post","block_context":{"text":"Similar post","link":""},"img":{"alt_text":"","src":"https:\/\/i0.wp.com\/cynthiarodriguez.org\/wp-content\/uploads\/2024\/10\/calle13-Circulo-Mixup-213-by-Circulo-Mixup-Issuu.png?resize=350%2C200&ssl=1","width":350,"height":200},"classes":[]},{"id":166835386,"url":"https:\/\/cynthiarodriguez.org\/eng\/tarot\/","url_meta":{"origin":166835377,"position":1},"title":"Tarot","author":"Cynthia","date":"27 September, 2025","format":false,"excerpt":"Lectura de cartas Especial de Samhain Lectura de tres cartas de tarot de Thoth.$200 MXN Pasado\/presente\/futurocuerpo\/mente\/esp\u00edritureto\/acci\u00f3n\/resultadoetc. Lectura remota y asincr\u00f3nica directo a tu correo electr\u00f3nico. SEPARA TU LECTURA (PAYPAL Y TARJETA) SEPARA TU LECTURA (TRANSFERENCIA) Oferta v\u00e1lida hasta el 2 de noviembre del 2025. Lectura de tarot enfocada a la\u2026","rel":"","context":"Similar post","block_context":{"text":"Similar post","link":""},"img":{"alt_text":"","src":"https:\/\/i0.wp.com\/cynthiarodriguez.org\/wp-content\/uploads\/2025\/10\/Lectura-de-tarot-tres-cartas.png?resize=350%2C200&ssl=1","width":350,"height":200,"srcset":"https:\/\/i0.wp.com\/cynthiarodriguez.org\/wp-content\/uploads\/2025\/10\/Lectura-de-tarot-tres-cartas.png?resize=350%2C200&ssl=1 1x, https:\/\/i0.wp.com\/cynthiarodriguez.org\/wp-content\/uploads\/2025\/10\/Lectura-de-tarot-tres-cartas.png?resize=525%2C300&ssl=1 1.5x, https:\/\/i0.wp.com\/cynthiarodriguez.org\/wp-content\/uploads\/2025\/10\/Lectura-de-tarot-tres-cartas.png?resize=700%2C400&ssl=1 2x, https:\/\/i0.wp.com\/cynthiarodriguez.org\/wp-content\/uploads\/2025\/10\/Lectura-de-tarot-tres-cartas.png?resize=1050%2C600&ssl=1 3x"},"classes":[]}],"_links":{"self":[{"href":"https:\/\/cynthiarodriguez.org\/eng\/wp-json\/wp\/v2\/pages\/166835377","targetHints":{"allow":["GET"]}}],"collection":[{"href":"https:\/\/cynthiarodriguez.org\/eng\/wp-json\/wp\/v2\/pages"}],"about":[{"href":"https:\/\/cynthiarodriguez.org\/eng\/wp-json\/wp\/v2\/types\/page"}],"author":[{"embeddable":true,"href":"https:\/\/cynthiarodriguez.org\/eng\/wp-json\/wp\/v2\/users\/1"}],"replies":[{"embeddable":true,"href":"https:\/\/cynthiarodriguez.org\/eng\/wp-json\/wp\/v2\/comments?post=166835377"}],"version-history":[{"count":3,"href":"https:\/\/cynthiarodriguez.org\/eng\/wp-json\/wp\/v2\/pages\/166835377\/revisions"}],"predecessor-version":[{"id":166835711,"href":"https:\/\/cynthiarodriguez.org\/eng\/wp-json\/wp\/v2\/pages\/166835377\/revisions\/166835711"}],"wp:attachment":[{"href":"https:\/\/cynthiarodriguez.org\/eng\/wp-json\/wp\/v2\/media?parent=166835377"}],"curies":[{"name":"wp","href":"https:\/\/api.w.org\/{rel}","templated":true}]}}