{"id":166835381,"date":"2025-09-09T14:07:07","date_gmt":"2025-09-09T14:07:07","guid":{"rendered":"https:\/\/cynthiarodriguez.org\/?page_id=166835381"},"modified":"2025-09-09T14:07:07","modified_gmt":"2025-09-09T14:07:07","slug":"guionismo","status":"publish","type":"page","link":"https:\/\/cynthiarodriguez.org\/eng\/guionismo\/","title":{"rendered":"Screenwriting"},"content":{"rendered":"<div class=\"wp-block-cover alignfull is-light\" style=\"min-height:241px;aspect-ratio:unset;\"><img loading=\"lazy\" decoding=\"async\" width=\"1350\" height=\"550\" class=\"wp-block-cover__image-background wp-image-166835329 size-full\" alt=\"\" src=\"https:\/\/cynthiarodriguez.org\/wp-content\/uploads\/2025\/08\/Cemex_Nature_CoverPR_1350x550.webp\" data-object-fit=\"cover\" srcset=\"https:\/\/cynthiarodriguez.org\/wp-content\/uploads\/2025\/08\/Cemex_Nature_CoverPR_1350x550.webp 1350w, https:\/\/cynthiarodriguez.org\/wp-content\/uploads\/2025\/08\/Cemex_Nature_CoverPR_1350x550-300x122.webp 300w, https:\/\/cynthiarodriguez.org\/wp-content\/uploads\/2025\/08\/Cemex_Nature_CoverPR_1350x550-1024x417.webp 1024w, https:\/\/cynthiarodriguez.org\/wp-content\/uploads\/2025\/08\/Cemex_Nature_CoverPR_1350x550-768x313.webp 768w, https:\/\/cynthiarodriguez.org\/wp-content\/uploads\/2025\/08\/Cemex_Nature_CoverPR_1350x550-18x7.webp 18w\" sizes=\"auto, (max-width: 1350px) 100vw, 1350px\" \/><span aria-hidden=\"true\" class=\"wp-block-cover__background has-base-background-color has-background-dim-70 has-background-dim\"><\/span><div class=\"wp-block-cover__inner-container is-layout-flow wp-block-cover-is-layout-flow\">\n<h1 class=\"wp-block-heading has-text-align-center alignwide has-white-color has-text-color has-contrast-color has-link-color wp-elements-72039c5ac432e4c5a77ce37090c0d012\" style=\"font-size:clamp(2.795em, 2.795rem + ((1vw - 0.2em) * 3.859), 5.4em);line-height:1\"><strong>Screenwriting<\/strong><\/h1>\n<\/div><\/div>\n\n\n\n<figure class=\"wp-block-embed is-type-video is-provider-youtube wp-block-embed-youtube wp-embed-aspect-16-9 wp-has-aspect-ratio\"><div class=\"wp-block-embed__wrapper\">\n<iframe loading=\"lazy\" title=\"El Fraude Cripto del Siglo | La Ca\u00edda de FTX y Sam Bankman-Fried\" width=\"500\" height=\"281\" src=\"https:\/\/www.youtube.com\/embed\/KTF34SmUEPU?start=1243&#038;feature=oembed\" frameborder=\"0\" allow=\"accelerometer; autoplay; clipboard-write; encrypted-media; gyroscope; picture-in-picture; web-share\" referrerpolicy=\"strict-origin-when-cross-origin\" allowfullscreen><\/iframe>\n<\/div><figcaption class=\"wp-element-caption\">Screenwriting and research for Andr\u00e9s Garza about financial scams in history.<\/figcaption><\/figure>\n\n\n\n<figure class=\"wp-block-embed is-type-video is-provider-youtube wp-block-embed-youtube wp-embed-aspect-16-9 wp-has-aspect-ratio\"><div class=\"wp-block-embed__wrapper\">\n<iframe loading=\"lazy\" title=\"Cerca de la naturaleza: Conoce a Cristina\" width=\"500\" height=\"281\" src=\"https:\/\/www.youtube.com\/embed\/qOYD208txHU?feature=oembed\" frameborder=\"0\" allow=\"accelerometer; autoplay; clipboard-write; encrypted-media; gyroscope; picture-in-picture; web-share\" referrerpolicy=\"strict-origin-when-cross-origin\" allowfullscreen><\/iframe>\n<\/div><figcaption class=\"wp-element-caption\">Storyediting for documentary about nature photographer Cristina Mittermeier.<\/figcaption><\/figure>\n\n\n\n<div class=\"wp-block-columns has-base-2-background-color has-background is-layout-flex wp-container-core-columns-is-layout-28f84493 wp-block-columns-is-layout-flex\">\n<div class=\"wp-block-column is-layout-flow wp-block-column-is-layout-flow\" style=\"flex-basis:50%\">\n<div class=\"wp-block-cover aligncenter is-light\"><span aria-hidden=\"true\" class=\"wp-block-cover__background has-background-dim-100 has-background-dim\" style=\"background-color:#f6f6f6\"><\/span><div class=\"wp-block-cover__inner-container is-layout-flow wp-block-cover-is-layout-flow\">\n<figure class=\"wp-block-image aligncenter size-medium is-resized\"><img loading=\"lazy\" decoding=\"async\" width=\"169\" height=\"300\" src=\"https:\/\/cynthiarodriguez.org\/wp-content\/uploads\/2025\/07\/e8b0aa7b-f693-41af-b0a5-1b2eced29c3c_4000x2252-169x300.jpeg\" alt=\"\" class=\"wp-image-166834925\" style=\"width:234px;height:auto\" srcset=\"https:\/\/cynthiarodriguez.org\/wp-content\/uploads\/2025\/07\/e8b0aa7b-f693-41af-b0a5-1b2eced29c3c_4000x2252-169x300.jpeg 169w, https:\/\/cynthiarodriguez.org\/wp-content\/uploads\/2025\/07\/e8b0aa7b-f693-41af-b0a5-1b2eced29c3c_4000x2252-577x1024.jpeg 577w, https:\/\/cynthiarodriguez.org\/wp-content\/uploads\/2025\/07\/e8b0aa7b-f693-41af-b0a5-1b2eced29c3c_4000x2252-768x1364.jpeg 768w, https:\/\/cynthiarodriguez.org\/wp-content\/uploads\/2025\/07\/e8b0aa7b-f693-41af-b0a5-1b2eced29c3c_4000x2252-865x1536.jpeg 865w, https:\/\/cynthiarodriguez.org\/wp-content\/uploads\/2025\/07\/e8b0aa7b-f693-41af-b0a5-1b2eced29c3c_4000x2252-1153x2048.jpeg 1153w, https:\/\/cynthiarodriguez.org\/wp-content\/uploads\/2025\/07\/e8b0aa7b-f693-41af-b0a5-1b2eced29c3c_4000x2252-7x12.jpeg 7w, https:\/\/cynthiarodriguez.org\/wp-content\/uploads\/2025\/07\/e8b0aa7b-f693-41af-b0a5-1b2eced29c3c_4000x2252-scaled.jpeg 1441w\" sizes=\"auto, (max-width: 169px) 100vw, 169px\" \/><\/figure>\n<\/div><\/div>\n<\/div>\n\n\n\n<div class=\"wp-block-column is-vertically-aligned-top is-layout-flow wp-block-column-is-layout-flow\" style=\"padding-top:1em;padding-right:1em;padding-bottom:1em;padding-left:1em\">\n<div class=\"wp-block-columns is-layout-flex wp-container-core-columns-is-layout-28f84493 wp-block-columns-is-layout-flex\">\n<div class=\"wp-block-column is-layout-flow wp-block-column-is-layout-flow\" style=\"flex-basis:320px\">\n<h3 class=\"wp-block-heading\"><strong>Note from the webmaster <\/strong><br><strong>(that is, me)<\/strong><\/h3>\n\n\n\n<p>This page, just like the rest of the website, is in constant development. I will soon add translations, events calendar, presentation videos, reviews\/testimonials, shopping, and more.<\/p>\n<\/div>\n<\/div>\n<\/div>\n<\/div>","protected":false},"excerpt":{"rendered":"","protected":false},"author":1,"featured_media":0,"parent":0,"menu_order":0,"comment_status":"closed","ping_status":"closed","template":"","meta":{"_EventAllDay":false,"_EventTimezone":"","_EventStartDate":"","_EventEndDate":"","_EventStartDateUTC":"","_EventEndDateUTC":"","_EventShowMap":false,"_EventShowMapLink":false,"_EventURL":"","_EventCost":"","_EventCostDescription":"","_EventCurrencySymbol":"","_EventCurrencyCode":"","_EventCurrencyPosition":"","_EventDateTimeSeparator":"","_EventTimeRangeSeparator":"","_EventOrganizerID":[],"_EventVenueID":[],"_OrganizerEmail":"","_OrganizerPhone":"","_OrganizerWebsite":"","_VenueAddress":"","_VenueCity":"","_VenueCountry":"","_VenueProvince":"","_VenueState":"","_VenueZip":"","_VenuePhone":"","_VenueURL":"","_VenueStateProvince":"","_VenueLat":"","_VenueLng":"","_VenueShowMap":false,"_VenueShowMapLink":false,"footnotes":""},"class_list":["post-166835381","page","type-page","status-publish","hentry"],"jetpack_sharing_enabled":true,"jetpack-related-posts":[{"id":166834680,"url":"https:\/\/cynthiarodriguez.org\/eng\/portafolio\/","url_meta":{"origin":166835381,"position":0},"title":"Mind","author":"Cynthia","date":"7 July, 2025","format":false,"excerpt":"Ejemplos de mi trabajo en copywriting para web y redes, periodismo cultural, guionismo y traducci\u00f3n. Periodismo Rese\u00f1as, entrevistas y art\u00edculos de ensayo y reflexi\u00f3n sobre m\u00fasica, cine y cultura pop. Guionismo Guionismo e investigaci\u00f3n para documentales de corta y mediana duraci\u00f3n en YouTube. Copywriting Escritura comercial para redes y sitios\u2026","rel":"","context":"Similar post","block_context":{"text":"Similar post","link":""},"img":{"alt_text":"","src":"https:\/\/i0.wp.com\/cynthiarodriguez.org\/wp-content\/uploads\/2024\/10\/calle13-Circulo-Mixup-213-by-Circulo-Mixup-Issuu.png?resize=350%2C200&ssl=1","width":350,"height":200},"classes":[]}],"_links":{"self":[{"href":"https:\/\/cynthiarodriguez.org\/eng\/wp-json\/wp\/v2\/pages\/166835381","targetHints":{"allow":["GET"]}}],"collection":[{"href":"https:\/\/cynthiarodriguez.org\/eng\/wp-json\/wp\/v2\/pages"}],"about":[{"href":"https:\/\/cynthiarodriguez.org\/eng\/wp-json\/wp\/v2\/types\/page"}],"author":[{"embeddable":true,"href":"https:\/\/cynthiarodriguez.org\/eng\/wp-json\/wp\/v2\/users\/1"}],"replies":[{"embeddable":true,"href":"https:\/\/cynthiarodriguez.org\/eng\/wp-json\/wp\/v2\/comments?post=166835381"}],"version-history":[{"count":1,"href":"https:\/\/cynthiarodriguez.org\/eng\/wp-json\/wp\/v2\/pages\/166835381\/revisions"}],"predecessor-version":[{"id":166835382,"href":"https:\/\/cynthiarodriguez.org\/eng\/wp-json\/wp\/v2\/pages\/166835381\/revisions\/166835382"}],"wp:attachment":[{"href":"https:\/\/cynthiarodriguez.org\/eng\/wp-json\/wp\/v2\/media?parent=166835381"}],"curies":[{"name":"wp","href":"https:\/\/api.w.org\/{rel}","templated":true}]}}