{"id":166835386,"date":"2025-09-27T10:24:48","date_gmt":"2025-09-27T10:24:48","guid":{"rendered":"https:\/\/cynthiarodriguez.org\/?page_id=166835386"},"modified":"2025-10-26T21:57:59","modified_gmt":"2025-10-26T21:57:59","slug":"tarot","status":"publish","type":"page","link":"https:\/\/cynthiarodriguez.org\/eng\/tarot\/","title":{"rendered":"Tarot"},"content":{"rendered":"<div class=\"wp-block-cover alignfull is-light\" style=\"min-height:241px;aspect-ratio:unset;\"><img loading=\"lazy\" decoding=\"async\" width=\"1024\" height=\"577\" class=\"wp-block-cover__image-background wp-image-166835394 size-large\" alt=\"\" src=\"https:\/\/cynthiarodriguez.org\/wp-content\/uploads\/2025\/09\/20250908_093300-1024x577.jpg\" style=\"object-position:50% 40%\" data-object-fit=\"cover\" data-object-position=\"50% 40%\" srcset=\"https:\/\/cynthiarodriguez.org\/wp-content\/uploads\/2025\/09\/20250908_093300-1024x577.jpg 1024w, https:\/\/cynthiarodriguez.org\/wp-content\/uploads\/2025\/09\/20250908_093300-300x169.jpg 300w, https:\/\/cynthiarodriguez.org\/wp-content\/uploads\/2025\/09\/20250908_093300-768x432.jpg 768w, https:\/\/cynthiarodriguez.org\/wp-content\/uploads\/2025\/09\/20250908_093300-1536x865.jpg 1536w, https:\/\/cynthiarodriguez.org\/wp-content\/uploads\/2025\/09\/20250908_093300-2048x1153.jpg 2048w, https:\/\/cynthiarodriguez.org\/wp-content\/uploads\/2025\/09\/20250908_093300-18x10.jpg 18w\" sizes=\"auto, (max-width: 1024px) 100vw, 1024px\" \/><span aria-hidden=\"true\" class=\"wp-block-cover__background has-base-background-color has-background-dim-70 has-background-dim\"><\/span><div class=\"wp-block-cover__inner-container is-layout-flow wp-block-cover-is-layout-flow\">\n<h1 class=\"wp-block-heading has-text-align-center alignwide has-white-color has-text-color has-contrast-color has-link-color wp-elements-ff6da3e117e82f7547ae6a3d1f7f44b2\" style=\"font-size:clamp(2.795em, 2.795rem + ((1vw - 0.2em) * 3.859), 5.4em);line-height:1\"><strong>Card reading<\/strong><\/h1>\n<\/div><\/div>\n\n\n\n<div class=\"wp-block-columns alignwide is-layout-flex wp-container-core-columns-is-layout-28f84493 wp-block-columns-is-layout-flex\">\n<div class=\"wp-block-column is-vertically-aligned-stretch is-layout-flow wp-block-column-is-layout-flow\">\n<figure class=\"wp-block-image aligncenter size-large is-resized\"><img loading=\"lazy\" decoding=\"async\" width=\"576\" height=\"1024\" src=\"https:\/\/cynthiarodriguez.org\/wp-content\/uploads\/2025\/10\/Three-card-tarot-reading.png\" alt=\"\" class=\"wp-image-166835635\" style=\"width:452px;height:auto\" srcset=\"https:\/\/cynthiarodriguez.org\/wp-content\/uploads\/2025\/10\/Three-card-tarot-reading.png 1080w, https:\/\/cynthiarodriguez.org\/wp-content\/uploads\/2025\/10\/Three-card-tarot-reading-169x300.png 169w, https:\/\/cynthiarodriguez.org\/wp-content\/uploads\/2025\/10\/Three-card-tarot-reading-576x1024.png 576w, https:\/\/cynthiarodriguez.org\/wp-content\/uploads\/2025\/10\/Three-card-tarot-reading-768x1365.png 768w, https:\/\/cynthiarodriguez.org\/wp-content\/uploads\/2025\/10\/Three-card-tarot-reading-864x1536.png 864w, https:\/\/cynthiarodriguez.org\/wp-content\/uploads\/2025\/10\/Three-card-tarot-reading-7x12.png 7w\" sizes=\"auto, (max-width: 576px) 100vw, 576px\" \/><\/figure>\n<\/div>\n\n\n\n<div class=\"wp-block-column is-vertically-aligned-stretch is-layout-flow wp-block-column-is-layout-flow\">\n<h2 class=\"wp-block-heading\">Samhain Special<\/h2>\n\n\n\n<p>Three-card Thoth tarot reading.<br>\u00a38.00 GBP<\/p>\n\n\n\n<p>Past\/present\/future<br>body\/mind\/spirit<br>challenge\/action\/outcome<br>etc.<\/p>\n\n\n\n<p>Remote and asynchronous reading straight to your email address.<\/p>\n\n\n\n<div class=\"wp-block-buttons is-content-justification-center is-layout-flex wp-container-core-buttons-is-layout-a89b3969 wp-block-buttons-is-layout-flex\">\n<div class=\"wp-block-button\"><a class=\"wp-block-button__link wp-element-button\" href=\"https:\/\/www.paypal.com\/ncp\/payment\/9N3UNKPJX7FTW\">BOOK YOUR READING (PAYPAL AND CARD)<\/a><\/div>\n\n\n\n<div class=\"wp-block-button\"><a class=\"wp-block-button__link wp-element-button\" href=\"mailto:cynthia@cynthiarodriguez.org\" target=\"_blank\" rel=\"noreferrer noopener\">BOOK YOUR READING (BANK TRANSFER)<\/a><\/div>\n<\/div>\n\n\n\n<p>Deal valid until 2nd November 2025.<\/p>\n<\/div>\n<\/div>\n\n\n\n<div class=\"wp-block-media-text has-media-on-the-right is-stacked-on-mobile is-vertically-aligned-center is-style-default has-base-2-background-color has-background\" style=\"grid-template-columns:auto 39%\"><div class=\"wp-block-media-text__content\">\n<p>Tarot readings focused on psycho-spiritual transformation with a realistic, intuitive and actionable approach, loving nature and those who inhabit it.<\/p>\n\n\n\n<div class=\"wp-block-buttons is-content-justification-center is-layout-flex wp-container-core-buttons-is-layout-a89b3969 wp-block-buttons-is-layout-flex\">\n<div class=\"wp-block-button\"><a class=\"wp-block-button__link wp-element-button\" href=\"mailto:cynthia@cynthiarodriguez.org\">Book your reading<\/a><\/div>\n<\/div>\n<\/div><figure class=\"wp-block-media-text__media\"><img loading=\"lazy\" decoding=\"async\" width=\"634\" height=\"762\" src=\"https:\/\/cynthiarodriguez.org\/wp-content\/uploads\/2025\/08\/cyn-tarot-aasbelow.jpg\" alt=\"\" class=\"wp-image-166835286 size-full\" srcset=\"https:\/\/cynthiarodriguez.org\/wp-content\/uploads\/2025\/08\/cyn-tarot-aasbelow.jpg 634w, https:\/\/cynthiarodriguez.org\/wp-content\/uploads\/2025\/08\/cyn-tarot-aasbelow-250x300.jpg 250w, https:\/\/cynthiarodriguez.org\/wp-content\/uploads\/2025\/08\/cyn-tarot-aasbelow-10x12.jpg 10w\" sizes=\"auto, (max-width: 634px) 100vw, 634px\" \/><\/figure><\/div>\n\n\n\n<div class=\"wp-block-group alignwide has-global-padding is-layout-constrained wp-block-group-is-layout-constrained\">\n<hr class=\"wp-block-separator alignwide has-text-color has-contrast-3-color has-alpha-channel-opacity has-contrast-3-background-color has-background is-style-default\"\/>\n\n\n\n<div class=\"wp-block-group alignwide is-layout-flow wp-block-group-is-layout-flow\">\n<p class=\"is-style-all-caps has-medium-font-size\"><strong>decks I use<\/strong><\/p>\n<\/div>\n\n\n\n<div class=\"wp-block-columns alignwide is-layout-flex wp-container-core-columns-is-layout-28f84493 wp-block-columns-is-layout-flex\">\n<div class=\"wp-block-column is-layout-flow wp-block-column-is-layout-flow\">\n<figure class=\"wp-block-image size-large\"><img loading=\"lazy\" decoding=\"async\" width=\"1024\" height=\"598\" src=\"https:\/\/cynthiarodriguez.org\/wp-content\/uploads\/2025\/07\/motherpeace-1024x598.jpg\" alt=\"\" class=\"wp-image-166834745\" style=\"aspect-ratio:4\/3;object-fit:cover\" srcset=\"https:\/\/cynthiarodriguez.org\/wp-content\/uploads\/2025\/07\/motherpeace-1024x598.jpg 1024w, https:\/\/cynthiarodriguez.org\/wp-content\/uploads\/2025\/07\/motherpeace-300x175.jpg 300w, https:\/\/cynthiarodriguez.org\/wp-content\/uploads\/2025\/07\/motherpeace-768x448.jpg 768w, https:\/\/cynthiarodriguez.org\/wp-content\/uploads\/2025\/07\/motherpeace-1536x896.jpg 1536w, https:\/\/cynthiarodriguez.org\/wp-content\/uploads\/2025\/07\/motherpeace-2048x1195.jpg 2048w, https:\/\/cynthiarodriguez.org\/wp-content\/uploads\/2025\/07\/motherpeace-18x12.jpg 18w\" sizes=\"auto, (max-width: 1024px) 100vw, 1024px\" \/><\/figure>\n\n\n\n<h3 class=\"wp-block-heading has-x-large-font-size\">Tarot Madre Paz<\/h3>\n\n\n\n<p>A very special deck, created by Karen Vogel and Vicki Noble, with circle-shaped cards and characters inspired by the Great Goddess from prehistoric cultures worldwide. Excellent to inspire us from a subtle and ancestral angle to guide our way across certain periods of time.<\/p>\n<\/div>\n\n\n\n<div class=\"wp-block-column is-layout-flow wp-block-column-is-layout-flow\">\n<figure class=\"wp-block-image size-large\"><img loading=\"lazy\" decoding=\"async\" width=\"1024\" height=\"819\" src=\"https:\/\/cynthiarodriguez.org\/wp-content\/uploads\/2025\/07\/thoth-1024x819.jpg\" alt=\"\" class=\"wp-image-166834746\" style=\"aspect-ratio:4\/3;object-fit:cover\" srcset=\"https:\/\/cynthiarodriguez.org\/wp-content\/uploads\/2025\/07\/thoth-1024x819.jpg 1024w, https:\/\/cynthiarodriguez.org\/wp-content\/uploads\/2025\/07\/thoth-300x240.jpg 300w, https:\/\/cynthiarodriguez.org\/wp-content\/uploads\/2025\/07\/thoth-768x614.jpg 768w, https:\/\/cynthiarodriguez.org\/wp-content\/uploads\/2025\/07\/thoth-15x12.jpg 15w, https:\/\/cynthiarodriguez.org\/wp-content\/uploads\/2025\/07\/thoth.jpg 1062w\" sizes=\"auto, (max-width: 1024px) 100vw, 1024px\" \/><\/figure>\n\n\n\n<h3 class=\"wp-block-heading has-x-large-font-size\">Tarot Toth<\/h3>\n\n\n\n<p>Aleister Crowley's last will, beautifully illustrated by Lady Frieda Harris. Full of astrological and philosophic symbolism, perfect for existential crises and mystic self-reconnaissance. <\/p>\n<\/div>\n\n\n\n<div class=\"wp-block-column is-layout-flow wp-block-column-is-layout-flow\">\n<figure class=\"wp-block-image size-full\"><img loading=\"lazy\" decoding=\"async\" width=\"548\" height=\"411\" src=\"https:\/\/cynthiarodriguez.org\/wp-content\/uploads\/2025\/08\/cute-little-lenormand.jpg\" alt=\"\" class=\"wp-image-166835276\" style=\"aspect-ratio:4\/3;object-fit:cover\" srcset=\"https:\/\/cynthiarodriguez.org\/wp-content\/uploads\/2025\/08\/cute-little-lenormand.jpg 548w, https:\/\/cynthiarodriguez.org\/wp-content\/uploads\/2025\/08\/cute-little-lenormand-300x225.jpg 300w, https:\/\/cynthiarodriguez.org\/wp-content\/uploads\/2025\/08\/cute-little-lenormand-16x12.jpg 16w\" sizes=\"auto, (max-width: 548px) 100vw, 548px\" \/><\/figure>\n\n\n\n<h3 class=\"wp-block-heading has-x-large-font-size\">Lenormand<\/h3>\n\n\n\n<p>A card system more focused on practical matters, personal relationships and everyday actionables. The traditional reading consists of two cards, analysing the relationship to each other to obtain different messages. I use the <em>Cute Little Lenormand<\/em> by Sara M. Lyons, made through a more equitable and everyday perspective.<\/p>\n<\/div>\n<\/div>\n\n\n\n<div class=\"wp-block-columns are-vertically-aligned-center has-base-2-background-color has-background is-layout-flex wp-container-core-columns-is-layout-27c2161f wp-block-columns-is-layout-flex\" style=\"margin-top:0;margin-bottom:0;padding-top:var(--wp--preset--spacing--20);padding-right:var(--wp--preset--spacing--20);padding-bottom:var(--wp--preset--spacing--20);padding-left:var(--wp--preset--spacing--20)\">\n<div class=\"wp-block-column is-vertically-aligned-center is-layout-flow wp-block-column-is-layout-flow\" style=\"flex-basis:50%\">\n<figure class=\"wp-block-image aligncenter is-resized is-style-default\"><img loading=\"lazy\" decoding=\"async\" width=\"576\" height=\"1024\" src=\"https:\/\/cynthiarodriguez.org\/wp-content\/uploads\/2025\/10\/cerridwen-juni-parkhurst-1-576x1024.jpg\" alt=\"\" class=\"wp-image-166835621\" style=\"width:262px;height:auto\" srcset=\"https:\/\/cynthiarodriguez.org\/wp-content\/uploads\/2025\/10\/cerridwen-juni-parkhurst-1-576x1024.jpg 576w, https:\/\/cynthiarodriguez.org\/wp-content\/uploads\/2025\/10\/cerridwen-juni-parkhurst-1-169x300.jpg 169w, https:\/\/cynthiarodriguez.org\/wp-content\/uploads\/2025\/10\/cerridwen-juni-parkhurst-1-768x1365.jpg 768w, https:\/\/cynthiarodriguez.org\/wp-content\/uploads\/2025\/10\/cerridwen-juni-parkhurst-1-864x1536.jpg 864w, https:\/\/cynthiarodriguez.org\/wp-content\/uploads\/2025\/10\/cerridwen-juni-parkhurst-1-1152x2048.jpg 1152w, https:\/\/cynthiarodriguez.org\/wp-content\/uploads\/2025\/10\/cerridwen-juni-parkhurst-1-7x12.jpg 7w, https:\/\/cynthiarodriguez.org\/wp-content\/uploads\/2025\/10\/cerridwen-juni-parkhurst-1.jpg 1216w\" sizes=\"auto, (max-width: 576px) 100vw, 576px\" \/><\/figure>\n<\/div>\n\n\n\n<div class=\"wp-block-column is-vertically-aligned-center is-layout-flow wp-block-column-is-layout-flow\" style=\"flex-basis:50%\">\n<h2 class=\"wp-block-heading\">NEW: Goddess oracle<\/h2>\n\n\n\n<p>An oracle and guidance deck that I've added to my collection. <em>Goddess Card Pack<\/em>, released in 1999 by Juni Parkhurst, therapist and reader at Neal's Yard in Covent Garden, helping her clients through the Great Goddess and her various representations in history.<\/p>\n<\/div>\n<\/div>\n<\/div>\n\n\n\n<div class=\"wp-block-group alignwide has-global-padding is-layout-constrained wp-block-group-is-layout-constrained\">\n<hr class=\"wp-block-separator alignwide has-text-color has-contrast-3-color has-alpha-channel-opacity has-contrast-3-background-color has-background is-style-default\"\/>\n\n\n\n<div class=\"wp-block-group alignwide is-layout-flow wp-block-group-is-layout-flow\">\n<p class=\"is-style-all-caps has-medium-font-size\"><strong>ABOUT THE READINGS<\/strong><\/p>\n\n\n\n<div class=\"wp-block-columns are-vertically-aligned-center has-base-2-background-color has-background is-layout-flex wp-container-core-columns-is-layout-28f84493 wp-block-columns-is-layout-flex\">\n<div class=\"wp-block-column is-layout-flow wp-block-column-is-layout-flow\" style=\"flex-basis:50%\">\n<p><strong>Madre Paz u Thoth (a discreci\u00f3n del querente)<\/strong><\/p>\n\n\n\n<p>Una carta &#8211; para dudas breves o para la meditaci\u00f3n del d\u00eda &#8211; $222 MXN<\/p>\n\n\n\n<p>Tres cartas &#8211; chequeo general cuerpo\/mente\/esp\u00edritu, pasado\/presente\/futuro, problema\/soluci\u00f3n\/potencial &#8211; $369 MXN<\/p>\n\n\n\n<p>Cinco cartas &#8211; an\u00e1lisis de situaci\u00f3n, circunstancias y potencial &#8211; $520 MXN<\/p>\n\n\n\n<p style=\"font-style:normal;font-weight:500\"><strong>Lenormand<\/strong><\/p>\n\n\n\n<p>Dos cartas &#8211; $222 MXN<\/p>\n\n\n\n<p><strong>OFERTA:<\/strong> agrega una carta del <strong>or\u00e1culo de las diosas<\/strong> a tu lectura por solo $100 MXN m\u00e1s. As\u00ed como en <strong><a href=\"https:\/\/cynthiarodriguez.org\/eng\/2025\/10\/20\/lectura-de-luna-nueva-tarot-y-oraculo-de-la-diosa\/\" data-type=\"link\" data-id=\"https:\/\/cynthiarodriguez.org\/\/2025\/10\/20\/lectura-de-luna-nueva-tarot-y-oraculo-de-la-diosa\/\">esta lectura<\/a><\/strong>.<\/p>\n<\/div>\n\n\n\n<div class=\"wp-block-column is-layout-flow wp-block-column-is-layout-flow\" style=\"flex-basis:50%\">\n<figure class=\"wp-block-image\"><img loading=\"lazy\" decoding=\"async\" width=\"1024\" height=\"577\" src=\"https:\/\/cynthiarodriguez.org\/wp-content\/uploads\/2025\/09\/20250908_093300-1024x577.jpg\" alt=\"\" class=\"wp-image-166835394\" srcset=\"https:\/\/cynthiarodriguez.org\/wp-content\/uploads\/2025\/09\/20250908_093300-1024x577.jpg 1024w, https:\/\/cynthiarodriguez.org\/wp-content\/uploads\/2025\/09\/20250908_093300-300x169.jpg 300w, https:\/\/cynthiarodriguez.org\/wp-content\/uploads\/2025\/09\/20250908_093300-768x432.jpg 768w, https:\/\/cynthiarodriguez.org\/wp-content\/uploads\/2025\/09\/20250908_093300-1536x865.jpg 1536w, https:\/\/cynthiarodriguez.org\/wp-content\/uploads\/2025\/09\/20250908_093300-2048x1153.jpg 2048w, https:\/\/cynthiarodriguez.org\/wp-content\/uploads\/2025\/09\/20250908_093300-18x10.jpg 18w\" sizes=\"auto, (max-width: 1024px) 100vw, 1024px\" \/><\/figure>\n\n\n\n<figure class=\"wp-block-image size-large\"><img loading=\"lazy\" decoding=\"async\" width=\"1024\" height=\"577\" src=\"https:\/\/cynthiarodriguez.org\/wp-content\/uploads\/2025\/10\/lectura-luna-nueva-octubre-2025-1024x577.jpg\" alt=\"\" class=\"wp-image-166835614\" srcset=\"https:\/\/cynthiarodriguez.org\/wp-content\/uploads\/2025\/10\/lectura-luna-nueva-octubre-2025-1024x577.jpg 1024w, https:\/\/cynthiarodriguez.org\/wp-content\/uploads\/2025\/10\/lectura-luna-nueva-octubre-2025-300x169.jpg 300w, https:\/\/cynthiarodriguez.org\/wp-content\/uploads\/2025\/10\/lectura-luna-nueva-octubre-2025-768x432.jpg 768w, https:\/\/cynthiarodriguez.org\/wp-content\/uploads\/2025\/10\/lectura-luna-nueva-octubre-2025-1536x865.jpg 1536w, https:\/\/cynthiarodriguez.org\/wp-content\/uploads\/2025\/10\/lectura-luna-nueva-octubre-2025-2048x1153.jpg 2048w, https:\/\/cynthiarodriguez.org\/wp-content\/uploads\/2025\/10\/lectura-luna-nueva-octubre-2025-18x10.jpg 18w\" sizes=\"auto, (max-width: 1024px) 100vw, 1024px\" \/><\/figure>\n<\/div>\n<\/div>\n\n\n\n<p>Por el resto del a\u00f1o, las lecturas son en <strong>formato remoto y anacr\u00f3nico<\/strong>, para que la persona querente pueda revisarlas las veces que quiera a cualquier hora y desde cualquier lugar.<\/p>\n\n\n\n<p><strong><a href=\"mailto:cynthia@cynthiarodriguez.org\" data-type=\"mailto\" data-id=\"mailto:cynthia@cynthiarodriguez.org\">M\u00e1ndame un mensaje por correo electr\u00f3nico<\/a><\/strong> para separar tu lectura.<\/p>\n\n\n\n<p>En tu mensaje, especifica de qu\u00e9 mazo quieres que sea tu lectura, ya sea <strong>Madre Paz, Thoth, o Lenormand<\/strong>. Tambi\u00e9n especifica de <strong>cu\u00e1ntas cartas<\/strong> quieres que sea, si quieres <strong>or\u00e1culo de la diosa<\/strong>, y comparte cualquier duda en general que quieras que revisemos.<\/p>\n\n\n\n<p>Entonces te mandar\u00e9 los datos bancarios para que hagas el pago, ya sea por <strong>PayPal<\/strong> o por <strong>bank transfer<\/strong>, as\u00ed como la referencia para que la incluyas y as\u00ed saber que ya pagaste.<\/p>\n\n\n\n<p>Una vez que yo reciba la notificaci\u00f3n, recibir\u00e1s tu lectura en <strong>imagen, audio y video<\/strong> en menos de <strong>24 horas<\/strong>.<\/p>\n\n\n\n<div class=\"wp-block-buttons is-content-justification-center is-layout-flex wp-container-core-buttons-is-layout-a89b3969 wp-block-buttons-is-layout-flex\">\n<div class=\"wp-block-button\"><a class=\"wp-block-button__link wp-element-button\" href=\"mailto:cynthia@cynthiarodriguez.org\">Book your reading<\/a><\/div>\n<\/div>\n<\/div>\n<\/div>\n\n\n\n<div class=\"wp-block-columns has-base-2-background-color has-background is-layout-flex wp-container-core-columns-is-layout-28f84493 wp-block-columns-is-layout-flex\">\n<div class=\"wp-block-column is-layout-flow wp-block-column-is-layout-flow\" style=\"flex-basis:50%\">\n<div class=\"wp-block-cover aligncenter is-light\"><span aria-hidden=\"true\" class=\"wp-block-cover__background has-background-dim-100 has-background-dim\" style=\"background-color:#f6f6f6\"><\/span><div class=\"wp-block-cover__inner-container is-layout-flow wp-block-cover-is-layout-flow\">\n<figure class=\"wp-block-image aligncenter size-medium is-resized\"><img loading=\"lazy\" decoding=\"async\" width=\"169\" height=\"300\" src=\"https:\/\/cynthiarodriguez.org\/wp-content\/uploads\/2025\/07\/e8b0aa7b-f693-41af-b0a5-1b2eced29c3c_4000x2252-169x300.jpeg\" alt=\"\" class=\"wp-image-166834925\" style=\"width:234px;height:auto\" srcset=\"https:\/\/cynthiarodriguez.org\/wp-content\/uploads\/2025\/07\/e8b0aa7b-f693-41af-b0a5-1b2eced29c3c_4000x2252-169x300.jpeg 169w, https:\/\/cynthiarodriguez.org\/wp-content\/uploads\/2025\/07\/e8b0aa7b-f693-41af-b0a5-1b2eced29c3c_4000x2252-577x1024.jpeg 577w, https:\/\/cynthiarodriguez.org\/wp-content\/uploads\/2025\/07\/e8b0aa7b-f693-41af-b0a5-1b2eced29c3c_4000x2252-768x1364.jpeg 768w, https:\/\/cynthiarodriguez.org\/wp-content\/uploads\/2025\/07\/e8b0aa7b-f693-41af-b0a5-1b2eced29c3c_4000x2252-865x1536.jpeg 865w, https:\/\/cynthiarodriguez.org\/wp-content\/uploads\/2025\/07\/e8b0aa7b-f693-41af-b0a5-1b2eced29c3c_4000x2252-1153x2048.jpeg 1153w, https:\/\/cynthiarodriguez.org\/wp-content\/uploads\/2025\/07\/e8b0aa7b-f693-41af-b0a5-1b2eced29c3c_4000x2252-7x12.jpeg 7w, https:\/\/cynthiarodriguez.org\/wp-content\/uploads\/2025\/07\/e8b0aa7b-f693-41af-b0a5-1b2eced29c3c_4000x2252-scaled.jpeg 1441w\" sizes=\"auto, (max-width: 169px) 100vw, 169px\" \/><\/figure>\n<\/div><\/div>\n<\/div>\n\n\n\n<div class=\"wp-block-column is-vertically-aligned-top is-layout-flow wp-block-column-is-layout-flow\" style=\"padding-top:1em;padding-right:1em;padding-bottom:1em;padding-left:1em\">\n<div class=\"wp-block-columns is-layout-flex wp-container-core-columns-is-layout-28f84493 wp-block-columns-is-layout-flex\">\n<div class=\"wp-block-column is-layout-flow wp-block-column-is-layout-flow\" style=\"flex-basis:320px\">\n<h3 class=\"wp-block-heading\"><strong>Note from the webmaster <\/strong><br><strong>(that is, me)<\/strong><\/h3>\n\n\n\n<p>This page, just like the rest of the website, is in constant development. I will soon add translations, events calendar, presentation videos, reviews\/testimonials, shopping, and more.<\/p>\n<\/div>\n<\/div>\n<\/div>\n<\/div>","protected":false},"excerpt":{"rendered":"<p>Especial de Samhain Lectura de tres cartas de tarot de Thoth.$200 MXN Pasado\/presente\/futurocuerpo\/mente\/esp\u00edritureto\/acci\u00f3n\/resultadoetc. Lectura remota y asincr\u00f3nica directo a tu correo electr\u00f3nico. Oferta v\u00e1lida hasta el 2 de noviembre del [&hellip;]<\/p>\n","protected":false},"author":1,"featured_media":0,"parent":0,"menu_order":0,"comment_status":"closed","ping_status":"closed","template":"","meta":{"_EventAllDay":false,"_EventTimezone":"","_EventStartDate":"","_EventEndDate":"","_EventStartDateUTC":"","_EventEndDateUTC":"","_EventShowMap":false,"_EventShowMapLink":false,"_EventURL":"","_EventCost":"","_EventCostDescription":"","_EventCurrencySymbol":"","_EventCurrencyCode":"","_EventCurrencyPosition":"","_EventDateTimeSeparator":"","_EventTimeRangeSeparator":"","_EventOrganizerID":[],"_EventVenueID":[],"_OrganizerEmail":"","_OrganizerPhone":"","_OrganizerWebsite":"","_VenueAddress":"","_VenueCity":"","_VenueCountry":"","_VenueProvince":"","_VenueState":"","_VenueZip":"","_VenuePhone":"","_VenueURL":"","_VenueStateProvince":"","_VenueLat":"","_VenueLng":"","_VenueShowMap":false,"_VenueShowMapLink":false,"footnotes":""},"class_list":["post-166835386","page","type-page","status-publish","hentry"],"jetpack_sharing_enabled":true,"jetpack-related-posts":[{"id":166834723,"url":"https:\/\/cynthiarodriguez.org\/eng\/tierra-madre\/","url_meta":{"origin":166835386,"position":0},"title":"Tierra Madre","author":"Cynthia","date":"12 July, 2025","format":false,"excerpt":"Los pies en la tierra, la mirada en el cielo. Servicios de consejer\u00eda y celebraci\u00f3n espiritual desde lo creativo, lo anal\u00edtico, lo ritual, lo sutil y lo m\u00edstico. Tarot Lectura de tarot y or\u00e1culo desde un \u00e1ngulo m\u00edstico y sutil, pero con enfoque realista, intuitivo y accionable. Ceremonias Te acompa\u00f1o\u2026","rel":"","context":"Similar post","block_context":{"text":"Similar post","link":""},"img":{"alt_text":"","src":"https:\/\/i0.wp.com\/cynthiarodriguez.org\/wp-content\/uploads\/2025\/09\/20250908_093300-scaled.jpg?resize=350%2C200&ssl=1","width":350,"height":200,"srcset":"https:\/\/i0.wp.com\/cynthiarodriguez.org\/wp-content\/uploads\/2025\/09\/20250908_093300-scaled.jpg?resize=350%2C200&ssl=1 1x, https:\/\/i0.wp.com\/cynthiarodriguez.org\/wp-content\/uploads\/2025\/09\/20250908_093300-scaled.jpg?resize=525%2C300&ssl=1 1.5x, https:\/\/i0.wp.com\/cynthiarodriguez.org\/wp-content\/uploads\/2025\/09\/20250908_093300-scaled.jpg?resize=700%2C400&ssl=1 2x, https:\/\/i0.wp.com\/cynthiarodriguez.org\/wp-content\/uploads\/2025\/09\/20250908_093300-scaled.jpg?resize=1050%2C600&ssl=1 3x, https:\/\/i0.wp.com\/cynthiarodriguez.org\/wp-content\/uploads\/2025\/09\/20250908_093300-scaled.jpg?resize=1400%2C800&ssl=1 4x"},"classes":[]}],"_links":{"self":[{"href":"https:\/\/cynthiarodriguez.org\/eng\/wp-json\/wp\/v2\/pages\/166835386","targetHints":{"allow":["GET"]}}],"collection":[{"href":"https:\/\/cynthiarodriguez.org\/eng\/wp-json\/wp\/v2\/pages"}],"about":[{"href":"https:\/\/cynthiarodriguez.org\/eng\/wp-json\/wp\/v2\/types\/page"}],"author":[{"embeddable":true,"href":"https:\/\/cynthiarodriguez.org\/eng\/wp-json\/wp\/v2\/users\/1"}],"replies":[{"embeddable":true,"href":"https:\/\/cynthiarodriguez.org\/eng\/wp-json\/wp\/v2\/comments?post=166835386"}],"version-history":[{"count":11,"href":"https:\/\/cynthiarodriguez.org\/eng\/wp-json\/wp\/v2\/pages\/166835386\/revisions"}],"predecessor-version":[{"id":166835643,"href":"https:\/\/cynthiarodriguez.org\/eng\/wp-json\/wp\/v2\/pages\/166835386\/revisions\/166835643"}],"wp:attachment":[{"href":"https:\/\/cynthiarodriguez.org\/eng\/wp-json\/wp\/v2\/media?parent=166835386"}],"curies":[{"name":"wp","href":"https:\/\/api.w.org\/{rel}","templated":true}]}}