{"id":166835391,"date":"2025-09-09T14:25:25","date_gmt":"2025-09-09T14:25:25","guid":{"rendered":"https:\/\/cynthiarodriguez.org\/?page_id=166835391"},"modified":"2025-09-27T10:15:29","modified_gmt":"2025-09-27T10:15:29","slug":"ceremonias","status":"publish","type":"page","link":"https:\/\/cynthiarodriguez.org\/eng\/ceremonias\/","title":{"rendered":"Ceremonias"},"content":{"rendered":"<div class=\"wp-block-cover alignfull is-light\" style=\"min-height:241px;aspect-ratio:unset;\"><img loading=\"lazy\" decoding=\"async\" width=\"1024\" height=\"576\" class=\"wp-block-cover__image-background wp-image-166834762 size-large\" alt=\"\" src=\"https:\/\/cynthiarodriguez.org\/wp-content\/uploads\/2025\/07\/luz-mendoza-Bq-QlxGgWPM-unsplash-e17526160832821-1024x576.jpg\" data-object-fit=\"cover\" srcset=\"https:\/\/cynthiarodriguez.org\/wp-content\/uploads\/2025\/07\/luz-mendoza-Bq-QlxGgWPM-unsplash-e17526160832821-1024x576.jpg 1024w, https:\/\/cynthiarodriguez.org\/wp-content\/uploads\/2025\/07\/luz-mendoza-Bq-QlxGgWPM-unsplash-e17526160832821-300x169.jpg 300w, https:\/\/cynthiarodriguez.org\/wp-content\/uploads\/2025\/07\/luz-mendoza-Bq-QlxGgWPM-unsplash-e17526160832821-768x432.jpg 768w, https:\/\/cynthiarodriguez.org\/wp-content\/uploads\/2025\/07\/luz-mendoza-Bq-QlxGgWPM-unsplash-e17526160832821-1536x864.jpg 1536w, https:\/\/cynthiarodriguez.org\/wp-content\/uploads\/2025\/07\/luz-mendoza-Bq-QlxGgWPM-unsplash-e17526160832821-18x10.jpg 18w, https:\/\/cynthiarodriguez.org\/wp-content\/uploads\/2025\/07\/luz-mendoza-Bq-QlxGgWPM-unsplash-e17526160832821.jpg 1843w\" sizes=\"auto, (max-width: 1024px) 100vw, 1024px\" \/><span aria-hidden=\"true\" class=\"wp-block-cover__background has-base-background-color has-background-dim-80 has-background-dim\"><\/span><div class=\"wp-block-cover__inner-container is-layout-flow wp-block-cover-is-layout-flow\">\n<h1 class=\"wp-block-heading has-text-align-center alignwide has-white-color has-text-color has-contrast-color has-link-color wp-elements-4e548a9f04f50dbf0f3f3e57b56e3eb8\" style=\"font-size:clamp(2.795em, 2.795rem + ((1vw - 0.2em) * 3.859), 5.4em);line-height:1\"><strong>Holistic ceremonies<\/strong><\/h1>\n\n\n\n<h2 class=\"wp-block-heading has-text-align-center has-contrast-color has-text-color has-link-color has-medium-font-size wp-elements-967ae641042c9c8829487b82a9105c0f\"><strong>Bookings open for 2026<\/strong><\/h2>\n<\/div><\/div>\n\n\n\n<div class=\"wp-block-group alignfull has-global-padding is-layout-constrained wp-container-core-group-is-layout-301020a0 wp-block-group-is-layout-constrained\" style=\"padding-top:var(--wp--preset--spacing--50);padding-right:var(--wp--preset--spacing--50);padding-bottom:var(--wp--preset--spacing--50);padding-left:var(--wp--preset--spacing--50)\">\n<div class=\"wp-block-columns alignwide is-layout-flex wp-container-core-columns-is-layout-08c01c1c wp-block-columns-is-layout-flex\">\n<div class=\"wp-block-column is-layout-flow wp-block-column-is-layout-flow\" style=\"flex-basis:33%\">\n<p class=\"has-heading-font-family has-large-font-size\" style=\"line-height:1.2\">I'll be with you to celebrate and commemorate rites of passage in your life and that of your loved ones.<\/p>\n\n\n\n<p class=\"has-base-2-background-color has-background\">I have official training as a Light Creator through Enamoratedetimx, as well as studies in event management and inspiration from my spiritual and elemental lineage.<\/p>\n<\/div>\n\n\n\n<div class=\"wp-block-column is-layout-flow wp-container-core-column-is-layout-119bc444 wp-block-column-is-layout-flow\">\n<div class=\"wp-block-group is-nowrap is-layout-flex wp-container-core-group-is-layout-877c468d wp-block-group-is-layout-flex\">\n<div class=\"wp-block-group is-vertical is-content-justification-left is-nowrap is-layout-flex wp-container-core-group-is-layout-970da055 wp-block-group-is-layout-flex\">\n<p style=\"font-style:normal;font-weight:500\">Birthdays<\/p>\n\n\n\n<p>We celebrate your latest trip around the sun, we honor what you've experienced so far, and we prepare for what's next.<\/p>\n<\/div>\n\n\n\n<div class=\"wp-block-group is-vertical is-nowrap is-layout-flex wp-container-core-group-is-layout-3655d5c7 wp-block-group-is-layout-flex\">\n<p style=\"font-style:normal;font-weight:500\">Hen dos\/bachelorette parties<\/p>\n\n\n\n<p>Are you getting married? Let's get ready for this new and beautiful stage in which you'll share your life with love.<\/p>\n<\/div>\n<\/div>\n\n\n\n<div class=\"wp-block-group is-nowrap is-layout-flex wp-container-core-group-is-layout-877c468d wp-block-group-is-layout-flex\">\n<div class=\"wp-block-group is-vertical is-nowrap is-layout-flex wp-container-core-group-is-layout-3655d5c7 wp-block-group-is-layout-flex\">\n<p style=\"font-style:normal;font-weight:500\">New beginnings<\/p>\n\n\n\n<p>You deserve to celebrate your house moving, graduations, job, processes, treatments, and any other change in your life. Here we welcome you to your next era.<\/p>\n<\/div>\n\n\n\n<div class=\"wp-block-group is-vertical is-nowrap is-layout-flex wp-container-core-group-is-layout-3655d5c7 wp-block-group-is-layout-flex\">\n<p style=\"font-style:normal;font-weight:500\">Trascendence<\/p>\n\n\n\n<p>A solemn and peaceful gathering where we honour those who have crossed this realm. NOTE: It's advised to wait at least 40 days after death for the tranquility of their soul and ours. <\/p>\n<\/div>\n<\/div>\n<\/div>\n<\/div>\n<\/div>\n\n\n\n<div class=\"wp-block-cover alignfull wp-duotone-dark-grayscale\" style=\"min-height:87vh;aspect-ratio:unset;\"><img loading=\"lazy\" decoding=\"async\" width=\"1024\" height=\"681\" class=\"wp-block-cover__image-background wp-image-166834743 size-large\" alt=\"\" src=\"https:\/\/cynthiarodriguez.org\/wp-content\/uploads\/2025\/07\/ipsa-R00PpxJMV0g-unsplash-1024x681.jpg\" data-object-fit=\"cover\" srcset=\"https:\/\/cynthiarodriguez.org\/wp-content\/uploads\/2025\/07\/ipsa-R00PpxJMV0g-unsplash-1024x681.jpg 1024w, https:\/\/cynthiarodriguez.org\/wp-content\/uploads\/2025\/07\/ipsa-R00PpxJMV0g-unsplash-300x199.jpg 300w, https:\/\/cynthiarodriguez.org\/wp-content\/uploads\/2025\/07\/ipsa-R00PpxJMV0g-unsplash-768x511.jpg 768w, https:\/\/cynthiarodriguez.org\/wp-content\/uploads\/2025\/07\/ipsa-R00PpxJMV0g-unsplash-1536x1021.jpg 1536w, https:\/\/cynthiarodriguez.org\/wp-content\/uploads\/2025\/07\/ipsa-R00PpxJMV0g-unsplash-2048x1362.jpg 2048w, https:\/\/cynthiarodriguez.org\/wp-content\/uploads\/2025\/07\/ipsa-R00PpxJMV0g-unsplash-18x12.jpg 18w\" sizes=\"auto, (max-width: 1024px) 100vw, 1024px\" \/><span aria-hidden=\"true\" class=\"wp-block-cover__background has-background-dim-0 has-background-dim\" style=\"background-color:#792813\"><\/span><div class=\"wp-block-cover__inner-container is-layout-flow wp-block-cover-is-layout-flow\">\n<div style=\"height:var(--wp--preset--spacing--60)\" aria-hidden=\"true\" class=\"wp-block-spacer\"><\/div>\n\n\n\n<div class=\"wp-block-group alignfull has-global-padding is-layout-constrained wp-block-group-is-layout-constrained\">\n<p class=\"has-text-align-center is-style-all-caps has-small-font-size\">Something on the way?<\/p>\n\n\n\n<h1 class=\"wp-block-heading alignwide has-text-align-center\">Bookings open for 2026<\/h1>\n\n\n\n<div class=\"wp-block-buttons is-content-justification-center is-layout-flex wp-container-core-buttons-is-layout-a89b3969 wp-block-buttons-is-layout-flex\">\n<div class=\"wp-block-button is-style-outline is-style-outline--1\"><a class=\"wp-block-button__link wp-element-button\">SOON<\/a><\/div>\n<\/div>\n<\/div>\n<\/div><\/div>","protected":false},"excerpt":{"rendered":"<p>Te acompa\u00f1o a celebrar y conmemorar ritos de pasaje en tu vida y en la de tus seres queridos. Cuento con formaci\u00f3n oficial como Creadora de Luz por Enamoratedetimx, as\u00ed [&hellip;]<\/p>\n","protected":false},"author":1,"featured_media":0,"parent":0,"menu_order":0,"comment_status":"closed","ping_status":"closed","template":"","meta":{"_EventAllDay":false,"_EventTimezone":"","_EventStartDate":"","_EventEndDate":"","_EventStartDateUTC":"","_EventEndDateUTC":"","_EventShowMap":false,"_EventShowMapLink":false,"_EventURL":"","_EventCost":"","_EventCostDescription":"","_EventCurrencySymbol":"","_EventCurrencyCode":"","_EventCurrencyPosition":"","_EventDateTimeSeparator":"","_EventTimeRangeSeparator":"","_EventOrganizerID":[],"_EventVenueID":[],"_OrganizerEmail":"","_OrganizerPhone":"","_OrganizerWebsite":"","_VenueAddress":"","_VenueCity":"","_VenueCountry":"","_VenueProvince":"","_VenueState":"","_VenueZip":"","_VenuePhone":"","_VenueURL":"","_VenueStateProvince":"","_VenueLat":"","_VenueLng":"","_VenueShowMap":false,"_VenueShowMapLink":false,"footnotes":""},"class_list":["post-166835391","page","type-page","status-publish","hentry"],"jetpack_sharing_enabled":true,"jetpack-related-posts":[{"id":166834723,"url":"https:\/\/cynthiarodriguez.org\/eng\/tierra-madre\/","url_meta":{"origin":166835391,"position":0},"title":"Tierra Madre","author":"Cynthia","date":"12 July, 2025","format":false,"excerpt":"Los pies en la tierra, la mirada en el cielo. Servicios de consejer\u00eda y celebraci\u00f3n espiritual desde lo creativo, lo anal\u00edtico, lo ritual, lo sutil y lo m\u00edstico. Tarot Lectura de tarot y or\u00e1culo desde un \u00e1ngulo m\u00edstico y sutil, pero con enfoque realista, intuitivo y accionable. Ceremonias Te acompa\u00f1o\u2026","rel":"","context":"Similar post","block_context":{"text":"Similar post","link":""},"img":{"alt_text":"","src":"https:\/\/i0.wp.com\/cynthiarodriguez.org\/wp-content\/uploads\/2025\/09\/20250908_093300-scaled.jpg?resize=350%2C200&ssl=1","width":350,"height":200,"srcset":"https:\/\/i0.wp.com\/cynthiarodriguez.org\/wp-content\/uploads\/2025\/09\/20250908_093300-scaled.jpg?resize=350%2C200&ssl=1 1x, https:\/\/i0.wp.com\/cynthiarodriguez.org\/wp-content\/uploads\/2025\/09\/20250908_093300-scaled.jpg?resize=525%2C300&ssl=1 1.5x, https:\/\/i0.wp.com\/cynthiarodriguez.org\/wp-content\/uploads\/2025\/09\/20250908_093300-scaled.jpg?resize=700%2C400&ssl=1 2x, https:\/\/i0.wp.com\/cynthiarodriguez.org\/wp-content\/uploads\/2025\/09\/20250908_093300-scaled.jpg?resize=1050%2C600&ssl=1 3x, https:\/\/i0.wp.com\/cynthiarodriguez.org\/wp-content\/uploads\/2025\/09\/20250908_093300-scaled.jpg?resize=1400%2C800&ssl=1 4x"},"classes":[]}],"_links":{"self":[{"href":"https:\/\/cynthiarodriguez.org\/eng\/wp-json\/wp\/v2\/pages\/166835391","targetHints":{"allow":["GET"]}}],"collection":[{"href":"https:\/\/cynthiarodriguez.org\/eng\/wp-json\/wp\/v2\/pages"}],"about":[{"href":"https:\/\/cynthiarodriguez.org\/eng\/wp-json\/wp\/v2\/types\/page"}],"author":[{"embeddable":true,"href":"https:\/\/cynthiarodriguez.org\/eng\/wp-json\/wp\/v2\/users\/1"}],"replies":[{"embeddable":true,"href":"https:\/\/cynthiarodriguez.org\/eng\/wp-json\/wp\/v2\/comments?post=166835391"}],"version-history":[{"count":2,"href":"https:\/\/cynthiarodriguez.org\/eng\/wp-json\/wp\/v2\/pages\/166835391\/revisions"}],"predecessor-version":[{"id":166835463,"href":"https:\/\/cynthiarodriguez.org\/eng\/wp-json\/wp\/v2\/pages\/166835391\/revisions\/166835463"}],"wp:attachment":[{"href":"https:\/\/cynthiarodriguez.org\/eng\/wp-json\/wp\/v2\/media?parent=166835391"}],"curies":[{"name":"wp","href":"https:\/\/api.w.org\/{rel}","templated":true}]}}