{"id":3703,"date":"2017-02-13T01:28:02","date_gmt":"2017-02-13T01:28:02","guid":{"rendered":"http:\/\/cynthiaescribe.com\/?page_id=3700"},"modified":"2022-11-17T08:10:59","modified_gmt":"2022-11-17T08:10:59","slug":"video","status":"publish","type":"page","link":"https:\/\/cynthiarodriguez.org\/eng\/video\/","title":{"rendered":"Video"},"content":{"rendered":"<figure class=\"wp-block-embed is-type-video is-provider-youtube wp-block-embed-youtube wp-embed-aspect-16-9 wp-has-aspect-ratio\"><div class=\"wp-block-embed__wrapper\">\n<iframe loading=\"lazy\" title=\"Cynthia Rodr\u00edguez Ju\u00e1rez - To the Languages Within Us\" width=\"500\" height=\"281\" src=\"https:\/\/www.youtube.com\/embed\/B10PjxvAXHM?feature=oembed\" frameborder=\"0\" allow=\"accelerometer; autoplay; clipboard-write; encrypted-media; gyroscope; picture-in-picture; web-share\" referrerpolicy=\"strict-origin-when-cross-origin\" allowfullscreen><\/iframe>\n<\/div><figcaption class=\"wp-element-caption\">&#8220;To the Languages Within Us&#8221;<br>Written for <a href=\"http:\/\/cynthiarodriguez.org\/eng\/2021\/03\/25\/new-gig-gobs-collective-showcase-ft-casey-bailey\/\">Gobs Poetry Showcase<\/a> and <a href=\"http:\/\/cynthiarodriguez.org\/eng\/2021\/05\/11\/tonight-gobs-collective-showcase-on-notts-tv\/\">Notts TV<\/a>. March 2021.<br>Footage from Pexels Video, Videvo and Pixabay.<br>Edited on Pinnacle Studio 24 and recorded on Audacity.<\/figcaption><\/figure>\n\n\n\n<div class=\"wp-block-jetpack-layout-grid alignfull column1-desktop-grid__span-6 column1-desktop-grid__row-1 column2-desktop-grid__span-6 column2-desktop-grid__start-7 column2-desktop-grid__row-1 column1-tablet-grid__span-4 column1-tablet-grid__row-1 column2-tablet-grid__span-4 column2-tablet-grid__start-5 column2-tablet-grid__row-1 column1-mobile-grid__span-4 column1-mobile-grid__row-1 column2-mobile-grid__span-4 column2-mobile-grid__row-2\">\n<div class=\"wp-block-jetpack-layout-grid-column wp-block-jetpack-layout-grid__padding-none\">\n<figure class=\"wp-block-embed is-type-video is-provider-youtube wp-block-embed-youtube wp-embed-aspect-4-3 wp-has-aspect-ratio\"><div class=\"wp-block-embed__wrapper\">\n<iframe loading=\"lazy\" title=\"Cynthia Rodr\u00edguez Ju\u00e1rez - Cladding\" width=\"500\" height=\"375\" src=\"https:\/\/www.youtube.com\/embed\/U_0SrTk2mns?feature=oembed\" frameborder=\"0\" allow=\"accelerometer; autoplay; clipboard-write; encrypted-media; gyroscope; picture-in-picture; web-share\" referrerpolicy=\"strict-origin-when-cross-origin\" allowfullscreen><\/iframe>\n<\/div><figcaption class=\"wp-element-caption\">&#8220;Cladding&#8221;<br>Poem written as a blackout exercise at <a rel=\"noreferrer noopener\" href=\"https:\/\/www.gobscollective.org\" target=\"_blank\">Gobs Collective<\/a>.<br>Film produced at Gobs Poetry Film Masterclass led by Rebecca Goldsmith, February 2021.<br>Images from <a rel=\"noreferrer noopener\" href=\"https:\/\/unsplash.com\" target=\"_blank\">Unsplash<\/a>.<br>Edited on VideoShow for Android.<br>Music coded on <a rel=\"noreferrer noopener\" href=\"https:\/\/sonic-pi.net\" target=\"_blank\">Sonic Pi<\/a>.<br>Vocals recorded and edited on Audacity. <\/figcaption><\/figure>\n\n\n\n<figure class=\"wp-block-embed is-type-video is-provider-youtube wp-block-embed-youtube wp-embed-aspect-16-9 wp-has-aspect-ratio\"><div class=\"wp-block-embed__wrapper\">\n<iframe loading=\"lazy\" title=\"Cynthia Rodr\u00edguez Ju\u00e1rez - But Is It Art (Live at UniSlam 2019)\" width=\"500\" height=\"281\" src=\"https:\/\/www.youtube.com\/embed\/DDVAuTCfhbM?feature=oembed\" frameborder=\"0\" allow=\"accelerometer; autoplay; clipboard-write; encrypted-media; gyroscope; picture-in-picture; web-share\" referrerpolicy=\"strict-origin-when-cross-origin\" allowfullscreen><\/iframe>\n<\/div><figcaption class=\"wp-element-caption\">&#8220;But is it Art?&#8221;<br>Live at UniSlam 2019 prelim<br>Filmed by Tyrone Lewis at Process Productions.<\/figcaption><\/figure>\n\n\n\n<figure class=\"wp-block-embed is-type-video is-provider-youtube wp-block-embed-youtube wp-embed-aspect-16-9 wp-has-aspect-ratio\"><div class=\"wp-block-embed__wrapper\">\n<iframe loading=\"lazy\" title=\"Cynthia Rodr\u00edguez Ju\u00e1rez - Dark Truths White Lies\" width=\"500\" height=\"281\" src=\"https:\/\/www.youtube.com\/embed\/Ct3DHBztnpA?feature=oembed\" frameborder=\"0\" allow=\"accelerometer; autoplay; clipboard-write; encrypted-media; gyroscope; picture-in-picture; web-share\" referrerpolicy=\"strict-origin-when-cross-origin\" allowfullscreen><\/iframe>\n<\/div><figcaption class=\"wp-element-caption\"> &#8220;Dark Truth\/White Lies&#8221;<br>National Poetry Day 2019 #SpeakYourTruthPoem<br>Filmed at home. <\/figcaption><\/figure>\n<\/div>\n\n\n\n<div class=\"wp-block-jetpack-layout-grid-column wp-block-jetpack-layout-grid__padding-none\">\n<figure class=\"wp-block-embed is-type-video is-provider-youtube wp-block-embed-youtube wp-embed-aspect-16-9 wp-has-aspect-ratio\"><div class=\"wp-block-embed__wrapper\">\nhttps:\/\/www.youtube.com\/watch?v=Z6lUUeJ0UHg\n<\/div><figcaption class=\"wp-element-caption\">&#8220;The Size of a Pencil&#8221; (unabridged)<br>Recorded by Burning Eye Books, June 2019<\/figcaption><\/figure>\n\n\n\n<figure class=\"wp-block-embed is-type-video is-provider-youtube wp-block-embed-youtube wp-embed-aspect-16-9 wp-has-aspect-ratio\"><div class=\"wp-block-embed__wrapper\">\n<iframe loading=\"lazy\" title=\"Cynthia Rodr\u00edguez Ju\u00e1rez - Spidergirls\" width=\"500\" height=\"281\" src=\"https:\/\/www.youtube.com\/embed\/qix1dds4g2s?feature=oembed\" frameborder=\"0\" allow=\"accelerometer; autoplay; clipboard-write; encrypted-media; gyroscope; picture-in-picture; web-share\" referrerpolicy=\"strict-origin-when-cross-origin\" allowfullscreen><\/iframe>\n<\/div><figcaption class=\"wp-element-caption\">&#8220;Spidergirls&#8221;<br>Moonshine Word Jam, The Exchange Bar,<br>Leicester, 09 March 2017.<br>BootLeg jazz trio: Fran Bass, Deb Mawby and Sophie Fishwick.<\/figcaption><\/figure>\n\n\n\n<figure class=\"wp-block-embed is-type-video is-provider-youtube wp-block-embed-youtube wp-embed-aspect-16-9 wp-has-aspect-ratio\"><div class=\"wp-block-embed__wrapper\">\n<iframe loading=\"lazy\" title=\"Cynthia Rodr\u00edguez Ju\u00e1rez - How to Leave the House in Times of Trouble\" width=\"500\" height=\"281\" src=\"https:\/\/www.youtube.com\/embed\/rn7S0L8xay4?feature=oembed\" frameborder=\"0\" allow=\"accelerometer; autoplay; clipboard-write; encrypted-media; gyroscope; picture-in-picture; web-share\" referrerpolicy=\"strict-origin-when-cross-origin\" allowfullscreen><\/iframe>\n<\/div><figcaption class=\"wp-element-caption\">\u201cHow to Leave the House in Times of Trouble\u201d<br>Pangea Poetry World Slam, July 2016<br>Filmed, directed and acted by CRJ.<br>Music by Bensound.<\/figcaption><\/figure>\n<\/div>\n<\/div>\n\n\n\n<div class=\"wp-block-columns is-layout-flex wp-container-core-columns-is-layout-28f84493 wp-block-columns-is-layout-flex\">\n<div class=\"wp-block-column is-layout-flow wp-block-column-is-layout-flow\"><\/div>\n<\/div>","protected":false},"excerpt":{"rendered":"","protected":false},"author":1,"featured_media":0,"parent":0,"menu_order":0,"comment_status":"closed","ping_status":"closed","template":"","meta":{"_EventAllDay":false,"_EventTimezone":"","_EventStartDate":"","_EventEndDate":"","_EventStartDateUTC":"","_EventEndDateUTC":"","_EventShowMap":false,"_EventShowMapLink":false,"_EventURL":"","_EventCost":"","_EventCostDescription":"","_EventCurrencySymbol":"","_EventCurrencyCode":"","_EventCurrencyPosition":"","_EventDateTimeSeparator":"","_EventTimeRangeSeparator":"","_EventOrganizerID":[],"_EventVenueID":[],"_OrganizerEmail":"","_OrganizerPhone":"","_OrganizerWebsite":"","_VenueAddress":"","_VenueCity":"","_VenueCountry":"","_VenueProvince":"","_VenueState":"","_VenueZip":"","_VenuePhone":"","_VenueURL":"","_VenueStateProvince":"","_VenueLat":"","_VenueLng":"","_VenueShowMap":false,"_VenueShowMapLink":false,"footnotes":""},"class_list":["post-3703","page","type-page","status-publish","hentry"],"jetpack_sharing_enabled":false,"jetpack-related-posts":[{"id":600,"url":"https:\/\/cynthiarodriguez.org\/eng\/services\/","url_meta":{"origin":3703,"position":0},"title":"Services","author":"Cynthia","date":"25 November, 2012","format":false,"excerpt":"Writing Published poetry, essays and short stories through zines, websites and independent publishing houses. See Meanwhile (Burning Eye Books, 2020) for information on my debut poetry collection. Performance Experience performing on stage in a multidisciplinary manner, often mixing spoken word, music and visuals through collaboration. See video section for video\u2026","rel":"","context":"Similar post","block_context":{"text":"Similar post","link":""},"img":{"alt_text":"","src":"https:\/\/i0.wp.com\/cynthiarodriguez.org\/wp-content\/uploads\/2015\/08\/bafta-writer.jpg?resize=350%2C200&ssl=1","width":350,"height":200,"srcset":"https:\/\/i0.wp.com\/cynthiarodriguez.org\/wp-content\/uploads\/2015\/08\/bafta-writer.jpg?resize=350%2C200&ssl=1 1x, https:\/\/i0.wp.com\/cynthiarodriguez.org\/wp-content\/uploads\/2015\/08\/bafta-writer.jpg?resize=525%2C300&ssl=1 1.5x, https:\/\/i0.wp.com\/cynthiarodriguez.org\/wp-content\/uploads\/2015\/08\/bafta-writer.jpg?resize=700%2C400&ssl=1 2x, https:\/\/i0.wp.com\/cynthiarodriguez.org\/wp-content\/uploads\/2015\/08\/bafta-writer.jpg?resize=1050%2C600&ssl=1 3x"},"classes":[]},{"id":5534,"url":"https:\/\/cynthiarodriguez.org\/eng\/writing\/","url_meta":{"origin":3703,"position":1},"title":"Creative writing","author":"Cynthia","date":"5 September, 2021","format":false,"excerpt":"Llevo m\u00e1s de diez a\u00f1os escribiendo y compartiendo poes\u00eda, cuento, ensayo, canci\u00f3n y m\u00e1s. Me encanta experimentar con las posibilidades de la palabra escrita y hablada para compartir mi verdad y ayudar a otros a transmitir la suya. Algunos de los temas que exploro incluyen choque cultural y contracultural, ritos\u2026","rel":"","context":"Similar post","block_context":{"text":"Similar post","link":""},"img":{"alt_text":"","src":"https:\/\/cynthiarodriguez.org\/wp-content\/uploads\/2025\/07\/LLR23_edited.avif","width":350,"height":200,"srcset":"https:\/\/cynthiarodriguez.org\/wp-content\/uploads\/2025\/07\/LLR23_edited.avif 1x, https:\/\/cynthiarodriguez.org\/wp-content\/uploads\/2025\/07\/LLR23_edited.avif 1.5x"},"classes":[]},{"id":4937,"url":"https:\/\/cynthiarodriguez.org\/eng\/meanwhile\/","url_meta":{"origin":3703,"position":2},"title":"Meanwhile","author":"Cynthia","date":"12 February, 2021","format":false,"excerpt":"Meanwhile (2020) El primer poemario de Cynthia Rodr\u00edguez Ju\u00e1rez. Disponible ahora en Burning Eye Books. Comprar Meanwhile de Burning Eye Books Este es un libro sobre estar atrapado en el Mientrastanto. Caminando por viajes aparentemente perpetuos entre fronteras, g\u00e9neros, nacionalidades y estatus social. Como producto de la mezcla de razas,\u2026","rel":"","context":"Similar post","block_context":{"text":"Similar post","link":""},"img":{"alt_text":"Cover for the book Meanwhile, by Cynthia Rodr\u00edguez. Its background is a collage in red, with the title and author's name in white letters on a green backdrop.","src":"https:\/\/i0.wp.com\/cynthiarodriguez.org\/wp-content\/uploads\/2020\/07\/meanwhile-cover.jpg?resize=350%2C200&ssl=1","width":350,"height":200,"srcset":"https:\/\/i0.wp.com\/cynthiarodriguez.org\/wp-content\/uploads\/2020\/07\/meanwhile-cover.jpg?resize=350%2C200&ssl=1 1x, https:\/\/i0.wp.com\/cynthiarodriguez.org\/wp-content\/uploads\/2020\/07\/meanwhile-cover.jpg?resize=525%2C300&ssl=1 1.5x, https:\/\/i0.wp.com\/cynthiarodriguez.org\/wp-content\/uploads\/2020\/07\/meanwhile-cover.jpg?resize=700%2C400&ssl=1 2x, https:\/\/i0.wp.com\/cynthiarodriguez.org\/wp-content\/uploads\/2020\/07\/meanwhile-cover.jpg?resize=1050%2C600&ssl=1 3x, https:\/\/i0.wp.com\/cynthiarodriguez.org\/wp-content\/uploads\/2020\/07\/meanwhile-cover.jpg?resize=1400%2C800&ssl=1 4x"},"classes":[]},{"id":5570,"url":"https:\/\/cynthiarodriguez.org\/eng\/","url_meta":{"origin":3703,"position":3},"title":"cynthia rodr\u00edguez ju\u00e1rez Escritura y\u2026","author":"Cynthia","date":"11 September, 2021","format":false,"excerpt":"cynthia rodr\u00edguez ju\u00e1rez Escritura y expresi\u00f3n creativa. Hola, soy Cynthia. Me encanta escribir y compartir. Lo he hecho por m\u00e1s de una d\u00e9cada y quiero seguir haci\u00e9ndolo por mucho m\u00e1s tiempo. Aqu\u00ed comparto algo de lo que hago en publicaciones y escenarios. Hazlo por Ella, el blog Lee m\u00e1s en\u2026","rel":"","context":"Similar post","block_context":{"text":"Similar post","link":""},"img":{"alt_text":"","src":"https:\/\/i0.wp.com\/cynthiarodriguez.org\/wp-content\/uploads\/2025\/11\/hotpinkpixels-cyn03.jpg?resize=350%2C200&ssl=1","width":350,"height":200,"srcset":"https:\/\/i0.wp.com\/cynthiarodriguez.org\/wp-content\/uploads\/2025\/11\/hotpinkpixels-cyn03.jpg?resize=350%2C200&ssl=1 1x, https:\/\/i0.wp.com\/cynthiarodriguez.org\/wp-content\/uploads\/2025\/11\/hotpinkpixels-cyn03.jpg?resize=525%2C300&ssl=1 1.5x"},"classes":[]},{"id":166835361,"url":"https:\/\/cynthiarodriguez.org\/eng\/spoken-word\/","url_meta":{"origin":3703,"position":4},"title":"Spoken word","author":"Cynthia","date":"9 September, 2025","format":false,"excerpt":"Presentaciones Llevo presentando mis textos en los escenarios desde el 2015, a trav\u00e9s de noches de micr\u00f3fono abierto, festivales independientes, y otros eventos culturales y sociales alrededor del mundo. Orgullosa ex-alumna de Mouthy Poets y miembro del colectivo Gobs, ambos con sede en Nottingham, Ciudad de Literatura de la UNESCO.\u2026","rel":"","context":"Similar post","block_context":{"text":"Similar post","link":""},"img":{"alt_text":"","src":"https:\/\/i0.wp.com\/cynthiarodriguez.org\/wp-content\/uploads\/2025\/07\/cynthia-rodriguez-juarez-word.jpg?resize=350%2C200&ssl=1","width":350,"height":200,"srcset":"https:\/\/i0.wp.com\/cynthiarodriguez.org\/wp-content\/uploads\/2025\/07\/cynthia-rodriguez-juarez-word.jpg?resize=350%2C200&ssl=1 1x, https:\/\/i0.wp.com\/cynthiarodriguez.org\/wp-content\/uploads\/2025\/07\/cynthia-rodriguez-juarez-word.jpg?resize=525%2C300&ssl=1 1.5x, https:\/\/i0.wp.com\/cynthiarodriguez.org\/wp-content\/uploads\/2025\/07\/cynthia-rodriguez-juarez-word.jpg?resize=700%2C400&ssl=1 2x, https:\/\/i0.wp.com\/cynthiarodriguez.org\/wp-content\/uploads\/2025\/07\/cynthia-rodriguez-juarez-word.jpg?resize=1050%2C600&ssl=1 3x"},"classes":[]},{"id":166835383,"url":"https:\/\/cynthiarodriguez.org\/eng\/copywriting\/","url_meta":{"origin":3703,"position":5},"title":"Copywriting","author":"Cynthia","date":"9 September, 2025","format":false,"excerpt":"Copywriting","rel":"","context":"Similar post","block_context":{"text":"Similar post","link":""},"img":{"alt_text":"","src":"https:\/\/i0.wp.com\/cynthiarodriguez.org\/wp-content\/uploads\/2023\/05\/cx-achieve.jpeg?resize=350%2C200&ssl=1","width":350,"height":200,"srcset":"https:\/\/i0.wp.com\/cynthiarodriguez.org\/wp-content\/uploads\/2023\/05\/cx-achieve.jpeg?resize=350%2C200&ssl=1 1x, https:\/\/i0.wp.com\/cynthiarodriguez.org\/wp-content\/uploads\/2023\/05\/cx-achieve.jpeg?resize=525%2C300&ssl=1 1.5x, https:\/\/i0.wp.com\/cynthiarodriguez.org\/wp-content\/uploads\/2023\/05\/cx-achieve.jpeg?resize=700%2C400&ssl=1 2x"},"classes":[]}],"_links":{"self":[{"href":"https:\/\/cynthiarodriguez.org\/eng\/wp-json\/wp\/v2\/pages\/3703","targetHints":{"allow":["GET"]}}],"collection":[{"href":"https:\/\/cynthiarodriguez.org\/eng\/wp-json\/wp\/v2\/pages"}],"about":[{"href":"https:\/\/cynthiarodriguez.org\/eng\/wp-json\/wp\/v2\/types\/page"}],"author":[{"embeddable":true,"href":"https:\/\/cynthiarodriguez.org\/eng\/wp-json\/wp\/v2\/users\/1"}],"replies":[{"embeddable":true,"href":"https:\/\/cynthiarodriguez.org\/eng\/wp-json\/wp\/v2\/comments?post=3703"}],"version-history":[{"count":6,"href":"https:\/\/cynthiarodriguez.org\/eng\/wp-json\/wp\/v2\/pages\/3703\/revisions"}],"predecessor-version":[{"id":6228,"href":"https:\/\/cynthiarodriguez.org\/eng\/wp-json\/wp\/v2\/pages\/3703\/revisions\/6228"}],"wp:attachment":[{"href":"https:\/\/cynthiarodriguez.org\/eng\/wp-json\/wp\/v2\/media?parent=3703"}],"curies":[{"name":"wp","href":"https:\/\/api.w.org\/{rel}","templated":true}]}}