{"id":3805,"date":"2017-03-16T16:51:51","date_gmt":"2017-03-16T16:51:51","guid":{"rendered":"http:\/\/cynthiaescribe.com\/?page_id=3805"},"modified":"2022-11-19T23:49:47","modified_gmt":"2022-11-19T23:49:47","slug":"press","status":"publish","type":"page","link":"https:\/\/cynthiarodriguez.org\/eng\/press\/","title":{"rendered":"Press"},"content":{"rendered":"\n<div class=\"wp-block-columns is-layout-flex wp-container-core-columns-is-layout-28f84493 wp-block-columns-is-layout-flex\">\n<div class=\"wp-block-column is-layout-flow wp-block-column-is-layout-flow\">\n<h2 class=\"wp-block-heading\">Art\u00edculos, entrevistas y rese\u00f1as<\/h2>\n\n\n\n<div class=\"wp-block-media-text is-stacked-on-mobile is-vertically-aligned-center\" style=\"grid-template-columns:42% auto\"><figure class=\"wp-block-media-text__media\"><img loading=\"lazy\" decoding=\"async\" width=\"740\" height=\"687\" src=\"http:\/\/cynthiarodriguez.org\/wp-content\/uploads\/2021\/10\/por-el-arte-de-aprender.png\" alt=\"\" class=\"wp-image-5960 size-full\" srcset=\"https:\/\/cynthiarodriguez.org\/wp-content\/uploads\/2021\/10\/por-el-arte-de-aprender.png 740w, https:\/\/cynthiarodriguez.org\/wp-content\/uploads\/2021\/10\/por-el-arte-de-aprender-300x279.png 300w\" sizes=\"auto, (max-width: 740px) 100vw, 740px\" \/><\/figure><div class=\"wp-block-media-text__content\">\n<p class=\"has-medium-font-size\">Por El Arte de Aprender (2021) <br><a rel=\"noreferrer noopener\" href=\"https:\/\/www.instagram.com\/p\/CRmLiTho_Z2\/\" target=\"_blank\" data-type=\"URL\" data-id=\"https:\/\/www.instagram.com\/p\/CRmLiTho_Z2\/\"><em>Cynthia Rodr\u00edguez Ju\u00e1rez<\/em><\/a>, <br>Museo Virtual. 21 Julio.<\/p>\n<\/div><\/div>\n\n\n\n<div class=\"wp-block-media-text is-stacked-on-mobile is-vertically-aligned-center\" style=\"grid-template-columns:15% auto\"><figure class=\"wp-block-media-text__media\"><img loading=\"lazy\" decoding=\"async\" width=\"440\" height=\"438\" src=\"http:\/\/cynthiarodriguez.org\/wp-content\/uploads\/2021\/04\/fourthfloorlevela.png\" alt=\"Level A Fourth Floor Poetry Series: Cynthia Rodr\u00edguez Ju\u00e1rez.\" class=\"wp-image-5463 size-full\" srcset=\"https:\/\/cynthiarodriguez.org\/wp-content\/uploads\/2021\/04\/fourthfloorlevela.png 440w, https:\/\/cynthiarodriguez.org\/wp-content\/uploads\/2021\/04\/fourthfloorlevela-300x300.png 300w, https:\/\/cynthiarodriguez.org\/wp-content\/uploads\/2021\/04\/fourthfloorlevela-150x150.png 150w\" sizes=\"auto, (max-width: 440px) 100vw, 440px\" \/><\/figure><div class=\"wp-block-media-text__content\">\n<p class=\"has-medium-font-size\">Bertie Gmaj (2021) <a rel=\"noreferrer noopener\" href=\"https:\/\/www.fourthfloor.uk\/arts\/fourth-floor-level-a-poetry-series-cynthia-rodriguez-juarez\" target=\"_blank\"><em>Cynthia Rodr\u00edguez Ju\u00e1rez<\/em><\/a>, Fourth Floor. 5 Abril.<\/p>\n<\/div><\/div>\n\n\n\n<div class=\"wp-block-media-text alignfull is-stacked-on-mobile is-vertically-aligned-center\" style=\"grid-template-columns:15% auto\"><figure class=\"wp-block-media-text__media\"><img loading=\"lazy\" decoding=\"async\" width=\"365\" height=\"362\" src=\"http:\/\/cynthiarodriguez.org\/wp-content\/uploads\/2021\/02\/jhalakprize.png\" alt=\"\" class=\"wp-image-5246 size-full\" srcset=\"https:\/\/cynthiarodriguez.org\/wp-content\/uploads\/2021\/02\/jhalakprize.png 365w, https:\/\/cynthiarodriguez.org\/wp-content\/uploads\/2021\/02\/jhalakprize-300x298.png 300w, https:\/\/cynthiarodriguez.org\/wp-content\/uploads\/2021\/02\/jhalakprize-150x150.png 150w\" sizes=\"auto, (max-width: 365px) 100vw, 365px\" \/><\/figure><div class=\"wp-block-media-text__content\">\n<p class=\"has-medium-font-size\">Nikita Gil (2021) <a href=\"https:\/\/www.jhalakprize.com\/post\/poets-are-witnesses-to-the-emotive-history-of-humankind\"><em>\u201cPoets are witnesses&#8230;\u201d<\/em><\/a>, Jhalak Prize &#8211; Books We Love. 6 Enero.<\/p>\n<\/div><\/div>\n\n\n\n<div class=\"wp-block-media-text alignfull is-stacked-on-mobile is-vertically-aligned-center\" style=\"grid-template-columns:15% auto\"><figure class=\"wp-block-media-text__media\"><img loading=\"lazy\" decoding=\"async\" width=\"300\" height=\"181\" src=\"http:\/\/cynthiarodriguez.org\/wp-content\/uploads\/2021\/02\/eyeonleicester.png\" alt=\"\" class=\"wp-image-5245 size-full\"\/><\/figure><div class=\"wp-block-media-text__content\">\n<p class=\"has-medium-font-size\">Oli Page (2020) <a rel=\"noreferrer noopener\" href=\"https:\/\/www.eyeonleicester.co.uk\/post\/cynthia-rodriguez\" target=\"_blank\"><em>Cynthia Rodriguez<\/em><\/a>, Eye on Leicester. 22 Julio.<\/p>\n<\/div><\/div>\n\n\n\n<div class=\"wp-block-media-text is-stacked-on-mobile\" style=\"grid-template-columns:15% auto\"><figure class=\"wp-block-media-text__media\"><img loading=\"lazy\" decoding=\"async\" width=\"300\" height=\"270\" src=\"http:\/\/cynthiarodriguez.org\/wp-content\/uploads\/2021\/02\/a-body-project-cynthia-rodriguez-on-her-chin-s.png\" alt=\"\" class=\"wp-image-5251 size-full\"\/><\/figure><div class=\"wp-block-media-text__content\">\n<p class=\"has-medium-font-size\">Maria Southard Ospina (2017) <em><a rel=\"noreferrer noopener\" href=\"https:\/\/www.bustle.com\/p\/a-body-project-cynthia-rodriguez-on-their-chins-61564\" target=\"_blank\">A Body Project: Cynthia Rodriguez On Her Chin(s)<\/a><\/em>, Bustle. 12 Junio.<\/p>\n<\/div><\/div>\n\n\n\n<div class=\"wp-block-media-text alignfull is-stacked-on-mobile is-vertically-aligned-center\" style=\"grid-template-columns:15% auto\"><figure class=\"wp-block-media-text__media\"><img loading=\"lazy\" decoding=\"async\" width=\"400\" height=\"291\" src=\"http:\/\/cynthiarodriguez.org\/wp-content\/uploads\/2019\/07\/ambrosepublishing.jpg\" alt=\"\" class=\"wp-image-4066 size-full\" srcset=\"https:\/\/cynthiarodriguez.org\/wp-content\/uploads\/2019\/07\/ambrosepublishing.jpg 400w, https:\/\/cynthiarodriguez.org\/wp-content\/uploads\/2019\/07\/ambrosepublishing-300x218.jpg 300w\" sizes=\"auto, (max-width: 400px) 100vw, 400px\" \/><\/figure><div class=\"wp-block-media-text__content\">\n<p class=\"has-medium-font-size\">Ambrose Musiyiwa (2017) <a rel=\"noreferrer noopener\" href=\"http:\/\/conversationswithwriters.blogspot.com\/2017\/05\/interview-cynthia-rodriguez.html\" target=\"_blank\"><em>Interview with Cynthia Rodr\u00edguez<\/em><\/a>, Conversations with Writers. 5 Mayo.<\/p>\n<\/div><\/div>\n<\/div>\n\n\n\n<div class=\"wp-block-column is-layout-flow wp-block-column-is-layout-flow\">\n<h2 class=\"wp-block-heading\">Podcasts<\/h2>\n\n\n\n<div class=\"wp-block-media-text alignfull is-stacked-on-mobile is-vertically-aligned-center\" style=\"grid-template-columns:42% auto\"><figure class=\"wp-block-media-text__media\"><img loading=\"lazy\" decoding=\"async\" width=\"297\" height=\"300\" src=\"http:\/\/cynthiarodriguez.org\/wp-content\/uploads\/2021\/02\/outinsouthlondon.png\" alt=\"\" class=\"wp-image-5248 size-full\"\/><\/figure><div class=\"wp-block-media-text__content\">\n<p class=\"has-medium-font-size\">Sophia Blackwell (2020) <em><a rel=\"noreferrer noopener\" href=\"https:\/\/www.mixcloud.com\/Resonance\/out-in-south-london-10-november-2020\/\" target=\"_blank\">Out in South London<\/a><\/em>, Resonance FM. 10 Nov.<\/p>\n<\/div><\/div>\n\n\n\n<div class=\"wp-block-media-text alignfull is-stacked-on-mobile is-vertically-aligned-center\" style=\"grid-template-columns:15% auto\"><figure class=\"wp-block-media-text__media\"><img loading=\"lazy\" decoding=\"async\" width=\"300\" height=\"301\" src=\"http:\/\/cynthiarodriguez.org\/wp-content\/uploads\/2021\/02\/burningeyepodcast.png\" alt=\"\" class=\"wp-image-5252 size-full\" srcset=\"https:\/\/cynthiarodriguez.org\/wp-content\/uploads\/2021\/02\/burningeyepodcast.png 300w, https:\/\/cynthiarodriguez.org\/wp-content\/uploads\/2021\/02\/burningeyepodcast-150x150.png 150w\" sizes=\"auto, (max-width: 300px) 100vw, 300px\" \/><\/figure><div class=\"wp-block-media-text__content\">\n<p class=\"has-medium-font-size\">Bridget Hart (2020) <a rel=\"noreferrer noopener\" href=\"https:\/\/soundcloud.com\/burningeyepodcast\/cynthia-rodriguez-interview\" target=\"_blank\"><em>Cynthia Rodr\u00edguez [Interview]<\/em><\/a>, Burning Eye Podcast. 18 Oct.<\/p>\n<\/div><\/div>\n\n\n\n<div class=\"wp-block-media-text alignfull is-stacked-on-mobile is-vertically-aligned-center\" style=\"grid-template-columns:15% auto\"><figure class=\"wp-block-media-text__media\"><img loading=\"lazy\" decoding=\"async\" width=\"287\" height=\"288\" src=\"http:\/\/cynthiarodriguez.org\/wp-content\/uploads\/2021\/10\/alonetogether.png\" alt=\"\" class=\"wp-image-5961 size-full\" srcset=\"https:\/\/cynthiarodriguez.org\/wp-content\/uploads\/2021\/10\/alonetogether.png 287w, https:\/\/cynthiarodriguez.org\/wp-content\/uploads\/2021\/10\/alonetogether-150x150.png 150w\" sizes=\"auto, (max-width: 287px) 100vw, 287px\" \/><\/figure><div class=\"wp-block-media-text__content\">\n<p class=\"has-medium-font-size\">ThinkWriteFly (2020)<br><a href=\"https:\/\/open.spotify.com\/episode\/0z55tOeT0OfR5xmyABd09R\" data-type=\"URL\" data-id=\"https:\/\/open.spotify.com\/episode\/0z55tOeT0OfR5xmyABd09R\">Ep.2: Arboretum<\/a>,<br>Alone Together. May.<\/p>\n<\/div><\/div>\n\n\n\n<div class=\"wp-block-media-text alignfull is-stacked-on-mobile is-vertically-aligned-center\" style=\"grid-template-columns:15% auto\"><figure class=\"wp-block-media-text__media\"><img loading=\"lazy\" decoding=\"async\" width=\"600\" height=\"600\" src=\"http:\/\/cynthiarodriguez.org\/wp-content\/uploads\/2020\/04\/600x600bb1.jpg\" alt=\"\" class=\"wp-image-4265 size-full\" srcset=\"https:\/\/cynthiarodriguez.org\/wp-content\/uploads\/2020\/04\/600x600bb1.jpg 600w, https:\/\/cynthiarodriguez.org\/wp-content\/uploads\/2020\/04\/600x600bb1-300x300.jpg 300w, https:\/\/cynthiarodriguez.org\/wp-content\/uploads\/2020\/04\/600x600bb1-150x150.jpg 150w\" sizes=\"auto, (max-width: 600px) 100vw, 600px\" \/><\/figure><div class=\"wp-block-media-text__content\">\n<p>Gem Kennedy (2020) <a rel=\"noreferrer noopener\" href=\"https:\/\/www.gemkennedy.com\/podcast\/010\" target=\"_blank\"><em>Cynthia Rodriguez &#8211; I am still<\/em> <\/a><em><a rel=\"noreferrer noopener\" href=\"https:\/\/www.gemkennedy.com\/podcast\/010\" target=\"_blank\">Mexican, even when I&#8217;m British &#8211; 010<\/a><\/em>, Queers &amp; Co. Podcast. 2 Abril.<\/p>\n<\/div><\/div>\n<\/div>\n<\/div>\n","protected":false},"excerpt":{"rendered":"<p>Art\u00edculos, entrevistas y rese\u00f1as Por El Arte de Aprender (2021) Cynthia Rodr\u00edguez Ju\u00e1rez, Museo Virtual. 21 Julio. Bertie Gmaj (2021) Cynthia Rodr\u00edguez Ju\u00e1rez, Fourth Floor. 5 Abril. Nikita Gil (2021) [&hellip;]<\/p>\n","protected":false},"author":1,"featured_media":0,"parent":0,"menu_order":0,"comment_status":"closed","ping_status":"closed","template":"","meta":{"_EventAllDay":false,"_EventTimezone":"","_EventStartDate":"","_EventEndDate":"","_EventStartDateUTC":"","_EventEndDateUTC":"","_EventShowMap":false,"_EventShowMapLink":false,"_EventURL":"","_EventCost":"","_EventCostDescription":"","_EventCurrencySymbol":"","_EventCurrencyCode":"","_EventCurrencyPosition":"","_EventDateTimeSeparator":"","_EventTimeRangeSeparator":"","_EventOrganizerID":[],"_EventVenueID":[],"_OrganizerEmail":"","_OrganizerPhone":"","_OrganizerWebsite":"","_VenueAddress":"","_VenueCity":"","_VenueCountry":"","_VenueProvince":"","_VenueState":"","_VenueZip":"","_VenuePhone":"","_VenueURL":"","_VenueStateProvince":"","_VenueLat":"","_VenueLng":"","_VenueShowMap":false,"_VenueShowMapLink":false,"footnotes":""},"class_list":["post-3805","page","type-page","status-publish","hentry"],"jetpack_sharing_enabled":false,"jetpack-related-posts":[{"id":166835353,"url":"https:\/\/cynthiarodriguez.org\/eng\/cuerpo\/","url_meta":{"origin":3805,"position":0},"title":"Body","author":"Cynthia","date":"9 September, 2025","format":false,"excerpt":"Publicaciones y presentaciones de escritura creativa, poes\u00eda y comedia. Publicaciones Trabajos de poes\u00eda, ensayo personal y escritura creativa disponibles en formato de papel y\/o digital. Palabra hablada Poes\u00eda interpretada en escenarios internacionales de micr\u00f3fono abierto y presentaciones solistas y colectivas. Comedia Rutinas de stand-up comedy en M\u00e9xico, Reino Unido y\u2026","rel":"","context":"Similar post","block_context":{"text":"Similar post","link":""},"img":{"alt_text":"","src":"https:\/\/i0.wp.com\/cynthiarodriguez.org\/wp-content\/uploads\/2025\/07\/cynthia-rodriguez-juarez-word-poetry-e1754001073936.jpg?resize=350%2C200&ssl=1","width":350,"height":200},"classes":[]},{"id":5570,"url":"https:\/\/cynthiarodriguez.org\/eng\/","url_meta":{"origin":3805,"position":1},"title":"cynthia rodr\u00edguez ju\u00e1rez Escritura y\u2026","author":"Cynthia","date":"11 September, 2021","format":false,"excerpt":"cynthia rodr\u00edguez ju\u00e1rez Escritura y expresi\u00f3n creativa. Hola, soy Cynthia. Me encanta escribir y compartir. Lo he hecho por m\u00e1s de una d\u00e9cada y quiero seguir haci\u00e9ndolo por mucho m\u00e1s tiempo. Aqu\u00ed comparto algo de lo que hago en publicaciones y escenarios. Hazlo por Ella, el blog Lee m\u00e1s en\u2026","rel":"","context":"Similar post","block_context":{"text":"Similar post","link":""},"img":{"alt_text":"","src":"https:\/\/i0.wp.com\/cynthiarodriguez.org\/wp-content\/uploads\/2025\/11\/hotpinkpixels-cyn03.jpg?resize=350%2C200&ssl=1","width":350,"height":200,"srcset":"https:\/\/i0.wp.com\/cynthiarodriguez.org\/wp-content\/uploads\/2025\/11\/hotpinkpixels-cyn03.jpg?resize=350%2C200&ssl=1 1x, https:\/\/i0.wp.com\/cynthiarodriguez.org\/wp-content\/uploads\/2025\/11\/hotpinkpixels-cyn03.jpg?resize=525%2C300&ssl=1 1.5x"},"classes":[]},{"id":5534,"url":"https:\/\/cynthiarodriguez.org\/eng\/writing\/","url_meta":{"origin":3805,"position":2},"title":"Creative writing","author":"Cynthia","date":"5 September, 2021","format":false,"excerpt":"Llevo m\u00e1s de diez a\u00f1os escribiendo y compartiendo poes\u00eda, cuento, ensayo, canci\u00f3n y m\u00e1s. Me encanta experimentar con las posibilidades de la palabra escrita y hablada para compartir mi verdad y ayudar a otros a transmitir la suya. Algunos de los temas que exploro incluyen choque cultural y contracultural, ritos\u2026","rel":"","context":"Similar post","block_context":{"text":"Similar post","link":""},"img":{"alt_text":"","src":"https:\/\/cynthiarodriguez.org\/wp-content\/uploads\/2025\/07\/LLR23_edited.avif","width":350,"height":200,"srcset":"https:\/\/cynthiarodriguez.org\/wp-content\/uploads\/2025\/07\/LLR23_edited.avif 1x, https:\/\/cynthiarodriguez.org\/wp-content\/uploads\/2025\/07\/LLR23_edited.avif 1.5x"},"classes":[]},{"id":4937,"url":"https:\/\/cynthiarodriguez.org\/eng\/meanwhile\/","url_meta":{"origin":3805,"position":3},"title":"Meanwhile","author":"Cynthia","date":"12 February, 2021","format":false,"excerpt":"Meanwhile (2020) El primer poemario de Cynthia Rodr\u00edguez Ju\u00e1rez. Disponible ahora en Burning Eye Books. Comprar Meanwhile de Burning Eye Books Este es un libro sobre estar atrapado en el Mientrastanto. Caminando por viajes aparentemente perpetuos entre fronteras, g\u00e9neros, nacionalidades y estatus social. Como producto de la mezcla de razas,\u2026","rel":"","context":"Similar post","block_context":{"text":"Similar post","link":""},"img":{"alt_text":"Cover for the book Meanwhile, by Cynthia Rodr\u00edguez. Its background is a collage in red, with the title and author's name in white letters on a green backdrop.","src":"https:\/\/i0.wp.com\/cynthiarodriguez.org\/wp-content\/uploads\/2020\/07\/meanwhile-cover.jpg?resize=350%2C200&ssl=1","width":350,"height":200,"srcset":"https:\/\/i0.wp.com\/cynthiarodriguez.org\/wp-content\/uploads\/2020\/07\/meanwhile-cover.jpg?resize=350%2C200&ssl=1 1x, https:\/\/i0.wp.com\/cynthiarodriguez.org\/wp-content\/uploads\/2020\/07\/meanwhile-cover.jpg?resize=525%2C300&ssl=1 1.5x, https:\/\/i0.wp.com\/cynthiarodriguez.org\/wp-content\/uploads\/2020\/07\/meanwhile-cover.jpg?resize=700%2C400&ssl=1 2x, https:\/\/i0.wp.com\/cynthiarodriguez.org\/wp-content\/uploads\/2020\/07\/meanwhile-cover.jpg?resize=1050%2C600&ssl=1 3x, https:\/\/i0.wp.com\/cynthiarodriguez.org\/wp-content\/uploads\/2020\/07\/meanwhile-cover.jpg?resize=1400%2C800&ssl=1 4x"},"classes":[]},{"id":166834680,"url":"https:\/\/cynthiarodriguez.org\/eng\/portafolio\/","url_meta":{"origin":3805,"position":4},"title":"Mind","author":"Cynthia","date":"7 July, 2025","format":false,"excerpt":"Ejemplos de mi trabajo en copywriting para web y redes, periodismo cultural, guionismo y traducci\u00f3n. Periodismo Rese\u00f1as, entrevistas y art\u00edculos de ensayo y reflexi\u00f3n sobre m\u00fasica, cine y cultura pop. Guionismo Guionismo e investigaci\u00f3n para documentales de corta y mediana duraci\u00f3n en YouTube. Copywriting Escritura comercial para redes y sitios\u2026","rel":"","context":"Similar post","block_context":{"text":"Similar post","link":""},"img":{"alt_text":"","src":"https:\/\/i0.wp.com\/cynthiarodriguez.org\/wp-content\/uploads\/2024\/10\/calle13-Circulo-Mixup-213-by-Circulo-Mixup-Issuu.png?resize=350%2C200&ssl=1","width":350,"height":200},"classes":[]},{"id":166835383,"url":"https:\/\/cynthiarodriguez.org\/eng\/copywriting\/","url_meta":{"origin":3805,"position":5},"title":"Copywriting","author":"Cynthia","date":"9 September, 2025","format":false,"excerpt":"Copywriting","rel":"","context":"Similar post","block_context":{"text":"Similar post","link":""},"img":{"alt_text":"","src":"https:\/\/i0.wp.com\/cynthiarodriguez.org\/wp-content\/uploads\/2023\/05\/cx-achieve.jpeg?resize=350%2C200&ssl=1","width":350,"height":200,"srcset":"https:\/\/i0.wp.com\/cynthiarodriguez.org\/wp-content\/uploads\/2023\/05\/cx-achieve.jpeg?resize=350%2C200&ssl=1 1x, https:\/\/i0.wp.com\/cynthiarodriguez.org\/wp-content\/uploads\/2023\/05\/cx-achieve.jpeg?resize=525%2C300&ssl=1 1.5x, https:\/\/i0.wp.com\/cynthiarodriguez.org\/wp-content\/uploads\/2023\/05\/cx-achieve.jpeg?resize=700%2C400&ssl=1 2x"},"classes":[]}],"_links":{"self":[{"href":"https:\/\/cynthiarodriguez.org\/eng\/wp-json\/wp\/v2\/pages\/3805","targetHints":{"allow":["GET"]}}],"collection":[{"href":"https:\/\/cynthiarodriguez.org\/eng\/wp-json\/wp\/v2\/pages"}],"about":[{"href":"https:\/\/cynthiarodriguez.org\/eng\/wp-json\/wp\/v2\/types\/page"}],"author":[{"embeddable":true,"href":"https:\/\/cynthiarodriguez.org\/eng\/wp-json\/wp\/v2\/users\/1"}],"replies":[{"embeddable":true,"href":"https:\/\/cynthiarodriguez.org\/eng\/wp-json\/wp\/v2\/comments?post=3805"}],"version-history":[{"count":13,"href":"https:\/\/cynthiarodriguez.org\/eng\/wp-json\/wp\/v2\/pages\/3805\/revisions"}],"predecessor-version":[{"id":6245,"href":"https:\/\/cynthiarodriguez.org\/eng\/wp-json\/wp\/v2\/pages\/3805\/revisions\/6245"}],"wp:attachment":[{"href":"https:\/\/cynthiarodriguez.org\/eng\/wp-json\/wp\/v2\/media?parent=3805"}],"curies":[{"name":"wp","href":"https:\/\/api.w.org\/{rel}","templated":true}]}}