{"id":4937,"date":"2021-02-12T19:48:05","date_gmt":"2021-02-12T19:48:05","guid":{"rendered":"http:\/\/cynthiarodriguez.org\/?page_id=4937"},"modified":"2025-07-31T22:10:12","modified_gmt":"2025-07-31T22:10:12","slug":"meanwhile","status":"publish","type":"page","link":"https:\/\/cynthiarodriguez.org\/eng\/meanwhile\/","title":{"rendered":"Meanwhile"},"content":{"rendered":"<div class=\"wp-block-cover alignfull is-light\" style=\"min-height:241px;aspect-ratio:unset;\"><img loading=\"lazy\" decoding=\"async\" width=\"1024\" height=\"589\" class=\"wp-block-cover__image-background wp-image-4379 size-large\" alt=\"\" src=\"https:\/\/cynthiarodriguez.org\/wp-content\/uploads\/2020\/07\/meanwhile-preview-1-1024x589.jpg\" data-object-fit=\"cover\" srcset=\"https:\/\/cynthiarodriguez.org\/wp-content\/uploads\/2020\/07\/meanwhile-preview-1-1024x589.jpg 1024w, https:\/\/cynthiarodriguez.org\/wp-content\/uploads\/2020\/07\/meanwhile-preview-1-300x173.jpg 300w, https:\/\/cynthiarodriguez.org\/wp-content\/uploads\/2020\/07\/meanwhile-preview-1-768x442.jpg 768w, https:\/\/cynthiarodriguez.org\/wp-content\/uploads\/2020\/07\/meanwhile-preview-1.jpg 1233w\" sizes=\"auto, (max-width: 1024px) 100vw, 1024px\" \/><span aria-hidden=\"true\" class=\"wp-block-cover__background has-base-background-color has-background-dim-70 has-background-dim\"><\/span><div class=\"wp-block-cover__inner-container is-layout-flow wp-block-cover-is-layout-flow\">\n<h1 class=\"wp-block-heading has-text-align-center alignwide has-white-color has-text-color has-contrast-color has-link-color wp-elements-ae8f7acb2848fbfaebe0a4924b90bbde\" style=\"font-size:clamp(2.795em, 2.795rem + ((1vw - 0.2em) * 3.859), 5.4em);line-height:1\"><strong><strong>Meanwhile (2020)<\/strong><\/strong><\/h1>\n\n\n\n<p class=\"has-text-align-center\">The debut poetry collection by Cynthia Rodr\u00edguez Ju\u00e1rez. Available now from Burning Eye Books.<\/p>\n\n\n\n<div class=\"wp-block-buttons is-content-justification-center is-layout-flex wp-container-core-buttons-is-layout-a89b3969 wp-block-buttons-is-layout-flex\">\n<div class=\"wp-block-button\"><a class=\"wp-block-button__link has-text-align-center wp-element-button\">Buy <em>Meanwhile <\/em>from Burning Eye Books<\/a><\/div>\n<\/div>\n<\/div><\/div>\n\n\n\n<div class=\"wp-block-group alignwide has-base-background-color has-background is-layout-flow wp-block-group-is-layout-flow\" style=\"padding-top:1vw;padding-right:1vw;padding-bottom:1vw;padding-left:1vw\">\n<div class=\"wp-block-media-text is-stacked-on-mobile is-vertically-aligned-top has-base-2-background-color has-background\" style=\"grid-template-columns:40% auto\"><figure class=\"wp-block-media-text__media\"><img loading=\"lazy\" decoding=\"async\" width=\"681\" height=\"1024\" src=\"https:\/\/cynthiarodriguez.org\/wp-content\/uploads\/2020\/07\/meanwhile-cover-681x1024.jpg\" alt=\"Cover for the book Meanwhile, by Cynthia Rodr\u00edguez. Its background is a collage in red, with the title and author's name in white letters on a green backdrop.\" class=\"wp-image-4375 size-large\" srcset=\"https:\/\/cynthiarodriguez.org\/wp-content\/uploads\/2020\/07\/meanwhile-cover-681x1024.jpg 681w, https:\/\/cynthiarodriguez.org\/wp-content\/uploads\/2020\/07\/meanwhile-cover-200x300.jpg 200w, https:\/\/cynthiarodriguez.org\/wp-content\/uploads\/2020\/07\/meanwhile-cover-768x1155.jpg 768w, https:\/\/cynthiarodriguez.org\/wp-content\/uploads\/2020\/07\/meanwhile-cover-1022x1536.jpg 1022w, https:\/\/cynthiarodriguez.org\/wp-content\/uploads\/2020\/07\/meanwhile-cover-1362x2048.jpg 1362w, https:\/\/cynthiarodriguez.org\/wp-content\/uploads\/2020\/07\/meanwhile-cover-1568x2358.jpg 1568w, https:\/\/cynthiarodriguez.org\/wp-content\/uploads\/2020\/07\/meanwhile-cover.jpg 1642w\" sizes=\"auto, (max-width: 681px) 100vw, 681px\" \/><\/figure><div class=\"wp-block-media-text__content\">\n<p>This is a book about being trapped in the Meanwhile. Walking through seemingly perpetual journeys between borders, genders, nationalities and social status. <\/p>\n\n\n\n<p>As product of mixing races, yet not mixed race. Inhabiting a large body of before with no clear sense of an after. <\/p>\n\n\n\n<p>Set to a time of one\u2019s own, decades lost and found in the way, at the mercy of socio-political circumstances, legal procedures and test results. Cyclically prone to fail and start again.<\/p>\n<\/div><\/div>\n\n\n\n<div class=\"wp-block-columns is-layout-flex wp-container-core-columns-is-layout-28f84493 wp-block-columns-is-layout-flex\">\n<div class=\"wp-block-column is-vertically-aligned-stretch is-layout-flow wp-block-column-is-layout-flow\" style=\"flex-basis:60%\">\n<p>These respectability parameters are the ones accepted for those who are locked within the narrative of \u2018the good migrant\u2019, \u2018the successful queer\u2019, \u2018the child prodigy\u2019, \u2018the perfect body\u2019 and \u2018the beautiful mind\u2019; as if the only way to escape judgement and earn dignity as human beings within the margins is to fit into the media and government-approved stories of acceptance and assimilation at the right time, place and age.<\/p>\n\n\n\n<figure class=\"wp-block-image aligncenter size-large is-resized\"><img loading=\"lazy\" decoding=\"async\" width=\"521\" height=\"1024\" src=\"https:\/\/cynthiarodriguez.org\/wp-content\/uploads\/2025\/07\/02-The-Successful-Queer300-521x1024.jpg\" alt=\"\" class=\"wp-image-166835229\" style=\"aspect-ratio:0.75;object-fit:cover;width:378px;height:auto\" srcset=\"https:\/\/cynthiarodriguez.org\/wp-content\/uploads\/2025\/07\/02-The-Successful-Queer300-521x1024.jpg 521w, https:\/\/cynthiarodriguez.org\/wp-content\/uploads\/2025\/07\/02-The-Successful-Queer300-153x300.jpg 153w, https:\/\/cynthiarodriguez.org\/wp-content\/uploads\/2025\/07\/02-The-Successful-Queer300-768x1510.jpg 768w, https:\/\/cynthiarodriguez.org\/wp-content\/uploads\/2025\/07\/02-The-Successful-Queer300-781x1536.jpg 781w, https:\/\/cynthiarodriguez.org\/wp-content\/uploads\/2025\/07\/02-The-Successful-Queer300-1041x2048.jpg 1041w, https:\/\/cynthiarodriguez.org\/wp-content\/uploads\/2025\/07\/02-The-Successful-Queer300-6x12.jpg 6w, https:\/\/cynthiarodriguez.org\/wp-content\/uploads\/2025\/07\/02-The-Successful-Queer300-scaled.jpg 1302w\" sizes=\"auto, (max-width: 521px) 100vw, 521px\" \/><\/figure>\n<\/div>\n\n\n\n<div class=\"wp-block-column is-vertically-aligned-stretch is-layout-flow wp-block-column-is-layout-flow\" style=\"flex-basis:40%\">\n<figure class=\"wp-block-image aligncenter size-large\"><img loading=\"lazy\" decoding=\"async\" width=\"523\" height=\"1024\" src=\"https:\/\/cynthiarodriguez.org\/wp-content\/uploads\/2025\/07\/03-The-Child-Prodigy300-523x1024.jpg\" alt=\"\" class=\"wp-image-166835227\" style=\"aspect-ratio:3\/4;object-fit:cover\" srcset=\"https:\/\/cynthiarodriguez.org\/wp-content\/uploads\/2025\/07\/03-The-Child-Prodigy300-523x1024.jpg 523w, https:\/\/cynthiarodriguez.org\/wp-content\/uploads\/2025\/07\/03-The-Child-Prodigy300-153x300.jpg 153w, https:\/\/cynthiarodriguez.org\/wp-content\/uploads\/2025\/07\/03-The-Child-Prodigy300-768x1504.jpg 768w, https:\/\/cynthiarodriguez.org\/wp-content\/uploads\/2025\/07\/03-The-Child-Prodigy300-784x1536.jpg 784w, https:\/\/cynthiarodriguez.org\/wp-content\/uploads\/2025\/07\/03-The-Child-Prodigy300-1046x2048.jpg 1046w, https:\/\/cynthiarodriguez.org\/wp-content\/uploads\/2025\/07\/03-The-Child-Prodigy300-6x12.jpg 6w, https:\/\/cynthiarodriguez.org\/wp-content\/uploads\/2025\/07\/03-The-Child-Prodigy300-scaled.jpg 1307w\" sizes=\"auto, (max-width: 523px) 100vw, 523px\" \/><\/figure>\n\n\n\n<p>Through these pages, we embrace the Meanwhile, and we embrace ourselves to get ready for whatever comes next.<\/p>\n<\/div>\n<\/div>\n<\/div>\n\n\n\n<div class=\"wp-block-group alignwide has-global-padding is-layout-constrained wp-block-group-is-layout-constrained\">\n<hr class=\"wp-block-separator alignwide has-text-color has-contrast-3-color has-alpha-channel-opacity has-contrast-3-background-color has-background is-style-default\"\/>\n\n\n\n<div class=\"wp-block-group alignwide is-layout-flow wp-block-group-is-layout-flow\">\n<h2 class=\"wp-block-heading has-text-align-center is-style-all-caps has-medium-font-size\"><strong>reviews<\/strong><\/h2>\n\n\n\n<div class=\"wp-block-gutena-testimonials gutena-testimonial-block gutena-testimonial-block-a612bc-a9 align-left has-box-shadow can-slide has-nav-dot has-nav-arrow\"><div class='gutena-testimonial-slider' data-slider-settings='{\"autoplay\":false,\"autoplayTimeout\":5000,\"autoplayDirection\":\"forward\",\"speed\":500,\"responsive\":{\"300\":{\"nav\":true,\"controls\":true,\"items\":1,\"gutter\":5},\"640\":{\"nav\":true,\"controls\":true,\"items\":1,\"gutter\":15},\"1024\":{\"nav\":true,\"controls\":true,\"items\":2,\"gutter\":20}}}'>\n<div class=\"gutena-testimonial-slide\"><div class=\"wp-block-gutena-testimonial-item gutena-testimonial-item-block has-base-2-background-color has-background\" style=\"border-radius:5px\">\n\n\n\n\n<div class=\"wp-block-gutena-testimonial-text gutena-testimonial-text-block\"><div class=\"gutena-testimonial-text-content\">Cynthia Rodr\u00edguez unflinchingly turns a mirror to self, to Britain, what it means to be a migrant, a citizen. Fearful and fearless.<\/div><\/div>\n\n\n\n<div class=\"wp-block-gutena-testimonial-details gutena-testimonial-details-block image-side\"><div class=\"gutena-testimonial-details-image\"><img decoding=\"async\" src=\"https:\/\/cynthiarodriguez.org\/wp-content\/plugins\/gutena-testimonial\/build\/images\/image.f6e4c44d.png\" alt=\"Placeholder Image\" class=\"gutena-testimonial-image\"\/><\/div><div class=\"gutena-testimonial-details-content\"><div class=\"gutena-testimonial-name\"><span>DEAN ATTA<\/span><\/div><div class=\"gutena-testimonial-title\"><span>Poet and novelist, <em>The Black Flamingo<\/em><\/span><\/div><\/div><\/div>\n<\/div><\/div>\n\n\n\n<div class=\"gutena-testimonial-slide\"><div class=\"wp-block-gutena-testimonial-item gutena-testimonial-item-block has-base-2-background-color has-background\" style=\"border-radius:5px\">\n\n\n<div class=\"wp-block-gutena-testimonial-text gutena-testimonial-text-block\"><div class=\"gutena-testimonial-text-content\">Rodriguez uses both formidable composition, weaving layer complexity with accessible lyrical language to challenge the approved narrative of what a migrant must do to be accepted, humanising in its approach. Sharp and bright, Meanwhile is a devastatingly moving book I highly recommend.<\/div><\/div>\n\n\n\n<div class=\"wp-block-gutena-testimonial-details gutena-testimonial-details-block image-side\"><div class=\"gutena-testimonial-details-image\"><img decoding=\"async\" src=\"https:\/\/cynthiarodriguez.org\/wp-content\/plugins\/gutena-testimonial\/build\/images\/image.f6e4c44d.png\" alt=\"Placeholder Image\" class=\"gutena-testimonial-image\"\/><\/div><div class=\"gutena-testimonial-details-content\"><div class=\"gutena-testimonial-name\"><span>NIKITA GIL<\/span><\/div><div class=\"gutena-testimonial-title\"><span>Jhalak Prize #PoetsWeLove<\/span><\/div><\/div><\/div>\n<\/div><\/div>\n\n\n\n<div class=\"gutena-testimonial-slide\"><div class=\"wp-block-gutena-testimonial-item gutena-testimonial-item-block has-base-2-background-color has-background\" style=\"border-radius:5px\">\n\n\n<div class=\"wp-block-gutena-testimonial-text gutena-testimonial-text-block\"><div class=\"gutena-testimonial-text-content\">Cynthia has a profoundly distinct voice which, coupled with their razor-sharp insightful view of the world has created a beautiful, heart breaking and hilarious collection of poetry.<\/div><\/div>\n\n\n\n<div class=\"wp-block-gutena-testimonial-details gutena-testimonial-details-block image-side\"><div class=\"gutena-testimonial-details-image\"><img decoding=\"async\" src=\"https:\/\/cynthiarodriguez.org\/wp-content\/plugins\/gutena-testimonial\/build\/images\/image.f6e4c44d.png\" alt=\"Placeholder Image\" class=\"gutena-testimonial-image\"\/><\/div><div class=\"gutena-testimonial-details-content\"><div class=\"gutena-testimonial-name\"><span>JESS GREEN<\/span><\/div><div class=\"gutena-testimonial-title\"><span>Poet and screenwriter, Burning Books, EastEnders <\/span><\/div><\/div><\/div>\n<\/div><\/div>\n\n\n\n<div class=\"gutena-testimonial-slide\"><div class=\"wp-block-gutena-testimonial-item gutena-testimonial-item-block has-base-2-background-color has-background\" style=\"border-radius:5px\">\n\n\n\n\n<div class=\"wp-block-gutena-testimonial-text gutena-testimonial-text-block\"><div class=\"gutena-testimonial-text-content\">In this confident and important debut, Rodr\u00edguez draws on heritage, culture and politics to sing a \u2018Girl Electric\u2019 \u2013 reframing and reclaiming a range of often marginalised experiences \u2013 to devastating, triumphant and compelling effect.<\/div><\/div>\n\n\n\n<div class=\"wp-block-gutena-testimonial-details gutena-testimonial-details-block image-side\"><div class=\"gutena-testimonial-details-image\"><img decoding=\"async\" src=\"https:\/\/cynthiarodriguez.org\/wp-content\/plugins\/gutena-testimonial\/build\/images\/image.f6e4c44d.png\" alt=\"Placeholder Image\" class=\"gutena-testimonial-image\"\/><\/div><div class=\"gutena-testimonial-details-content\"><div class=\"gutena-testimonial-name\"><span>LYDIA TOWSEY<\/span><\/div><div class=\"gutena-testimonial-title\"><span>Poet <em>The Venus Papers<\/em><\/span><\/div><\/div><\/div>\n<\/div><\/div>\n\n\n\n<div class=\"gutena-testimonial-slide\"><div class=\"wp-block-gutena-testimonial-item gutena-testimonial-item-block has-base-2-background-color has-background\" style=\"border-radius:5px\">\n\n\n\n\n<div class=\"wp-block-gutena-testimonial-text gutena-testimonial-text-block\"><div class=\"gutena-testimonial-text-content\">Following in the Latin American tradition but (dis)placed in contemporary Britain, Cynthia Rodr\u00edguez cleverly blurs the lines between playful kitsch, deadpan humour and lightning flashes of poetic revelation.<\/div><\/div>\n\n\n\n<div class=\"wp-block-gutena-testimonial-details gutena-testimonial-details-block image-side\"><div class=\"gutena-testimonial-details-image\"><img decoding=\"async\" src=\"https:\/\/cynthiarodriguez.org\/wp-content\/plugins\/gutena-testimonial\/build\/images\/image.f6e4c44d.png\" alt=\"Placeholder Image\" class=\"gutena-testimonial-image\"\/><\/div><div class=\"gutena-testimonial-details-content\"><div class=\"gutena-testimonial-name\"><span style=\"color:#9b45b2\">JUANA \u00c1DCOCK<\/span><\/div><div class=\"gutena-testimonial-title\"><span>Poet and translator <em>I Sugar the Bones<\/em> <\/span><\/div><\/div><\/div>\n<\/div><\/div>\n<\/div><\/div>\n<\/div>\n\n\n\n<div class=\"wp-block-buttons is-content-justification-center is-layout-flex wp-container-core-buttons-is-layout-a89b3969 wp-block-buttons-is-layout-flex\">\n<div class=\"wp-block-button\"><a class=\"wp-block-button__link has-text-align-center wp-element-button\">Buy <em>Meanwhile <\/em>from Burning Eye Books<\/a><\/div>\n<\/div>\n<\/div>","protected":false},"excerpt":{"rendered":"<p>Este es un libro sobre estar atrapado en el Mientrastanto. Caminando por viajes aparentemente perpetuos entre fronteras, g\u00e9neros, nacionalidades y estatus social. Como producto de la mezcla de razas, pero [&hellip;]<\/p>\n","protected":false},"author":1,"featured_media":0,"parent":0,"menu_order":0,"comment_status":"closed","ping_status":"closed","template":"page-no-title","meta":{"_EventAllDay":false,"_EventTimezone":"","_EventStartDate":"","_EventEndDate":"","_EventStartDateUTC":"","_EventEndDateUTC":"","_EventShowMap":false,"_EventShowMapLink":false,"_EventURL":"","_EventCost":"","_EventCostDescription":"","_EventCurrencySymbol":"","_EventCurrencyCode":"","_EventCurrencyPosition":"","_EventDateTimeSeparator":"","_EventTimeRangeSeparator":"","_EventOrganizerID":[],"_EventVenueID":[],"_OrganizerEmail":"","_OrganizerPhone":"","_OrganizerWebsite":"","_VenueAddress":"","_VenueCity":"","_VenueCountry":"","_VenueProvince":"","_VenueState":"","_VenueZip":"","_VenuePhone":"","_VenueURL":"","_VenueStateProvince":"","_VenueLat":"","_VenueLng":"","_VenueShowMap":false,"_VenueShowMapLink":false,"footnotes":""},"class_list":["post-4937","page","type-page","status-publish","hentry"],"jetpack_sharing_enabled":true,"jetpack-related-posts":[{"id":5534,"url":"https:\/\/cynthiarodriguez.org\/eng\/writing\/","url_meta":{"origin":4937,"position":0},"title":"Creative writing","author":"Cynthia","date":"5 September, 2021","format":false,"excerpt":"Llevo m\u00e1s de diez a\u00f1os escribiendo y compartiendo poes\u00eda, cuento, ensayo, canci\u00f3n y m\u00e1s. Me encanta experimentar con las posibilidades de la palabra escrita y hablada para compartir mi verdad y ayudar a otros a transmitir la suya. Algunos de los temas que exploro incluyen choque cultural y contracultural, ritos\u2026","rel":"","context":"Similar post","block_context":{"text":"Similar post","link":""},"img":{"alt_text":"","src":"https:\/\/cynthiarodriguez.org\/wp-content\/uploads\/2025\/07\/LLR23_edited.avif","width":350,"height":200,"srcset":"https:\/\/cynthiarodriguez.org\/wp-content\/uploads\/2025\/07\/LLR23_edited.avif 1x, https:\/\/cynthiarodriguez.org\/wp-content\/uploads\/2025\/07\/LLR23_edited.avif 1.5x"},"classes":[]},{"id":166835353,"url":"https:\/\/cynthiarodriguez.org\/eng\/cuerpo\/","url_meta":{"origin":4937,"position":1},"title":"Body","author":"Cynthia","date":"9 September, 2025","format":false,"excerpt":"Publicaciones y presentaciones de escritura creativa, poes\u00eda y comedia. Publicaciones Trabajos de poes\u00eda, ensayo personal y escritura creativa disponibles en formato de papel y\/o digital. Palabra hablada Poes\u00eda interpretada en escenarios internacionales de micr\u00f3fono abierto y presentaciones solistas y colectivas. Comedia Rutinas de stand-up comedy en M\u00e9xico, Reino Unido y\u2026","rel":"","context":"Similar post","block_context":{"text":"Similar post","link":""},"img":{"alt_text":"","src":"https:\/\/i0.wp.com\/cynthiarodriguez.org\/wp-content\/uploads\/2025\/07\/cynthia-rodriguez-juarez-word-poetry-e1754001073936.jpg?resize=350%2C200&ssl=1","width":350,"height":200},"classes":[]},{"id":600,"url":"https:\/\/cynthiarodriguez.org\/eng\/services\/","url_meta":{"origin":4937,"position":2},"title":"Services","author":"Cynthia","date":"25 November, 2012","format":false,"excerpt":"Writing Published poetry, essays and short stories through zines, websites and independent publishing houses. See Meanwhile (Burning Eye Books, 2020) for information on my debut poetry collection. Performance Experience performing on stage in a multidisciplinary manner, often mixing spoken word, music and visuals through collaboration. See video section for video\u2026","rel":"","context":"Similar post","block_context":{"text":"Similar post","link":""},"img":{"alt_text":"","src":"https:\/\/i0.wp.com\/cynthiarodriguez.org\/wp-content\/uploads\/2015\/08\/bafta-writer.jpg?resize=350%2C200&ssl=1","width":350,"height":200,"srcset":"https:\/\/i0.wp.com\/cynthiarodriguez.org\/wp-content\/uploads\/2015\/08\/bafta-writer.jpg?resize=350%2C200&ssl=1 1x, https:\/\/i0.wp.com\/cynthiarodriguez.org\/wp-content\/uploads\/2015\/08\/bafta-writer.jpg?resize=525%2C300&ssl=1 1.5x, https:\/\/i0.wp.com\/cynthiarodriguez.org\/wp-content\/uploads\/2015\/08\/bafta-writer.jpg?resize=700%2C400&ssl=1 2x, https:\/\/i0.wp.com\/cynthiarodriguez.org\/wp-content\/uploads\/2015\/08\/bafta-writer.jpg?resize=1050%2C600&ssl=1 3x"},"classes":[]}],"_links":{"self":[{"href":"https:\/\/cynthiarodriguez.org\/eng\/wp-json\/wp\/v2\/pages\/4937","targetHints":{"allow":["GET"]}}],"collection":[{"href":"https:\/\/cynthiarodriguez.org\/eng\/wp-json\/wp\/v2\/pages"}],"about":[{"href":"https:\/\/cynthiarodriguez.org\/eng\/wp-json\/wp\/v2\/types\/page"}],"author":[{"embeddable":true,"href":"https:\/\/cynthiarodriguez.org\/eng\/wp-json\/wp\/v2\/users\/1"}],"replies":[{"embeddable":true,"href":"https:\/\/cynthiarodriguez.org\/eng\/wp-json\/wp\/v2\/comments?post=4937"}],"version-history":[{"count":37,"href":"https:\/\/cynthiarodriguez.org\/eng\/wp-json\/wp\/v2\/pages\/4937\/revisions"}],"predecessor-version":[{"id":166835235,"href":"https:\/\/cynthiarodriguez.org\/eng\/wp-json\/wp\/v2\/pages\/4937\/revisions\/166835235"}],"wp:attachment":[{"href":"https:\/\/cynthiarodriguez.org\/eng\/wp-json\/wp\/v2\/media?parent=4937"}],"curies":[{"name":"wp","href":"https:\/\/api.w.org\/{rel}","templated":true}]}}