{"id":5570,"date":"2021-09-11T15:24:53","date_gmt":"2021-09-11T15:24:53","guid":{"rendered":"http:\/\/cynthiarodriguez.org\/?page_id=5570"},"modified":"2025-12-27T21:00:56","modified_gmt":"2025-12-27T21:00:56","slug":"about","status":"publish","type":"page","link":"https:\/\/cynthiarodriguez.org\/eng\/","title":{"rendered":""},"content":{"rendered":"<div class=\"wp-block-cover alignfull wp-duotone-duotone-1\" style=\"min-height:397px;aspect-ratio:unset;\"><img loading=\"lazy\" decoding=\"async\" width=\"472\" height=\"1024\" class=\"wp-block-cover__image-background wp-image-166834713 size-large\" alt=\"\" src=\"https:\/\/cynthiarodriguez.org\/wp-content\/uploads\/2025\/07\/perdones-472x1024.webp\" data-object-fit=\"cover\" srcset=\"https:\/\/cynthiarodriguez.org\/wp-content\/uploads\/2025\/07\/perdones-472x1024.webp 472w, https:\/\/cynthiarodriguez.org\/wp-content\/uploads\/2025\/07\/perdones-138x300.webp 138w, https:\/\/cynthiarodriguez.org\/wp-content\/uploads\/2025\/07\/perdones-768x1666.webp 768w, https:\/\/cynthiarodriguez.org\/wp-content\/uploads\/2025\/07\/perdones-708x1536.webp 708w, https:\/\/cynthiarodriguez.org\/wp-content\/uploads\/2025\/07\/perdones-944x2048.webp 944w, https:\/\/cynthiarodriguez.org\/wp-content\/uploads\/2025\/07\/perdones-6x12.webp 6w, https:\/\/cynthiarodriguez.org\/wp-content\/uploads\/2025\/07\/perdones-scaled.webp 1180w\" sizes=\"auto, (max-width: 472px) 100vw, 472px\" \/><span aria-hidden=\"true\" class=\"wp-block-cover__background has-background-dim-0 has-background-dim\" style=\"background-color:#847065\"><\/span><div class=\"wp-block-cover__inner-container is-layout-flow wp-block-cover-is-layout-flow\">\n<div class=\"wp-block-group alignfull has-global-padding is-layout-constrained wp-block-group-is-layout-constrained\">\n<p class=\"has-text-align-center is-style-all-caps has-small-font-size\">cynthia rodr\u00edguez ju\u00e1rez<\/p>\n\n\n\n<h1 class=\"wp-block-heading alignwide has-text-align-center\">Escritura y expresi\u00f3n creativa.<\/h1>\n<\/div>\n<\/div><\/div>\n\n\n\n<div class=\"wp-block-media-text is-stacked-on-mobile has-base-2-background-color has-background\"><figure class=\"wp-block-media-text__media\"><img loading=\"lazy\" decoding=\"async\" width=\"585\" height=\"526\" src=\"https:\/\/cynthiarodriguez.org\/wp-content\/uploads\/2025\/11\/hotpinkpixels-cyn03.jpg\" alt=\"\" class=\"wp-image-166835701 size-full\" srcset=\"https:\/\/cynthiarodriguez.org\/wp-content\/uploads\/2025\/11\/hotpinkpixels-cyn03.jpg 585w, https:\/\/cynthiarodriguez.org\/wp-content\/uploads\/2025\/11\/hotpinkpixels-cyn03-300x270.jpg 300w, https:\/\/cynthiarodriguez.org\/wp-content\/uploads\/2025\/11\/hotpinkpixels-cyn03-13x12.jpg 13w\" sizes=\"auto, (max-width: 585px) 100vw, 585px\" \/><\/figure><div class=\"wp-block-media-text__content\">\n<p>Hola, soy Cynthia. Me encanta escribir y compartir. Lo he hecho por m\u00e1s de una d\u00e9cada y quiero seguir haci\u00e9ndolo por mucho m\u00e1s tiempo. Aqu\u00ed comparto algo de lo que hago en publicaciones y escenarios.<\/p>\n<\/div><\/div>\n\n\n\n<div class=\"wp-block-query alignfull has-global-padding is-layout-constrained wp-block-query-is-layout-constrained\">\n<div class=\"wp-block-group alignwide is-layout-flow wp-block-group-is-layout-flow\">\n<h2 class=\"wp-block-heading has-text-align-center\"><strong>Do it for Her, the blog<\/strong><\/h2>\n\n\n<ul class=\"wp-block-latest-posts__list is-grid columns-3 has-dates wp-block-latest-posts\"><li><div class=\"wp-block-latest-posts__featured-image alignleft\"><a href=\"https:\/\/cynthiarodriguez.org\/eng\/2026\/03\/18\/simpatia-por-el-cucaracho\/\" aria-label=\"Simpat\u00eda por el cucaracho\"><img loading=\"lazy\" decoding=\"async\" width=\"150\" height=\"150\" src=\"https:\/\/cynthiarodriguez.org\/wp-content\/uploads\/2026\/03\/20260210_014223-150x150.jpg\" class=\"attachment-thumbnail size-thumbnail wp-post-image\" alt=\"\" style=\"\" \/><\/a><\/div><a class=\"wp-block-latest-posts__post-title\" href=\"https:\/\/cynthiarodriguez.org\/eng\/2026\/03\/18\/simpatia-por-el-cucaracho\/\">Simpat\u00eda por el cucaracho<\/a><time datetime=\"2026-03-18T23:24:34+00:00\" class=\"wp-block-latest-posts__post-date\">18 March, 2026<\/time><div class=\"wp-block-latest-posts__post-excerpt\">Gracias a mi gatita, logr\u00e9 superar una fobia.<\/div><\/li>\n<li><div class=\"wp-block-latest-posts__featured-image alignleft\"><a href=\"https:\/\/cynthiarodriguez.org\/eng\/2026\/03\/05\/adele-a-dell\/\" aria-label=\"Adele, a Dell\"><img loading=\"lazy\" decoding=\"async\" width=\"150\" height=\"150\" src=\"https:\/\/cynthiarodriguez.org\/wp-content\/uploads\/2026\/03\/20260304_191337-150x150.jpg\" class=\"attachment-thumbnail size-thumbnail wp-post-image\" alt=\"\" style=\"\" \/><\/a><\/div><a class=\"wp-block-latest-posts__post-title\" href=\"https:\/\/cynthiarodriguez.org\/eng\/2026\/03\/05\/adele-a-dell\/\">Adele, a Dell<\/a><time datetime=\"2026-03-05T01:29:42+00:00\" class=\"wp-block-latest-posts__post-date\">5 March, 2026<\/time><div class=\"wp-block-latest-posts__post-excerpt\">Un poema de vaporizaci\u00f3n a mi pantalla de trabajo, escrito en el taller &#8220;La Poes\u00eda es Cosa Seria&#8221; de Regina Roz\u00e9.<\/div><\/li>\n<li><a class=\"wp-block-latest-posts__post-title\" href=\"https:\/\/cynthiarodriguez.org\/eng\/2026\/02\/26\/no-conozco-los-nombres-de-los-perros-de-mis-vecinos\/\">No conozco los nombres de los perros de mis vecinos<\/a><time datetime=\"2026-02-26T02:10:52+00:00\" class=\"wp-block-latest-posts__post-date\">26 February, 2026<\/time><div class=\"wp-block-latest-posts__post-excerpt\">Un poema sobre la (falta de) conexi\u00f3n vecinal.<\/div><\/li>\n<li><div class=\"wp-block-latest-posts__featured-image alignleft\"><a href=\"https:\/\/cynthiarodriguez.org\/eng\/2026\/02\/21\/con-amor-kali\/\" aria-label=\"con amor, Kali\"><img loading=\"lazy\" decoding=\"async\" width=\"150\" height=\"150\" src=\"https:\/\/cynthiarodriguez.org\/wp-content\/uploads\/2026\/02\/20260214_180351-150x150.jpg\" class=\"attachment-thumbnail size-thumbnail wp-post-image\" alt=\"\" style=\"\" \/><\/a><\/div><a class=\"wp-block-latest-posts__post-title\" href=\"https:\/\/cynthiarodriguez.org\/eng\/2026\/02\/21\/con-amor-kali\/\">con amor, Kali<\/a><time datetime=\"2026-02-21T21:58:23+00:00\" class=\"wp-block-latest-posts__post-date\">21 February, 2026<\/time><div class=\"wp-block-latest-posts__post-excerpt\">Hay que proteger nuestra ternura a toda costa.<\/div><\/li>\n<li><div class=\"wp-block-latest-posts__featured-image alignleft\"><a href=\"https:\/\/cynthiarodriguez.org\/eng\/2025\/12\/15\/ultimo-headline-de-poesia-2025\/\" aria-label=\"Last poetry headline of the year\"><img loading=\"lazy\" decoding=\"async\" width=\"150\" height=\"150\" src=\"https:\/\/cynthiarodriguez.org\/wp-content\/uploads\/2025\/12\/cynthia-gm-03-150x150.jpg\" class=\"attachment-thumbnail size-thumbnail wp-post-image\" alt=\"\" style=\"\" \/><\/a><\/div><a class=\"wp-block-latest-posts__post-title\" href=\"https:\/\/cynthiarodriguez.org\/eng\/2025\/12\/15\/ultimo-headline-de-poesia-2025\/\">Last poetry headline of the year<\/a><time datetime=\"2025-12-15T16:09:54+00:00\" class=\"wp-block-latest-posts__post-date\">15 December, 2025<\/time><div class=\"wp-block-latest-posts__post-excerpt\">As\u00ed me desped\u00ed de la poes\u00eda en vivo en Reino Unido por ahora.<\/div><\/li>\n<li><div class=\"wp-block-latest-posts__featured-image alignleft\"><a href=\"https:\/\/cynthiarodriguez.org\/eng\/2025\/11\/24\/estoy-rehabitando-y-amando-la-liminalidad\/\" aria-label=\"I&#039;m reinhabiting and loving liminality\"><img loading=\"lazy\" decoding=\"async\" width=\"150\" height=\"150\" src=\"https:\/\/cynthiarodriguez.org\/wp-content\/uploads\/2025\/11\/pingk-leicester-the-y-november-2025-cynthia-rodriguez-juarez-01-150x150.jpg\" class=\"attachment-thumbnail size-thumbnail wp-post-image\" alt=\"\" style=\"\" \/><\/a><\/div><a class=\"wp-block-latest-posts__post-title\" href=\"https:\/\/cynthiarodriguez.org\/eng\/2025\/11\/24\/estoy-rehabitando-y-amando-la-liminalidad\/\">I'm reinhabiting and loving liminality<\/a><time datetime=\"2025-11-24T21:20:50+00:00\" class=\"wp-block-latest-posts__post-date\">24 November, 2025<\/time><div class=\"wp-block-latest-posts__post-excerpt\">Mi presentaci\u00f3n de poes\u00eda en Pinggg&#8230;K! y la liminalidad en la que todos convivimos hoy y siempre.<\/div><\/li>\n<\/ul>\n\n\n<div class=\"wp-block-buttons is-content-justification-center is-layout-flex wp-container-core-buttons-is-layout-a89b3969 wp-block-buttons-is-layout-flex\">\n<div class=\"wp-block-button\"><a class=\"wp-block-button__link has-text-align-center wp-element-button\" href=\"https:\/\/cynthiarodriguez.org\/eng\/hazlo-por-ella\/\">Read more on Do it for Her<\/a><\/div>\n<\/div>\n\n\n<div class=\"wp-block-jetpack-contact-form is-layout-flex wp-container-jetpack-contact-form-is-layout-2b4208ba wp-block-jetpack-contact-form-is-layout-flex\"><a href=\"https:\/\/cynthiarodriguez.org\/eng\/\" target=\"_blank\" rel=\"noopener noreferrer\">Submit a form.<\/a><\/div>\n\n\n<div class=\"wp-block-group alignwide has-global-padding is-layout-constrained wp-block-group-is-layout-constrained\">\n<h3 class=\"wp-block-heading alignwide has-text-align-center\"><strong>Upcoming events<\/strong><\/h3>\n\n\n\n<script data-js='tribe-events-view-nonce-data' type='application\/json'>{\"tvn1\":\"0959716ae4\",\"tvn2\":\"\"}<\/script>\n<\/div>\n<\/div>\n<\/div>\n\n\n\n<div class=\"wp-block-columns has-base-2-background-color has-background is-layout-flex wp-container-core-columns-is-layout-28f84493 wp-block-columns-is-layout-flex\">\n<div class=\"wp-block-column is-layout-flow wp-block-column-is-layout-flow\" style=\"flex-basis:50%\">\n<div class=\"wp-block-cover aligncenter is-light\"><span aria-hidden=\"true\" class=\"wp-block-cover__background has-background-dim-100 has-background-dim\" style=\"background-color:#f6f6f6\"><\/span><div class=\"wp-block-cover__inner-container is-layout-flow wp-block-cover-is-layout-flow\">\n<figure class=\"wp-block-image aligncenter size-medium is-resized\"><img loading=\"lazy\" decoding=\"async\" width=\"169\" height=\"300\" src=\"https:\/\/cynthiarodriguez.org\/wp-content\/uploads\/2025\/07\/e8b0aa7b-f693-41af-b0a5-1b2eced29c3c_4000x2252-169x300.jpeg\" alt=\"\" class=\"wp-image-166834925\" style=\"width:234px;height:auto\" srcset=\"https:\/\/cynthiarodriguez.org\/wp-content\/uploads\/2025\/07\/e8b0aa7b-f693-41af-b0a5-1b2eced29c3c_4000x2252-169x300.jpeg 169w, https:\/\/cynthiarodriguez.org\/wp-content\/uploads\/2025\/07\/e8b0aa7b-f693-41af-b0a5-1b2eced29c3c_4000x2252-577x1024.jpeg 577w, https:\/\/cynthiarodriguez.org\/wp-content\/uploads\/2025\/07\/e8b0aa7b-f693-41af-b0a5-1b2eced29c3c_4000x2252-768x1364.jpeg 768w, https:\/\/cynthiarodriguez.org\/wp-content\/uploads\/2025\/07\/e8b0aa7b-f693-41af-b0a5-1b2eced29c3c_4000x2252-865x1536.jpeg 865w, https:\/\/cynthiarodriguez.org\/wp-content\/uploads\/2025\/07\/e8b0aa7b-f693-41af-b0a5-1b2eced29c3c_4000x2252-1153x2048.jpeg 1153w, https:\/\/cynthiarodriguez.org\/wp-content\/uploads\/2025\/07\/e8b0aa7b-f693-41af-b0a5-1b2eced29c3c_4000x2252-7x12.jpeg 7w, https:\/\/cynthiarodriguez.org\/wp-content\/uploads\/2025\/07\/e8b0aa7b-f693-41af-b0a5-1b2eced29c3c_4000x2252-scaled.jpeg 1441w\" sizes=\"auto, (max-width: 169px) 100vw, 169px\" \/><\/figure>\n<\/div><\/div>\n<\/div>\n\n\n\n<div class=\"wp-block-column is-vertically-aligned-top is-layout-flow wp-block-column-is-layout-flow\" style=\"padding-top:1em;padding-right:1em;padding-bottom:1em;padding-left:1em\">\n<div class=\"wp-block-columns is-layout-flex wp-container-core-columns-is-layout-28f84493 wp-block-columns-is-layout-flex\">\n<div class=\"wp-block-column is-layout-flow wp-block-column-is-layout-flow\" style=\"flex-basis:320px\">\n<h3 class=\"wp-block-heading\"><strong>Note from the webmaster <\/strong><br><strong>(that is, me)<\/strong><\/h3>\n\n\n\n<p>This page, just like the rest of the website, is in constant development. I will soon add translations, events calendar, presentation videos, reviews\/testimonials, shopping, and more.<\/p>\n<\/div>\n<\/div>\n<\/div>\n<\/div>","protected":false},"excerpt":{"rendered":"<p>Hola, soy Cynthia. Me encanta escribir y compartir. Lo he hecho por m\u00e1s de una d\u00e9cada y quiero seguir haci\u00e9ndolo por mucho m\u00e1s tiempo. Aqu\u00ed comparto algo de lo que [&hellip;]<\/p>\n","protected":false},"author":1,"featured_media":0,"parent":0,"menu_order":0,"comment_status":"closed","ping_status":"closed","template":"page-no-title","meta":{"_EventAllDay":false,"_EventTimezone":"","_EventStartDate":"","_EventEndDate":"","_EventStartDateUTC":"","_EventEndDateUTC":"","_EventShowMap":false,"_EventShowMapLink":false,"_EventURL":"","_EventCost":"","_EventCostDescription":"","_EventCurrencySymbol":"","_EventCurrencyCode":"","_EventCurrencyPosition":"","_EventDateTimeSeparator":"","_EventTimeRangeSeparator":"","_EventOrganizerID":[],"_EventVenueID":[],"_OrganizerEmail":"","_OrganizerPhone":"","_OrganizerWebsite":"","_VenueAddress":"","_VenueCity":"","_VenueCountry":"","_VenueProvince":"","_VenueState":"","_VenueZip":"","_VenuePhone":"","_VenueURL":"","_VenueStateProvince":"","_VenueLat":"","_VenueLng":"","_VenueShowMap":false,"_VenueShowMapLink":false,"footnotes":""},"class_list":["post-5570","page","type-page","status-publish","hentry"],"jetpack_sharing_enabled":true,"jetpack-related-posts":[],"_links":{"self":[{"href":"https:\/\/cynthiarodriguez.org\/eng\/wp-json\/wp\/v2\/pages\/5570","targetHints":{"allow":["GET"]}}],"collection":[{"href":"https:\/\/cynthiarodriguez.org\/eng\/wp-json\/wp\/v2\/pages"}],"about":[{"href":"https:\/\/cynthiarodriguez.org\/eng\/wp-json\/wp\/v2\/types\/page"}],"author":[{"embeddable":true,"href":"https:\/\/cynthiarodriguez.org\/eng\/wp-json\/wp\/v2\/users\/1"}],"replies":[{"embeddable":true,"href":"https:\/\/cynthiarodriguez.org\/eng\/wp-json\/wp\/v2\/comments?post=5570"}],"version-history":[{"count":44,"href":"https:\/\/cynthiarodriguez.org\/eng\/wp-json\/wp\/v2\/pages\/5570\/revisions"}],"predecessor-version":[{"id":166835756,"href":"https:\/\/cynthiarodriguez.org\/eng\/wp-json\/wp\/v2\/pages\/5570\/revisions\/166835756"}],"wp:attachment":[{"href":"https:\/\/cynthiarodriguez.org\/eng\/wp-json\/wp\/v2\/media?parent=5570"}],"curies":[{"name":"wp","href":"https:\/\/api.w.org\/{rel}","templated":true}]}}