{"id":600,"date":"2012-11-25T14:23:13","date_gmt":"2012-11-25T14:23:13","guid":{"rendered":"http:\/\/www.cynthiaescribe.com\/?page_id=600"},"modified":"2021-09-17T01:37:58","modified_gmt":"2021-09-17T01:37:58","slug":"services","status":"publish","type":"page","link":"https:\/\/cynthiarodriguez.org\/eng\/services\/","title":{"rendered":"Services"},"content":{"rendered":"<div class=\"wp-block-group has-black-color has-white-background-color has-text-color has-background is-layout-flow wp-block-group-is-layout-flow\">\n<div class=\"wp-block-columns is-layout-flex wp-container-core-columns-is-layout-28f84493 wp-block-columns-is-layout-flex\">\n<div class=\"wp-block-column is-layout-flow wp-block-column-is-layout-flow\" style=\"flex-basis:100%\">\n<div class=\"wp-block-media-text is-stacked-on-mobile\" style=\"grid-template-columns:40% auto\"><figure class=\"wp-block-media-text__media\"><img loading=\"lazy\" decoding=\"async\" width=\"1080\" height=\"1080\" src=\"http:\/\/cynthiarodriguez.org\/wp-content\/uploads\/2015\/08\/bafta-writer.jpg\" alt=\"\" class=\"wp-image-3116 size-full\" srcset=\"https:\/\/cynthiarodriguez.org\/wp-content\/uploads\/2015\/08\/bafta-writer.jpg 1080w, https:\/\/cynthiarodriguez.org\/wp-content\/uploads\/2015\/08\/bafta-writer-300x300.jpg 300w, https:\/\/cynthiarodriguez.org\/wp-content\/uploads\/2015\/08\/bafta-writer-1024x1024.jpg 1024w, https:\/\/cynthiarodriguez.org\/wp-content\/uploads\/2015\/08\/bafta-writer-150x150.jpg 150w, https:\/\/cynthiarodriguez.org\/wp-content\/uploads\/2015\/08\/bafta-writer-768x768.jpg 768w\" sizes=\"auto, (max-width: 1080px) 100vw, 1080px\" \/><\/figure><div class=\"wp-block-media-text__content\">\n<h2 class=\"wp-block-heading\">Writing<\/h2>\n\n\n\n<p class=\"has-medium-font-size\">Published poetry, essays and short stories through zines, websites and independent publishing houses. See <em><a href=\"https:\/\/burningeyebooks.wordpress.com\/2020\/10\/08\/new-title-meanwhile-by-cynthia-rodriguez\/\" data-type=\"URL\" data-id=\"https:\/\/burningeyebooks.wordpress.com\/2020\/10\/08\/new-title-meanwhile-by-cynthia-rodriguez\/\" target=\"_blank\" rel=\"noreferrer noopener\">Meanwhile<\/a><\/em> (Burning Eye Books, 2020) for information on my debut poetry collection.<\/p>\n<\/div><\/div>\n\n\n\n<hr class=\"wp-block-separator is-style-wide\"\/>\n\n\n\n<div class=\"wp-block-media-text is-stacked-on-mobile\" style=\"grid-template-columns:40% auto\"><figure class=\"wp-block-media-text__media\"><img loading=\"lazy\" decoding=\"async\" width=\"1080\" height=\"1080\" src=\"http:\/\/cynthiarodriguez.org\/wp-content\/uploads\/2017\/02\/15585377_10157946572750343_5949640027500837087_o.jpg\" alt=\"\" class=\"wp-image-3790 size-full\" srcset=\"https:\/\/cynthiarodriguez.org\/wp-content\/uploads\/2017\/02\/15585377_10157946572750343_5949640027500837087_o.jpg 1080w, https:\/\/cynthiarodriguez.org\/wp-content\/uploads\/2017\/02\/15585377_10157946572750343_5949640027500837087_o-300x300.jpg 300w, https:\/\/cynthiarodriguez.org\/wp-content\/uploads\/2017\/02\/15585377_10157946572750343_5949640027500837087_o-1024x1024.jpg 1024w, https:\/\/cynthiarodriguez.org\/wp-content\/uploads\/2017\/02\/15585377_10157946572750343_5949640027500837087_o-150x150.jpg 150w, https:\/\/cynthiarodriguez.org\/wp-content\/uploads\/2017\/02\/15585377_10157946572750343_5949640027500837087_o-768x768.jpg 768w\" sizes=\"auto, (max-width: 1080px) 100vw, 1080px\" \/><\/figure><div class=\"wp-block-media-text__content\">\n<h2 class=\"wp-block-heading\">Performance<\/h2>\n\n\n\n<p class=\"has-medium-font-size\">Experience performing on stage in a multidisciplinary manner, often mixing spoken word, music and visuals through collaboration. See <a href=\"http:\/\/cynthiarodriguez.org\/eng\/video\/\" data-type=\"page\" data-id=\"3703\">video<\/a> section for video samples on stage, film and for remote viewing.<\/p>\n<\/div><\/div>\n\n\n\n<hr class=\"wp-block-separator is-style-wide\"\/>\n\n\n\n<div class=\"wp-block-media-text is-stacked-on-mobile\" style=\"grid-template-columns:40% auto\"><figure class=\"wp-block-media-text__media\"><img loading=\"lazy\" decoding=\"async\" width=\"1024\" height=\"576\" src=\"http:\/\/cynthiarodriguez.org\/wp-content\/uploads\/2017\/02\/16665812_10158302467865717_69072964619436728_o-1024x576.jpg\" alt=\"\" class=\"wp-image-3785 size-thumbnail\" srcset=\"https:\/\/cynthiarodriguez.org\/wp-content\/uploads\/2017\/02\/16665812_10158302467865717_69072964619436728_o-1024x576.jpg 1024w, https:\/\/cynthiarodriguez.org\/wp-content\/uploads\/2017\/02\/16665812_10158302467865717_69072964619436728_o-300x169.jpg 300w, https:\/\/cynthiarodriguez.org\/wp-content\/uploads\/2017\/02\/16665812_10158302467865717_69072964619436728_o-768x432.jpg 768w, https:\/\/cynthiarodriguez.org\/wp-content\/uploads\/2017\/02\/16665812_10158302467865717_69072964619436728_o.jpg 1440w\" sizes=\"auto, (max-width: 1024px) 100vw, 1024px\" \/><\/figure><div class=\"wp-block-media-text__content\">\n<h2 class=\"wp-block-heading\">Workshops<\/h2>\n\n\n\n<p class=\"has-medium-font-size\">Creative writing workshop facilitation for teenagers, adults and pensioners, focused on underprivileged groups such as migrants, speakers of English as a Second Language, and members of the LGBTQ+ community.<\/p>\n<\/div><\/div>\n\n\n\n<hr class=\"wp-block-separator is-style-wide\"\/>\n\n\n\n<div class=\"wp-block-media-text is-stacked-on-mobile\" style=\"grid-template-columns:40% auto\"><figure class=\"wp-block-media-text__media\"><img loading=\"lazy\" decoding=\"async\" width=\"1507\" height=\"1843\" src=\"http:\/\/cynthiarodriguez.org\/wp-content\/uploads\/2021\/02\/bustle1cut.jpg\" alt=\"Cynthia looking away and laughing, wearing a purple salamander dress.\" class=\"wp-image-5276 size-full\" srcset=\"https:\/\/cynthiarodriguez.org\/wp-content\/uploads\/2021\/02\/bustle1cut.jpg 1507w, https:\/\/cynthiarodriguez.org\/wp-content\/uploads\/2021\/02\/bustle1cut-245x300.jpg 245w, https:\/\/cynthiarodriguez.org\/wp-content\/uploads\/2021\/02\/bustle1cut-837x1024.jpg 837w, https:\/\/cynthiarodriguez.org\/wp-content\/uploads\/2021\/02\/bustle1cut-768x939.jpg 768w, https:\/\/cynthiarodriguez.org\/wp-content\/uploads\/2021\/02\/bustle1cut-1256x1536.jpg 1256w\" sizes=\"auto, (max-width: 1507px) 100vw, 1507px\" \/><\/figure><div class=\"wp-block-media-text__content\">\n<h2 class=\"wp-block-heading\">More<\/h2>\n\n\n\n<p class=\"has-medium-font-size\">Available for podcasts, recordings, panel talks and interviews in print and online. Subjects include liminality, migration, grassroots community events, soft power, intersectionality and body liberation. See <a href=\"http:\/\/cynthiarodriguez.org\/eng\/press\/\" data-type=\"page\" data-id=\"3805\">press<\/a> section for examples.<\/p>\n<\/div><\/div>\n\n\n\n<hr class=\"wp-block-separator is-style-wide\"\/>\n\n\n\n<div class=\"wp-block-buttons is-content-justification-center is-layout-flex wp-block-buttons-is-layout-flex\">\n<div class=\"wp-block-button\"><a class=\"wp-block-button__link\" href=\"mailto:cynthia@cynthiarodriguez.org\">CONTACT CYNTHIA<\/a><\/div>\n<\/div>\n\n\n\n<p class=\"has-text-align-left has-large-font-size\">Currently prioritising paid opportunities. <br>The use of this email address is exclusively for professional matters.<\/p>\n<\/div>\n<\/div>\n<\/div>","protected":false},"excerpt":{"rendered":"<p>Writing Published poetry, essays and short stories through zines, websites and independent publishing houses. See Meanwhile (Burning Eye Books, 2020) for information on my debut poetry collection. Performance Experience performing [&hellip;]<\/p>\n","protected":false},"author":1,"featured_media":0,"parent":0,"menu_order":0,"comment_status":"closed","ping_status":"closed","template":"","meta":{"_EventAllDay":false,"_EventTimezone":"","_EventStartDate":"","_EventEndDate":"","_EventStartDateUTC":"","_EventEndDateUTC":"","_EventShowMap":false,"_EventShowMapLink":false,"_EventURL":"","_EventCost":"","_EventCostDescription":"","_EventCurrencySymbol":"","_EventCurrencyCode":"","_EventCurrencyPosition":"","_EventDateTimeSeparator":"","_EventTimeRangeSeparator":"","_EventOrganizerID":[],"_EventVenueID":[],"_OrganizerEmail":"","_OrganizerPhone":"","_OrganizerWebsite":"","_VenueAddress":"","_VenueCity":"","_VenueCountry":"","_VenueProvince":"","_VenueState":"","_VenueZip":"","_VenuePhone":"","_VenueURL":"","_VenueStateProvince":"","_VenueLat":"","_VenueLng":"","_VenueShowMap":false,"_VenueShowMapLink":false,"footnotes":""},"class_list":["post-600","page","type-page","status-publish","hentry"],"jetpack_sharing_enabled":false,"jetpack-related-posts":[{"id":3703,"url":"https:\/\/cynthiarodriguez.org\/eng\/video\/","url_meta":{"origin":600,"position":0},"title":"Video","author":"Cynthia","date":"13 February, 2017","format":false,"excerpt":"https:\/\/youtu.be\/B10PjxvAXHM \"To the Languages Within Us\"Written for Gobs Poetry Showcase and Notts TV. March 2021.Footage from Pexels Video, Videvo and Pixabay.Edited on Pinnacle Studio 24 and recorded on Audacity. https:\/\/youtu.be\/U_0SrTk2mns \"Cladding\"Poem written as a blackout exercise at Gobs Collective.Film produced at Gobs Poetry Film Masterclass led by Rebecca Goldsmith, February\u2026","rel":"","context":"Similar post","block_context":{"text":"Similar post","link":""},"img":{"alt_text":"","src":"https:\/\/i0.wp.com\/img.youtube.com\/vi\/B10PjxvAXHM\/0.jpg?resize=350%2C200","width":350,"height":200},"classes":[]},{"id":5534,"url":"https:\/\/cynthiarodriguez.org\/eng\/writing\/","url_meta":{"origin":600,"position":1},"title":"Creative writing","author":"Cynthia","date":"5 September, 2021","format":false,"excerpt":"Llevo m\u00e1s de diez a\u00f1os escribiendo y compartiendo poes\u00eda, cuento, ensayo, canci\u00f3n y m\u00e1s. Me encanta experimentar con las posibilidades de la palabra escrita y hablada para compartir mi verdad y ayudar a otros a transmitir la suya. Algunos de los temas que exploro incluyen choque cultural y contracultural, ritos\u2026","rel":"","context":"Similar post","block_context":{"text":"Similar post","link":""},"img":{"alt_text":"","src":"https:\/\/cynthiarodriguez.org\/wp-content\/uploads\/2025\/07\/LLR23_edited.avif","width":350,"height":200,"srcset":"https:\/\/cynthiarodriguez.org\/wp-content\/uploads\/2025\/07\/LLR23_edited.avif 1x, https:\/\/cynthiarodriguez.org\/wp-content\/uploads\/2025\/07\/LLR23_edited.avif 1.5x"},"classes":[]},{"id":3805,"url":"https:\/\/cynthiarodriguez.org\/eng\/press\/","url_meta":{"origin":600,"position":2},"title":"Press","author":"Cynthia","date":"16 March, 2017","format":false,"excerpt":"Art\u00edculos, entrevistas y rese\u00f1as Por El Arte de Aprender (2021) Cynthia Rodr\u00edguez Ju\u00e1rez, Museo Virtual. 21 Julio. Bertie Gmaj (2021) Cynthia Rodr\u00edguez Ju\u00e1rez, Fourth Floor. 5 Abril. Nikita Gil (2021) \u201cPoets are witnesses...\u201d, Jhalak Prize - Books We Love. 6 Enero. Oli Page (2020) Cynthia Rodriguez, Eye on Leicester. 22\u2026","rel":"","context":"Similar post","block_context":{"text":"Similar post","link":""},"img":{"alt_text":"","src":"https:\/\/i0.wp.com\/cynthiarodriguez.org\/wp-content\/uploads\/2021\/10\/por-el-arte-de-aprender.png?resize=350%2C200&ssl=1","width":350,"height":200,"srcset":"https:\/\/i0.wp.com\/cynthiarodriguez.org\/wp-content\/uploads\/2021\/10\/por-el-arte-de-aprender.png?resize=350%2C200&ssl=1 1x, https:\/\/i0.wp.com\/cynthiarodriguez.org\/wp-content\/uploads\/2021\/10\/por-el-arte-de-aprender.png?resize=525%2C300&ssl=1 1.5x, https:\/\/i0.wp.com\/cynthiarodriguez.org\/wp-content\/uploads\/2021\/10\/por-el-arte-de-aprender.png?resize=700%2C400&ssl=1 2x"},"classes":[]},{"id":4937,"url":"https:\/\/cynthiarodriguez.org\/eng\/meanwhile\/","url_meta":{"origin":600,"position":3},"title":"Meanwhile","author":"Cynthia","date":"12 February, 2021","format":false,"excerpt":"Meanwhile (2020) El primer poemario de Cynthia Rodr\u00edguez Ju\u00e1rez. Disponible ahora en Burning Eye Books. Comprar Meanwhile de Burning Eye Books Este es un libro sobre estar atrapado en el Mientrastanto. Caminando por viajes aparentemente perpetuos entre fronteras, g\u00e9neros, nacionalidades y estatus social. Como producto de la mezcla de razas,\u2026","rel":"","context":"Similar post","block_context":{"text":"Similar post","link":""},"img":{"alt_text":"Cover for the book Meanwhile, by Cynthia Rodr\u00edguez. Its background is a collage in red, with the title and author's name in white letters on a green backdrop.","src":"https:\/\/i0.wp.com\/cynthiarodriguez.org\/wp-content\/uploads\/2020\/07\/meanwhile-cover.jpg?resize=350%2C200&ssl=1","width":350,"height":200,"srcset":"https:\/\/i0.wp.com\/cynthiarodriguez.org\/wp-content\/uploads\/2020\/07\/meanwhile-cover.jpg?resize=350%2C200&ssl=1 1x, https:\/\/i0.wp.com\/cynthiarodriguez.org\/wp-content\/uploads\/2020\/07\/meanwhile-cover.jpg?resize=525%2C300&ssl=1 1.5x, https:\/\/i0.wp.com\/cynthiarodriguez.org\/wp-content\/uploads\/2020\/07\/meanwhile-cover.jpg?resize=700%2C400&ssl=1 2x, https:\/\/i0.wp.com\/cynthiarodriguez.org\/wp-content\/uploads\/2020\/07\/meanwhile-cover.jpg?resize=1050%2C600&ssl=1 3x, https:\/\/i0.wp.com\/cynthiarodriguez.org\/wp-content\/uploads\/2020\/07\/meanwhile-cover.jpg?resize=1400%2C800&ssl=1 4x"},"classes":[]}],"_links":{"self":[{"href":"https:\/\/cynthiarodriguez.org\/eng\/wp-json\/wp\/v2\/pages\/600","targetHints":{"allow":["GET"]}}],"collection":[{"href":"https:\/\/cynthiarodriguez.org\/eng\/wp-json\/wp\/v2\/pages"}],"about":[{"href":"https:\/\/cynthiarodriguez.org\/eng\/wp-json\/wp\/v2\/types\/page"}],"author":[{"embeddable":true,"href":"https:\/\/cynthiarodriguez.org\/eng\/wp-json\/wp\/v2\/users\/1"}],"replies":[{"embeddable":true,"href":"https:\/\/cynthiarodriguez.org\/eng\/wp-json\/wp\/v2\/comments?post=600"}],"version-history":[{"count":7,"href":"https:\/\/cynthiarodriguez.org\/eng\/wp-json\/wp\/v2\/pages\/600\/revisions"}],"predecessor-version":[{"id":5850,"href":"https:\/\/cynthiarodriguez.org\/eng\/wp-json\/wp\/v2\/pages\/600\/revisions\/5850"}],"wp:attachment":[{"href":"https:\/\/cynthiarodriguez.org\/eng\/wp-json\/wp\/v2\/media?parent=600"}],"curies":[{"name":"wp","href":"https:\/\/api.w.org\/{rel}","templated":true}]}}